{"id":12679,"date":"2024-11-18T10:05:27","date_gmt":"2024-11-18T08:05:27","guid":{"rendered":"https:\/\/kareliabiosphere.fi\/?page_id=12679"},"modified":"2025-12-29T17:42:44","modified_gmt":"2025-12-29T15:42:44","slug":"kestavatkylat","status":"publish","type":"page","link":"https:\/\/kareliabiosphere.fi\/en\/toiminta\/hankkeet\/kestavatkylat\/","title":{"rendered":"Sustainable Villages project"},"content":{"rendered":"<div data-elementor-type=\"wp-page\" data-elementor-id=\"12679\" class=\"elementor elementor-12679\">\n\t\t\t\t\t\t<section class=\"elementor-section elementor-top-section elementor-element elementor-element-f3842d7 elementor-section-boxed elementor-section-height-default elementor-section-height-default\" data-id=\"f3842d7\" data-element_type=\"section\" data-e-type=\"section\">\n\t\t\t\t\t\t<div class=\"elementor-container elementor-column-gap-default\">\n\t\t\t\t\t<div class=\"elementor-column elementor-col-100 elementor-top-column elementor-element elementor-element-6b05921\" data-id=\"6b05921\" data-element_type=\"column\" data-e-type=\"column\">\n\t\t\t<div class=\"elementor-widget-wrap elementor-element-populated\">\n\t\t\t\t\t\t<div class=\"elementor-element elementor-element-e56c922 elementor-widget-divider--view-line_icon elementor-view-default elementor-widget-divider--element-align-center elementor-widget elementor-widget-divider\" data-id=\"e56c922\" data-element_type=\"widget\" data-e-type=\"widget\" data-widget_type=\"divider.default\">\n\t\t\t\t<div class=\"elementor-widget-container\">\n\t\t\t\t\t\t\t<div class=\"elementor-divider\">\n\t\t\t<span class=\"elementor-divider-separator\">\n\t\t\t\t\t\t\t<div class=\"elementor-icon elementor-divider__element\">\n\t\t\t\t\t<svg xmlns=\"http:\/\/www.w3.org\/2000\/svg\" xmlns:xlink=\"http:\/\/www.w3.org\/1999\/xlink\" id=\"Layer_1\" x=\"0px\" y=\"0px\" viewbox=\"0 0 435 641\" style=\"enable-background:new 0 0 435 641;\" xml:space=\"preserve\"><style type=\"text\/css\">\t.st0{fill:#44AA00;stroke:#44AA00;stroke-width:0.3;stroke-linecap:round;stroke-linejoin:round;}\t.st1{fill:#225500;stroke:#44AA00;stroke-width:0.3;stroke-linecap:round;stroke-linejoin:round;}<\/style><g id=\"g5955\" transform=\"matrix(.25282 0 0 .25282 111.22 499.31)\">\t<path id=\"path5957\" class=\"st0\" d=\"M939.81-830.58c-50.64,57.54-532.76,32.09-605.49,32.1c-52.82,0-424.77,23.88-439.23-32.1   c-19.91-77.08,241.15-524.33,277.51-593.74c26.41-50.4,193.62-417.21,244.85-403.02c70.55,19.54,291.61,492.24,327.98,561.65   C771.84-1215.3,976.57-872.37,939.81-830.58L939.81-830.58z\"><\/path>\t<path id=\"path5959\" class=\"st0\" d=\"M939.81-387.32c-50.64,57.54-532.76,32.09-605.49,32.1c-52.82,0-424.77,23.88-439.23-32.1   c-19.91-77.08,241.15-524.33,277.51-593.74c26.41-50.4,193.62-417.21,244.85-403.02c70.55,19.54,291.61,492.24,327.98,561.65   C771.84-772.04,976.57-429.11,939.81-387.32L939.81-387.32z\"><\/path>\t<path id=\"path5961\" class=\"st1\" d=\"M431.4-109.48c63.97,0,73.9,56.73,73.9,127.2l41.57,356.18c0,70.47-51.5,127.2-115.46,127.2   c-63.97,0-115.46-56.73-115.46-127.2L357.5,17.73C357.5-52.75,367.43-109.48,431.4-109.48L431.4-109.48z\"><\/path>\t<path id=\"path5963\" class=\"st0\" d=\"M939.81-24.65C889.18,32.88,407.05,7.44,334.32,7.44c-52.82,0-424.77,23.88-439.23-32.1   c-19.91-77.08,241.15-524.33,277.51-593.74c26.41-50.4,193.62-417.21,244.85-403.02c70.55,19.54,291.61,492.24,327.98,561.65   C771.84-409.38,976.57-66.44,939.81-24.65L939.81-24.65z\"><\/path><\/g><\/svg><\/div>\n\t\t\t\t\t\t<\/span>\n\t\t<\/div>\n\t\t\t\t\t\t<\/div>\n\t\t\t\t<\/div>\n\t\t\t\t\t<\/div>\n\t\t<\/div>\n\t\t\t\t\t<\/div>\n\t\t<\/section>\n\t\t\t\t<section class=\"elementor-section elementor-top-section elementor-element elementor-element-136621d elementor-section-boxed elementor-section-height-default elementor-section-height-default\" data-id=\"136621d\" data-element_type=\"section\" data-e-type=\"section\">\n\t\t\t\t\t\t<div class=\"elementor-container elementor-column-gap-default\">\n\t\t\t\t\t<div class=\"elementor-column elementor-col-50 elementor-top-column elementor-element elementor-element-74ce1c8\" data-id=\"74ce1c8\" data-element_type=\"column\" data-e-type=\"column\">\n\t\t\t<div class=\"elementor-widget-wrap elementor-element-populated\">\n\t\t\t\t\t\t<div class=\"elementor-element elementor-element-59a7fcb elementor-widget elementor-widget-heading\" data-id=\"59a7fcb\" data-element_type=\"widget\" data-e-type=\"widget\" data-widget_type=\"heading.default\">\n\t\t\t\t<div class=\"elementor-widget-container\">\n\t\t\t\t\t<h2 class=\"elementor-heading-title elementor-size-default\">Sustainable villages of North Karelia -project<\/h2>\t\t\t\t<\/div>\n\t\t\t\t<\/div>\n\t\t\t\t<div class=\"elementor-element elementor-element-cb6ddc7 elementor-widget elementor-widget-text-editor\" data-id=\"cb6ddc7\" data-element_type=\"widget\" data-e-type=\"widget\" data-widget_type=\"text-editor.default\">\n\t\t\t\t<div class=\"elementor-widget-container\">\n\t\t\t\t\t\t\t\t\t<div>There are currently three Sustainable Villages projects underway in North Karelia. The projects are funded by Leader funding through Vaara-Karjala Leader ry, Joensuu Region Leader ry, and Keski-Karjala Jetina ry. The project area covers the entire region. The projects are lead by The Association for Rural Culture and Education.<\/div><div>\u00a0<\/div><div>\u00a0<\/div><p><strong>The goal of the Sustainable Villages initiatives is to create environmentally wise and sustainable village communities in rural areas.<\/strong><\/p><div>\u00a0<\/div><div>The aim of the projects for the years 2024 \u2013 2026 is to get at least 50 villages or other rural communities to participate in the planning and implementation of concrete environmental actions. Villages are also encouraged and assisted in preparing new environmental projects and applying for funding. The Sustainable Villages projects in North Karelia are implemented in close cooperation with various partners, including the North Karelia Biosphere Reserve.\u00a0<\/div><div>kanssa.\u00a0<\/div><div>\u00a0<\/div><div><p><strong>Sustainable villages in Vaara-Karjala<\/strong><\/p><p>Ilomantsi, Juuka, Nurmes and Lieksa. 1.1.2024-31.12.2026<\/p><p><strong>Sustainable villages in Joensuu region<\/strong><\/p><p>Hein\u00e4vesi, Joensuu rural areas including Tuupovaara, Kontiolahti, Liperi, Outokumpu ja Polvij\u00e4rvi. 31.1.2024 \u2013 31.12.2026.<\/p><p><strong>Sustainable villages in Keski-Karjala<\/strong><\/p><p>Kitee, R\u00e4\u00e4kkyl\u00e4 ja Tohmaj\u00e4rvi. 31.1.2024 \u2013 31.12.2026.<\/p><\/div>\t\t\t\t\t\t\t\t<\/div>\n\t\t\t\t<\/div>\n\t\t\t\t<div class=\"elementor-element elementor-element-feeba98 elementor-align-left elementor-mobile-align-center elementor-widget__width-initial elementor-widget elementor-widget-button\" data-id=\"feeba98\" data-element_type=\"widget\" data-e-type=\"widget\" data-settings=\"{&quot;_animation&quot;:&quot;none&quot;}\" data-widget_type=\"button.default\">\n\t\t\t\t<div class=\"elementor-widget-container\">\n\t\t\t\t\t\t\t\t\t<div class=\"elementor-button-wrapper\">\n\t\t\t\t\t<a class=\"elementor-button elementor-button-link elementor-size-xs\" href=\"https:\/\/msl.fi\/ymparisto\/kestavat-kylat\/pohjois-karjalan-kestavat-kylat\/\">\n\t\t\t\t\t\t<span class=\"elementor-button-content-wrapper\">\n\t\t\t\t\t\t\t\t\t<span class=\"elementor-button-text\">More about the project (in Finnish)<\/span>\n\t\t\t\t\t<\/span>\n\t\t\t\t\t<\/a>\n\t\t\t\t<\/div>\n\t\t\t\t\t\t\t\t<\/div>\n\t\t\t\t<\/div>\n\t\t\t\t<div class=\"elementor-element elementor-element-aa0caae elementor-widget elementor-widget-spacer\" data-id=\"aa0caae\" data-element_type=\"widget\" data-e-type=\"widget\" data-widget_type=\"spacer.default\">\n\t\t\t\t<div class=\"elementor-widget-container\">\n\t\t\t\t\t\t\t<div class=\"elementor-spacer\">\n\t\t\t<div class=\"elementor-spacer-inner\"><\/div>\n\t\t<\/div>\n\t\t\t\t\t\t<\/div>\n\t\t\t\t<\/div>\n\t\t\t\t\t<\/div>\n\t\t<\/div>\n\t\t\t\t<div class=\"elementor-column elementor-col-50 elementor-top-column elementor-element elementor-element-807ce8b\" data-id=\"807ce8b\" data-element_type=\"column\" data-e-type=\"column\">\n\t\t\t<div class=\"elementor-widget-wrap elementor-element-populated\">\n\t\t\t\t\t\t<div class=\"elementor-element elementor-element-8fa6cfd elementor-widget elementor-widget-image\" data-id=\"8fa6cfd\" data-element_type=\"widget\" data-e-type=\"widget\" data-widget_type=\"image.default\">\n\t\t\t\t<div class=\"elementor-widget-container\">\n\t\t\t\t\t\t\t\t\t\t\t\t<figure class=\"wp-caption\">\n\t\t\t\t\t\t\t\t\t\t<img fetchpriority=\"high\" decoding=\"async\" width=\"300\" height=\"225\" src=\"https:\/\/kareliabiosphere.fi\/wp-content\/uploads\/2024\/11\/IMG-20240906-WA0044-300x225.jpg\" class=\"attachment-maisha-related-post-thumbnail size-maisha-related-post-thumbnail wp-image-12681\" alt=\"ihmisi\u00e4 katselee ringiss\u00e4 \u00e4mp\u00e4riin\" srcset=\"https:\/\/kareliabiosphere.fi\/wp-content\/uploads\/2024\/11\/IMG-20240906-WA0044-300x225.jpg 300w, https:\/\/kareliabiosphere.fi\/wp-content\/uploads\/2024\/11\/IMG-20240906-WA0044-1024x768.jpg 1024w, https:\/\/kareliabiosphere.fi\/wp-content\/uploads\/2024\/11\/IMG-20240906-WA0044-768x576.jpg 768w, https:\/\/kareliabiosphere.fi\/wp-content\/uploads\/2024\/11\/IMG-20240906-WA0044-1536x1152.jpg 1536w, https:\/\/kareliabiosphere.fi\/wp-content\/uploads\/2024\/11\/IMG-20240906-WA0044-16x12.jpg 16w, https:\/\/kareliabiosphere.fi\/wp-content\/uploads\/2024\/11\/IMG-20240906-WA0044-200x150.jpg 200w, https:\/\/kareliabiosphere.fi\/wp-content\/uploads\/2024\/11\/IMG-20240906-WA0044-150x113.jpg 150w, https:\/\/kareliabiosphere.fi\/wp-content\/uploads\/2024\/11\/IMG-20240906-WA0044-547x410.jpg 547w, https:\/\/kareliabiosphere.fi\/wp-content\/uploads\/2024\/11\/IMG-20240906-WA0044-678x509.jpg 678w, https:\/\/kareliabiosphere.fi\/wp-content\/uploads\/2024\/11\/IMG-20240906-WA0044-524x393.jpg 524w, https:\/\/kareliabiosphere.fi\/wp-content\/uploads\/2024\/11\/IMG-20240906-WA0044-420x315.jpg 420w, https:\/\/kareliabiosphere.fi\/wp-content\/uploads\/2024\/11\/IMG-20240906-WA0044-444x333.jpg 444w, https:\/\/kareliabiosphere.fi\/wp-content\/uploads\/2024\/11\/IMG-20240906-WA0044-916x687.jpg 916w, https:\/\/kareliabiosphere.fi\/wp-content\/uploads\/2024\/11\/IMG-20240906-WA0044.jpg 1824w\" sizes=\"(max-width: 300px) 100vw, 300px\" \/>\t\t\t\t\t\t\t\t\t\t\t<figcaption class=\"widget-image-caption wp-caption-text\">North Karelians visiting the Archipelago Sea Biosphere Reserve in autumn 2024<\/figcaption>\n\t\t\t\t\t\t\t\t\t\t<\/figure>\n\t\t\t\t\t\t\t\t\t<\/div>\n\t\t\t\t<\/div>\n\t\t\t\t<div class=\"elementor-element elementor-element-4fea735 elementor-widget elementor-widget-image\" data-id=\"4fea735\" data-element_type=\"widget\" data-e-type=\"widget\" data-widget_type=\"image.default\">\n\t\t\t\t<div class=\"elementor-widget-container\">\n\t\t\t\t\t\t\t\t\t\t\t\t\t\t\t\t<a href=\"https:\/\/msl.fi\/ymparisto\/\">\n\t\t\t\t\t\t\t<img decoding=\"async\" width=\"1024\" height=\"187\" src=\"https:\/\/kareliabiosphere.fi\/wp-content\/uploads\/2024\/11\/hankkeiden-logobanneri_Leader_maaseutupalvelut-1024x187.webp\" class=\"attachment-large size-large wp-image-12682\" alt=\"rivi logoja\" srcset=\"https:\/\/kareliabiosphere.fi\/wp-content\/uploads\/2024\/11\/hankkeiden-logobanneri_Leader_maaseutupalvelut-1024x187.webp 1024w, https:\/\/kareliabiosphere.fi\/wp-content\/uploads\/2024\/11\/hankkeiden-logobanneri_Leader_maaseutupalvelut-300x55.webp 300w, https:\/\/kareliabiosphere.fi\/wp-content\/uploads\/2024\/11\/hankkeiden-logobanneri_Leader_maaseutupalvelut-768x140.webp 768w, https:\/\/kareliabiosphere.fi\/wp-content\/uploads\/2024\/11\/hankkeiden-logobanneri_Leader_maaseutupalvelut-1536x280.webp 1536w, https:\/\/kareliabiosphere.fi\/wp-content\/uploads\/2024\/11\/hankkeiden-logobanneri_Leader_maaseutupalvelut-18x3.webp 18w, https:\/\/kareliabiosphere.fi\/wp-content\/uploads\/2024\/11\/hankkeiden-logobanneri_Leader_maaseutupalvelut-200x36.webp 200w, https:\/\/kareliabiosphere.fi\/wp-content\/uploads\/2024\/11\/hankkeiden-logobanneri_Leader_maaseutupalvelut-150x27.webp 150w, https:\/\/kareliabiosphere.fi\/wp-content\/uploads\/2024\/11\/hankkeiden-logobanneri_Leader_maaseutupalvelut-547x100.webp 547w, https:\/\/kareliabiosphere.fi\/wp-content\/uploads\/2024\/11\/hankkeiden-logobanneri_Leader_maaseutupalvelut-678x124.webp 678w, https:\/\/kareliabiosphere.fi\/wp-content\/uploads\/2024\/11\/hankkeiden-logobanneri_Leader_maaseutupalvelut-524x96.webp 524w, https:\/\/kareliabiosphere.fi\/wp-content\/uploads\/2024\/11\/hankkeiden-logobanneri_Leader_maaseutupalvelut-420x77.webp 420w, https:\/\/kareliabiosphere.fi\/wp-content\/uploads\/2024\/11\/hankkeiden-logobanneri_Leader_maaseutupalvelut-444x81.webp 444w, https:\/\/kareliabiosphere.fi\/wp-content\/uploads\/2024\/11\/hankkeiden-logobanneri_Leader_maaseutupalvelut-916x167.webp 916w, https:\/\/kareliabiosphere.fi\/wp-content\/uploads\/2024\/11\/hankkeiden-logobanneri_Leader_maaseutupalvelut.webp 1920w\" sizes=\"(max-width: 1024px) 100vw, 1024px\" \/>\t\t\t\t\t\t\t\t<\/a>\n\t\t\t\t\t\t\t\t\t\t\t\t\t\t\t<\/div>\n\t\t\t\t<\/div>\n\t\t\t\t\t<\/div>\n\t\t<\/div>\n\t\t\t\t\t<\/div>\n\t\t<\/section>\n\t\t\t\t<section class=\"elementor-section elementor-top-section elementor-element elementor-element-b122675 elementor-section-boxed elementor-section-height-default elementor-section-height-default\" data-id=\"b122675\" data-element_type=\"section\" data-e-type=\"section\">\n\t\t\t\t\t\t<div class=\"elementor-container elementor-column-gap-default\">\n\t\t\t\t\t<div class=\"elementor-column elementor-col-100 elementor-top-column elementor-element elementor-element-0dce29e\" data-id=\"0dce29e\" data-element_type=\"column\" data-e-type=\"column\">\n\t\t\t<div class=\"elementor-widget-wrap elementor-element-populated\">\n\t\t\t\t\t\t<div class=\"elementor-element elementor-element-cc4f8d3 elementor-widget-divider--view-line_icon elementor-view-default elementor-widget-divider--element-align-center elementor-widget elementor-widget-divider\" data-id=\"cc4f8d3\" data-element_type=\"widget\" data-e-type=\"widget\" data-widget_type=\"divider.default\">\n\t\t\t\t<div class=\"elementor-widget-container\">\n\t\t\t\t\t\t\t<div class=\"elementor-divider\">\n\t\t\t<span class=\"elementor-divider-separator\">\n\t\t\t\t\t\t\t<div class=\"elementor-icon elementor-divider__element\">\n\t\t\t\t\t<svg xmlns=\"http:\/\/www.w3.org\/2000\/svg\" xmlns:xlink=\"http:\/\/www.w3.org\/1999\/xlink\" id=\"Layer_1\" x=\"0px\" y=\"0px\" viewbox=\"0 0 435 641\" style=\"enable-background:new 0 0 435 641;\" xml:space=\"preserve\"><style type=\"text\/css\">\t.st0{fill:#44AA00;stroke:#44AA00;stroke-width:0.3;stroke-linecap:round;stroke-linejoin:round;}\t.st1{fill:#225500;stroke:#44AA00;stroke-width:0.3;stroke-linecap:round;stroke-linejoin:round;}<\/style><g id=\"g5955\" transform=\"matrix(.25282 0 0 .25282 111.22 499.31)\">\t<path id=\"path5957\" class=\"st0\" d=\"M939.81-830.58c-50.64,57.54-532.76,32.09-605.49,32.1c-52.82,0-424.77,23.88-439.23-32.1   c-19.91-77.08,241.15-524.33,277.51-593.74c26.41-50.4,193.62-417.21,244.85-403.02c70.55,19.54,291.61,492.24,327.98,561.65   C771.84-1215.3,976.57-872.37,939.81-830.58L939.81-830.58z\"><\/path>\t<path id=\"path5959\" class=\"st0\" d=\"M939.81-387.32c-50.64,57.54-532.76,32.09-605.49,32.1c-52.82,0-424.77,23.88-439.23-32.1   c-19.91-77.08,241.15-524.33,277.51-593.74c26.41-50.4,193.62-417.21,244.85-403.02c70.55,19.54,291.61,492.24,327.98,561.65   C771.84-772.04,976.57-429.11,939.81-387.32L939.81-387.32z\"><\/path>\t<path id=\"path5961\" class=\"st1\" d=\"M431.4-109.48c63.97,0,73.9,56.73,73.9,127.2l41.57,356.18c0,70.47-51.5,127.2-115.46,127.2   c-63.97,0-115.46-56.73-115.46-127.2L357.5,17.73C357.5-52.75,367.43-109.48,431.4-109.48L431.4-109.48z\"><\/path>\t<path id=\"path5963\" class=\"st0\" d=\"M939.81-24.65C889.18,32.88,407.05,7.44,334.32,7.44c-52.82,0-424.77,23.88-439.23-32.1   c-19.91-77.08,241.15-524.33,277.51-593.74c26.41-50.4,193.62-417.21,244.85-403.02c70.55,19.54,291.61,492.24,327.98,561.65   C771.84-409.38,976.57-66.44,939.81-24.65L939.81-24.65z\"><\/path><\/g><\/svg><\/div>\n\t\t\t\t\t\t<\/span>\n\t\t<\/div>\n\t\t\t\t\t\t<\/div>\n\t\t\t\t<\/div>\n\t\t\t\t\t<\/div>\n\t\t<\/div>\n\t\t\t\t\t<\/div>\n\t\t<\/section>\n\t\t\t\t<section class=\"elementor-section elementor-top-section elementor-element elementor-element-10892b8 elementor-section-boxed elementor-section-height-default elementor-section-height-default\" data-id=\"10892b8\" data-element_type=\"section\" data-e-type=\"section\">\n\t\t\t\t\t\t<div class=\"elementor-container elementor-column-gap-default\">\n\t\t\t\t\t<div class=\"elementor-column elementor-col-100 elementor-top-column elementor-element elementor-element-2c63c32\" data-id=\"2c63c32\" data-element_type=\"column\" data-e-type=\"column\">\n\t\t\t<div class=\"elementor-widget-wrap\">\n\t\t\t\t\t\t\t<\/div>\n\t\t<\/div>\n\t\t\t\t\t<\/div>\n\t\t<\/section>\n\t\t\t\t<\/div>","protected":false},"excerpt":{"rendered":"<p>Pohjois-Karjalan Kest\u00e4v\u00e4t kyl\u00e4t Pohjois-Karjalassa on parhaillaan k\u00e4ynniss\u00e4 kolme Kest\u00e4v\u00e4t kyl\u00e4t -hanketta. Hankkeet on rahoitettu Leader rahoituksella Vaara-Karjalan Leader ry:n, Joensuun seudun Leader ry:n ja Keski-Karjalan Jetina ry:n kautta. Hankkeiden toiminta-alue &hellip; <a href=\"https:\/\/kareliabiosphere.fi\/en\/toiminta\/hankkeet\/kestavatkylat\/\" class=\"more-link\">Continue reading <span class=\"screen-reader-text\">Sustainable Villages project<\/span><\/a><\/p>","protected":false},"author":1,"featured_media":9311,"parent":155,"menu_order":0,"comment_status":"closed","ping_status":"closed","template":"page-templates\/full-width-page.php","meta":{"footnotes":""},"class_list":["post-12679","page","type-page","status-publish","has-post-thumbnail","hentry"],"_links":{"self":[{"href":"https:\/\/kareliabiosphere.fi\/en\/wp-json\/wp\/v2\/pages\/12679","targetHints":{"allow":["GET"]}}],"collection":[{"href":"https:\/\/kareliabiosphere.fi\/en\/wp-json\/wp\/v2\/pages"}],"about":[{"href":"https:\/\/kareliabiosphere.fi\/en\/wp-json\/wp\/v2\/types\/page"}],"author":[{"embeddable":true,"href":"https:\/\/kareliabiosphere.fi\/en\/wp-json\/wp\/v2\/users\/1"}],"replies":[{"embeddable":true,"href":"https:\/\/kareliabiosphere.fi\/en\/wp-json\/wp\/v2\/comments?post=12679"}],"version-history":[{"count":10,"href":"https:\/\/kareliabiosphere.fi\/en\/wp-json\/wp\/v2\/pages\/12679\/revisions"}],"predecessor-version":[{"id":12692,"href":"https:\/\/kareliabiosphere.fi\/en\/wp-json\/wp\/v2\/pages\/12679\/revisions\/12692"}],"up":[{"embeddable":true,"href":"https:\/\/kareliabiosphere.fi\/en\/wp-json\/wp\/v2\/pages\/155"}],"wp:featuredmedia":[{"embeddable":true,"href":"https:\/\/kareliabiosphere.fi\/en\/wp-json\/wp\/v2\/media\/9311"}],"wp:attachment":[{"href":"https:\/\/kareliabiosphere.fi\/en\/wp-json\/wp\/v2\/media?parent=12679"}],"curies":[{"name":"wp","href":"https:\/\/api.w.org\/{rel}","templated":true}]}}