{"id":13293,"date":"2026-02-11T10:48:45","date_gmt":"2026-02-11T08:48:45","guid":{"rendered":"https:\/\/kareliabiosphere.fi\/?page_id=13293"},"modified":"2026-04-10T10:20:34","modified_gmt":"2026-04-10T07:20:34","slug":"luontoteko","status":"publish","type":"page","link":"https:\/\/kareliabiosphere.fi\/en\/toiminta\/luontoteko\/","title":{"rendered":"Luontoteko -tunnustusohjelma"},"content":{"rendered":"<div data-elementor-type=\"wp-page\" data-elementor-id=\"13293\" class=\"elementor elementor-13293\">\n\t\t\t\t\t\t<section class=\"elementor-section elementor-top-section elementor-element elementor-element-90c38b0 elementor-section-boxed elementor-section-height-default elementor-section-height-default\" data-id=\"90c38b0\" data-element_type=\"section\" data-e-type=\"section\">\n\t\t\t\t\t\t<div class=\"elementor-container elementor-column-gap-default\">\n\t\t\t\t\t<div class=\"elementor-column elementor-col-100 elementor-top-column elementor-element elementor-element-36f1966\" data-id=\"36f1966\" data-element_type=\"column\" data-e-type=\"column\">\n\t\t\t<div class=\"elementor-widget-wrap elementor-element-populated\">\n\t\t\t\t\t\t<div class=\"elementor-element elementor-element-3e53a5f elementor-alert-info elementor-widget elementor-widget-alert\" data-id=\"3e53a5f\" data-element_type=\"widget\" data-e-type=\"widget\" data-widget_type=\"alert.default\">\n\t\t\t\t<div class=\"elementor-widget-container\">\n\t\t\t\t\t\t\t<div class=\"elementor-alert\" role=\"alert\">\n\n\t\t\t\t\t\t<span class=\"elementor-alert-title\">T\u00e4m\u00e4 ohjelma on viel\u00e4 kehitysvaiheessa!<\/span>\n\t\t\t\n\t\t\t\t\t\t<span class=\"elementor-alert-description\">Uusi luontoteko -ohjelma on hyv\u00e4ksytty, mutta sen julkaisu tapahtuu my\u00f6hemmin vuonna 2026. Tuolloin julkaistaan ensimm\u00e4iset kohteet ja t\u00e4m\u00e4 sivu p\u00e4ivittyy my\u00f6s.<\/span>\n\t\t\t\n\t\t\t\t\t\t<button type=\"button\" class=\"elementor-alert-dismiss\" aria-label=\"Dismiss this alert.\" data-no-translation-aria-label=\"\">\n\t\t\t\t\t\t\t\t\t<span aria-hidden=\"true\">&times;<\/span>\n\t\t\t\t\t\t\t<\/button>\n\t\t\t\n\t\t<\/div>\n\t\t\t\t\t\t<\/div>\n\t\t\t\t<\/div>\n\t\t\t\t\t<\/div>\n\t\t<\/div>\n\t\t\t\t\t<\/div>\n\t\t<\/section>\n\t\t\t\t<section class=\"elementor-section elementor-top-section elementor-element elementor-element-532bec5 elementor-section-boxed elementor-section-height-default elementor-section-height-default\" data-id=\"532bec5\" data-element_type=\"section\" data-e-type=\"section\">\n\t\t\t\t\t\t<div class=\"elementor-container elementor-column-gap-default\">\n\t\t\t\t\t<div class=\"elementor-column elementor-col-100 elementor-top-column elementor-element elementor-element-51aefd6\" data-id=\"51aefd6\" data-element_type=\"column\" data-e-type=\"column\">\n\t\t\t<div class=\"elementor-widget-wrap elementor-element-populated\">\n\t\t\t\t\t\t<div class=\"elementor-element elementor-element-11464be elementor-widget elementor-widget-heading\" data-id=\"11464be\" data-element_type=\"widget\" data-e-type=\"widget\" data-widget_type=\"heading.default\">\n\t\t\t\t<div class=\"elementor-widget-container\">\n\t\t\t\t\t<h2 class=\"elementor-heading-title elementor-size-default\">Biosf\u00e4\u00e4rialueen Luontoteko -kohteet - Nature Action sites of North Karelia Unesco Biosphere<\/h2>\t\t\t\t<\/div>\n\t\t\t\t<\/div>\n\t\t\t\t\t<\/div>\n\t\t<\/div>\n\t\t\t\t\t<\/div>\n\t\t<\/section>\n\t\t\t\t<section class=\"elementor-section elementor-top-section elementor-element elementor-element-718f7e3 elementor-section-boxed elementor-section-height-default elementor-section-height-default\" data-id=\"718f7e3\" data-element_type=\"section\" data-e-type=\"section\">\n\t\t\t\t\t\t<div class=\"elementor-container elementor-column-gap-default\">\n\t\t\t\t\t<div class=\"elementor-column elementor-col-66 elementor-top-column elementor-element elementor-element-c981ae3\" data-id=\"c981ae3\" data-element_type=\"column\" data-e-type=\"column\">\n\t\t\t<div class=\"elementor-widget-wrap elementor-element-populated\">\n\t\t\t\t\t\t<div class=\"elementor-element elementor-element-dceb52a elementor-widget elementor-widget-text-editor\" data-id=\"dceb52a\" data-element_type=\"widget\" data-e-type=\"widget\" data-widget_type=\"text-editor.default\">\n\t\t\t\t<div class=\"elementor-widget-container\">\n\t\t\t\t\t\t\t\t\t<p>Luontoteko\u2011ohjelma on Pohjois-Karjalan biosf\u00e4\u00e4rialueella toteutettava kannustava ja innostava tunnustusohjelma, jonka tavoitteena on edist\u00e4\u00e4 luonnon tilan parantamista ja nostaa esiin konkreettisia tekoja luonnon monimuotoisuuden hyv\u00e4ksi. Ohjelma tuo n\u00e4kyv\u00e4ksi paikallisia kohteita, tekij\u00f6it\u00e4 ja onnistumisia sek\u00e4 lis\u00e4\u00e4 ymm\u00e4rryst\u00e4 siit\u00e4, miksi luonnon tilaa parantavia toimia tehd\u00e4\u00e4n ja mit\u00e4 niill\u00e4 tavoitellaan.<\/p><p>\u00a0<\/p><p>Ohjelman piiriin voivat kuulua esimerkiksi soiden ennallistamiskohteet, lintuvesien ja kosteikkojen kunnostuskohteet, perinnebiotooppien hoito- ja kunnostuskohteet, metsien ennallistamiskohteet sek\u00e4 pienvesien ja rantaluonnon kunnostuskohteet. Tavoitteena on rohkaista erilaisia toimijoita toteuttamaan konkreettisia luontotekoja ja jakaa hyvi\u00e4 esimerkkej\u00e4 muille.<\/p><p>\u00a0<\/p><p>Luontoteko\u2011ohjelma toimii samalla Pohjois-Karjalan biosf\u00e4\u00e4rialueen pilottina. Biosf\u00e4\u00e4rialuetta hy\u00f6dynnet\u00e4\u00e4n kehitt\u00e4misalustana ohjelmalle, jota voidaan tulevaisuudessa laajentaa laajemmalle alueelle ja mahdollisesti my\u00f6s muihin biosf\u00e4\u00e4rialueisiin. Ohjelma tukee biosf\u00e4\u00e4rialueen tunnettuutta ja vahvistaa sen roolia kest\u00e4v\u00e4n kehityksen ja luonnon monimuotoisuuden edist\u00e4j\u00e4n\u00e4.<\/p><p>\u00a0<\/p>\t\t\t\t\t\t\t\t<\/div>\n\t\t\t\t<\/div>\n\t\t\t\t<div class=\"elementor-element elementor-element-7e0d412 elementor-widget elementor-widget-heading\" data-id=\"7e0d412\" data-element_type=\"widget\" data-e-type=\"widget\" data-widget_type=\"heading.default\">\n\t\t\t\t<div class=\"elementor-widget-container\">\n\t\t\t\t\t<h2 class=\"elementor-heading-title elementor-size-default\">Miten ohjelma toimii?<\/h2>\t\t\t\t<\/div>\n\t\t\t\t<\/div>\n\t\t\t\t<div class=\"elementor-element elementor-element-49280e4 elementor-widget elementor-widget-text-editor\" data-id=\"49280e4\" data-element_type=\"widget\" data-e-type=\"widget\" data-widget_type=\"text-editor.default\">\n\t\t\t\t<div class=\"elementor-widget-container\">\n\t\t\t\t\t\t\t\t\t<p>Ohjelmaan haetaan hakulomakkeella, ja kohteet arvioidaan hakemusten perusteella valmisteluryhm\u00e4ss\u00e4, johon kuuluu elinvoimakeskuksen asiantuntijoita. Tarvittaessa kohteille tehd\u00e4\u00e4n my\u00f6s maastok\u00e4ynti. Valmisteluryhm\u00e4n vastuuhenkil\u00f6n\u00e4 toimii Pohjois-Karjalan biosf\u00e4\u00e4rialueen koordinaattori. Tunnustuksen my\u00f6nt\u00e4misest\u00e4 p\u00e4\u00e4tt\u00e4\u00e4 biosf\u00e4\u00e4rialueen ty\u00f6valiokunta valmisteluryhm\u00e4n esityksen pohjalta, ja ohjelmasta sek\u00e4 hyv\u00e4ksytyist\u00e4 kohteista tiedotetaan my\u00f6s alueellisessa Helmi\u2013METSO-yhteisty\u00f6ryhm\u00e4ss\u00e4. Hakemuksia on tarkoitus k\u00e4sitell\u00e4 kerran tai kaksi vuodessa, ja hyv\u00e4ksytyille kohteille luodaan selke\u00e4 menettely niiden julkaisemista varten.<\/p><p>\u00a0<\/p><p>Tunnustuksen saajat saavat oikeuden k\u00e4ytt\u00e4\u00e4 kohteeseen liittyv\u00e4\u00e4 luonto\u2011teko\u2011tunnustusta ja ohjelman logoa viestinn\u00e4ss\u00e4\u00e4n. Fyysisesti biosf\u00e4\u00e4rialueella sijaitsevat kohteet kytkeytyv\u00e4t samalla osaksi Unescon biosf\u00e4\u00e4rialuekokonaisuutta. Lis\u00e4ksi kohteella voidaan k\u00e4ytt\u00e4\u00e4 tunnustuslaattaa, josta tunnustus k\u00e4y ilmi paikan p\u00e4\u00e4ll\u00e4.<\/p><p>\u00a0<\/p>\t\t\t\t\t\t\t\t<\/div>\n\t\t\t\t<\/div>\n\t\t\t\t\t<\/div>\n\t\t<\/div>\n\t\t\t\t<div class=\"elementor-column elementor-col-33 elementor-top-column elementor-element elementor-element-5bd2f78\" data-id=\"5bd2f78\" data-element_type=\"column\" data-e-type=\"column\">\n\t\t\t<div class=\"elementor-widget-wrap elementor-element-populated\">\n\t\t\t\t\t\t<div class=\"elementor-element elementor-element-df41cbc elementor-widget elementor-widget-image\" data-id=\"df41cbc\" data-element_type=\"widget\" data-e-type=\"widget\" data-widget_type=\"image.default\">\n\t\t\t\t<div class=\"elementor-widget-container\">\n\t\t\t\t\t\t\t\t\t\t\t\t\t\t\t<img decoding=\"async\" src=\"https:\/\/kareliabiosphere.fi\/wp-content\/uploads\/2025\/09\/DSC_0053-scaled.jpg\" title=\"DSC_0053\" alt=\"kuva kukasta\" loading=\"lazy\" \/>\t\t\t\t\t\t\t\t\t\t\t\t\t\t\t<\/div>\n\t\t\t\t<\/div>\n\t\t\t\t\t<\/div>\n\t\t<\/div>\n\t\t\t\t\t<\/div>\n\t\t<\/section>\n\t\t\t\t<section class=\"elementor-section elementor-top-section elementor-element elementor-element-be74bec elementor-section-boxed elementor-section-height-default elementor-section-height-default\" data-id=\"be74bec\" data-element_type=\"section\" data-e-type=\"section\">\n\t\t\t\t\t\t<div class=\"elementor-container elementor-column-gap-default\">\n\t\t\t\t\t<div class=\"elementor-column elementor-col-100 elementor-top-column elementor-element elementor-element-72d53de\" data-id=\"72d53de\" data-element_type=\"column\" data-e-type=\"column\">\n\t\t\t<div class=\"elementor-widget-wrap elementor-element-populated\">\n\t\t\t\t\t\t<div class=\"elementor-element elementor-element-648a6e9 elementor-widget elementor-widget-heading\" data-id=\"648a6e9\" data-element_type=\"widget\" data-e-type=\"widget\" data-widget_type=\"heading.default\">\n\t\t\t\t<div class=\"elementor-widget-container\">\n\t\t\t\t\t<h2 class=\"elementor-heading-title elementor-size-default\">Hakukriteerit<\/h2>\t\t\t\t<\/div>\n\t\t\t\t<\/div>\n\t\t\t\t<div class=\"elementor-element elementor-element-d170a1e elementor-widget elementor-widget-text-editor\" data-id=\"d170a1e\" data-element_type=\"widget\" data-e-type=\"widget\" data-widget_type=\"text-editor.default\">\n\t\t\t\t<div class=\"elementor-widget-container\">\n\t\t\t\t\t\t\t\t\t<p>Luontoteko\u2011ohjelmaan haettavien kohteiden tulee t\u00e4ytt\u00e4\u00e4 tietyt peruskriteerit, jotta tunnustus voidaan my\u00f6nt\u00e4\u00e4. Hakijalla tulee olla omistussuhde tai muu selke\u00e4 hallintaoikeus kohteeseen, ja kohteen on sijaittava fyysisesti Pohjois-Karjalan biosf\u00e4\u00e4rialueella. Kohteella tulee olla todennettuja luontoarvoja, ja luonnon tilaa parantavien toimenpiteiden on oltava jo toteutettu tai v\u00e4hint\u00e4\u00e4n selke\u00e4sti aloitettu hakemusvaiheessa.<\/p><div><p>\u00a0<\/p><p>Hakemuksessa tulee kuvata l\u00e4ht\u00f6tilanne sek\u00e4 se, miten toteutetut toimenpiteet ovat merkityksellisi\u00e4 kohteen aiempaan tilaan verrattuna. Toimenpiteilt\u00e4 edellytet\u00e4\u00e4n suunnitelmallisuutta ja perusteltuja ratkaisuja, ja niiden tulee olla kohdekohtaisesti yleisesti hyv\u00e4ksyttyj\u00e4 luonnonhoito- tai ennallistamisk\u00e4yt\u00e4nt\u00f6j\u00e4. Kohteelle ei ole asetettu minimikokoa: my\u00f6s pienialainen kohde voi saada tunnustuksen, mik\u00e4li se on luontoarvojensa tai vaikutustensa kannalta merkityksellinen.<\/p><p>\u00a0<\/p><p>Lis\u00e4ksi edellytet\u00e4\u00e4n, ett\u00e4 toimenpiteist\u00e4 on tehty asianmukainen raportointi ja ett\u00e4 hakemuksessa esitet\u00e4\u00e4n suunnitelma kohteen jatkosta \u2013 eli miten kohteen hoito, seuranta tai k\u00e4ytt\u00f6 turvataan tulevien vuosien aikana.<\/p><p>\u00a0<\/p><\/div>\t\t\t\t\t\t\t\t<\/div>\n\t\t\t\t<\/div>\n\t\t\t\t\t<\/div>\n\t\t<\/div>\n\t\t\t\t\t<\/div>\n\t\t<\/section>\n\t\t\t\t<\/div>","protected":false},"excerpt":{"rendered":"<p>T\u00e4m\u00e4 ohjelma on viel\u00e4 kehitysvaiheessa! Uusi luontoteko -ohjelma on hyv\u00e4ksytty, mutta sen julkaisu tapahtuu my\u00f6hemmin vuonna 2026. Tuolloin julkaistaan ensimm\u00e4iset kohteet ja t\u00e4m\u00e4 sivu p\u00e4ivittyy my\u00f6s. &times; Biosf\u00e4\u00e4rialueen Luontoteko -kohteet &hellip; <a href=\"https:\/\/kareliabiosphere.fi\/en\/toiminta\/luontoteko\/\" class=\"more-link\">Continue reading <span class=\"screen-reader-text\">Luontoteko -tunnustusohjelma<\/span><\/a><\/p>","protected":false},"author":1,"featured_media":10239,"parent":1898,"menu_order":0,"comment_status":"closed","ping_status":"closed","template":"","meta":{"footnotes":""},"class_list":["post-13293","page","type-page","status-publish","has-post-thumbnail","hentry"],"_links":{"self":[{"href":"https:\/\/kareliabiosphere.fi\/en\/wp-json\/wp\/v2\/pages\/13293","targetHints":{"allow":["GET"]}}],"collection":[{"href":"https:\/\/kareliabiosphere.fi\/en\/wp-json\/wp\/v2\/pages"}],"about":[{"href":"https:\/\/kareliabiosphere.fi\/en\/wp-json\/wp\/v2\/types\/page"}],"author":[{"embeddable":true,"href":"https:\/\/kareliabiosphere.fi\/en\/wp-json\/wp\/v2\/users\/1"}],"replies":[{"embeddable":true,"href":"https:\/\/kareliabiosphere.fi\/en\/wp-json\/wp\/v2\/comments?post=13293"}],"version-history":[{"count":4,"href":"https:\/\/kareliabiosphere.fi\/en\/wp-json\/wp\/v2\/pages\/13293\/revisions"}],"predecessor-version":[{"id":13304,"href":"https:\/\/kareliabiosphere.fi\/en\/wp-json\/wp\/v2\/pages\/13293\/revisions\/13304"}],"up":[{"embeddable":true,"href":"https:\/\/kareliabiosphere.fi\/en\/wp-json\/wp\/v2\/pages\/1898"}],"wp:featuredmedia":[{"embeddable":true,"href":"https:\/\/kareliabiosphere.fi\/en\/wp-json\/wp\/v2\/media\/10239"}],"wp:attachment":[{"href":"https:\/\/kareliabiosphere.fi\/en\/wp-json\/wp\/v2\/media?parent=13293"}],"curies":[{"name":"wp","href":"https:\/\/api.w.org\/{rel}","templated":true}]}}