{"id":439,"date":"2020-12-15T16:16:14","date_gmt":"2020-12-15T14:16:14","guid":{"rendered":"https:\/\/kareliabiosphere-fi.hel4.wp-cloud.dev\/?page_id=439"},"modified":"2021-01-20T11:35:09","modified_gmt":"2021-01-20T09:35:09","slug":"muut-suojelualueet","status":"publish","type":"page","link":"https:\/\/kareliabiosphere.fi\/en\/pk-biosfaarialue\/alueen-luonto-ja-luonnonvarat\/muut-suojelualueet\/","title":{"rendered":"Other nature reserves"},"content":{"rendered":"<div data-elementor-type=\"wp-page\" data-elementor-id=\"439\" class=\"elementor elementor-439\">\n\t\t\t\t\t\t<section class=\"elementor-section elementor-top-section elementor-element elementor-element-4e6f550f elementor-section-full_width elementor-section-height-default elementor-section-height-default\" data-id=\"4e6f550f\" data-element_type=\"section\" data-e-type=\"section\">\n\t\t\t\t\t\t\t<div class=\"elementor-background-overlay\"><\/div>\n\t\t\t\t\t\t\t<div class=\"elementor-container elementor-column-gap-no\">\n\t\t\t\t\t<div class=\"elementor-column elementor-col-100 elementor-top-column elementor-element elementor-element-649b5d17\" data-id=\"649b5d17\" data-element_type=\"column\" data-e-type=\"column\">\n\t\t\t<div class=\"elementor-widget-wrap elementor-element-populated\">\n\t\t\t\t\t\t<div class=\"elementor-element elementor-element-2f4f2b79 elementor-widget elementor-widget-heading\" data-id=\"2f4f2b79\" data-element_type=\"widget\" data-e-type=\"widget\" data-widget_type=\"heading.default\">\n\t\t\t\t<div class=\"elementor-widget-container\">\n\t\t\t\t\t<h1 class=\"elementor-heading-title elementor-size-default\">Muut luonnonsuojelualueet<\/h1>\t\t\t\t<\/div>\n\t\t\t\t<\/div>\n\t\t\t\t\t<\/div>\n\t\t<\/div>\n\t\t\t\t\t<\/div>\n\t\t<\/section>\n\t\t\t\t<section class=\"elementor-section elementor-top-section elementor-element elementor-element-f6e8c46 elementor-section-boxed elementor-section-height-default elementor-section-height-default\" data-id=\"f6e8c46\" data-element_type=\"section\" data-e-type=\"section\">\n\t\t\t\t\t\t<div class=\"elementor-container elementor-column-gap-default\">\n\t\t\t\t\t<div class=\"elementor-column elementor-col-100 elementor-top-column elementor-element elementor-element-ae79851\" data-id=\"ae79851\" data-element_type=\"column\" data-e-type=\"column\">\n\t\t\t<div class=\"elementor-widget-wrap elementor-element-populated\">\n\t\t\t\t\t\t<div class=\"elementor-element elementor-element-752c5a7 elementor-widget elementor-widget-text-editor\" data-id=\"752c5a7\" data-element_type=\"widget\" data-e-type=\"widget\" data-widget_type=\"text-editor.default\">\n\t\t\t\t<div class=\"elementor-widget-container\">\n\t\t\t\t\t\t\t\t\tLorem ipsum dolor sit amet, consectetur adipiscing elit. Aenean quam justo, semper nec risus eu, posuere commodo augue. Suspendisse fringilla purus lacus, vestibulum mattis dolor vulputate vel. In hac habitasse platea dictumst. Aliquam vel magna at est porttitor sagittis eget eu odio. Pellentesque habitant morbi tristique senectus et netus et malesuada fames ac turpis egestas. Sed nunc massa, tincidunt in venenatis in, rutrum at justo. Praesent vehicula aliquet ante, eu dignissim nisl laoreet non.\t\t\t\t\t\t\t\t<\/div>\n\t\t\t\t<\/div>\n\t\t\t\t\t<\/div>\n\t\t<\/div>\n\t\t\t\t\t<\/div>\n\t\t<\/section>\n\t\t\t\t<section class=\"elementor-section elementor-top-section elementor-element elementor-element-36033933 elementor-section-full_width elementor-section-height-default elementor-section-height-default\" data-id=\"36033933\" data-element_type=\"section\" data-e-type=\"section\">\n\t\t\t\t\t\t<div class=\"elementor-container elementor-column-gap-default\">\n\t\t\t\t\t<div class=\"elementor-column elementor-col-100 elementor-top-column elementor-element elementor-element-58b5131c\" data-id=\"58b5131c\" data-element_type=\"column\" data-e-type=\"column\">\n\t\t\t<div class=\"elementor-widget-wrap elementor-element-populated\">\n\t\t\t\t\t\t<div class=\"elementor-element elementor-element-f63ec7d elementor-widget-divider--view-line_icon elementor-view-default elementor-widget-divider--element-align-center elementor-widget elementor-widget-divider\" data-id=\"f63ec7d\" data-element_type=\"widget\" data-e-type=\"widget\" data-widget_type=\"divider.default\">\n\t\t\t\t<div class=\"elementor-widget-container\">\n\t\t\t\t\t\t\t<div class=\"elementor-divider\">\n\t\t\t<span class=\"elementor-divider-separator\">\n\t\t\t\t\t\t\t<div class=\"elementor-icon elementor-divider__element\">\n\t\t\t\t\t<svg xmlns=\"http:\/\/www.w3.org\/2000\/svg\" xmlns:xlink=\"http:\/\/www.w3.org\/1999\/xlink\" id=\"Layer_1\" x=\"0px\" y=\"0px\" viewbox=\"0 0 435 641\" style=\"enable-background:new 0 0 435 641;\" xml:space=\"preserve\"><style type=\"text\/css\">\t.st0{fill:#44AA00;stroke:#44AA00;stroke-width:0.3;stroke-linecap:round;stroke-linejoin:round;}\t.st1{fill:#225500;stroke:#44AA00;stroke-width:0.3;stroke-linecap:round;stroke-linejoin:round;}<\/style><g id=\"g5955\" transform=\"matrix(.25282 0 0 .25282 111.22 499.31)\">\t<path id=\"path5957\" class=\"st0\" d=\"M939.81-830.58c-50.64,57.54-532.76,32.09-605.49,32.1c-52.82,0-424.77,23.88-439.23-32.1   c-19.91-77.08,241.15-524.33,277.51-593.74c26.41-50.4,193.62-417.21,244.85-403.02c70.55,19.54,291.61,492.24,327.98,561.65   C771.84-1215.3,976.57-872.37,939.81-830.58L939.81-830.58z\"><\/path>\t<path id=\"path5959\" class=\"st0\" d=\"M939.81-387.32c-50.64,57.54-532.76,32.09-605.49,32.1c-52.82,0-424.77,23.88-439.23-32.1   c-19.91-77.08,241.15-524.33,277.51-593.74c26.41-50.4,193.62-417.21,244.85-403.02c70.55,19.54,291.61,492.24,327.98,561.65   C771.84-772.04,976.57-429.11,939.81-387.32L939.81-387.32z\"><\/path>\t<path id=\"path5961\" class=\"st1\" d=\"M431.4-109.48c63.97,0,73.9,56.73,73.9,127.2l41.57,356.18c0,70.47-51.5,127.2-115.46,127.2   c-63.97,0-115.46-56.73-115.46-127.2L357.5,17.73C357.5-52.75,367.43-109.48,431.4-109.48L431.4-109.48z\"><\/path>\t<path id=\"path5963\" class=\"st0\" d=\"M939.81-24.65C889.18,32.88,407.05,7.44,334.32,7.44c-52.82,0-424.77,23.88-439.23-32.1   c-19.91-77.08,241.15-524.33,277.51-593.74c26.41-50.4,193.62-417.21,244.85-403.02c70.55,19.54,291.61,492.24,327.98,561.65   C771.84-409.38,976.57-66.44,939.81-24.65L939.81-24.65z\"><\/path><\/g><\/svg><\/div>\n\t\t\t\t\t\t<\/span>\n\t\t<\/div>\n\t\t\t\t\t\t<\/div>\n\t\t\t\t<\/div>\n\t\t\t\t\t<\/div>\n\t\t<\/div>\n\t\t\t\t\t<\/div>\n\t\t<\/section>\n\t\t\t\t<section class=\"elementor-section elementor-top-section elementor-element elementor-element-110a834 elementor-section-boxed elementor-section-height-default elementor-section-height-default\" data-id=\"110a834\" data-element_type=\"section\" data-e-type=\"section\">\n\t\t\t\t\t\t<div class=\"elementor-container elementor-column-gap-extended\">\n\t\t\t\t\t<div class=\"elementor-column elementor-col-50 elementor-top-column elementor-element elementor-element-dde9a3b\" data-id=\"dde9a3b\" data-element_type=\"column\" data-e-type=\"column\">\n\t\t\t<div class=\"elementor-widget-wrap elementor-element-populated\">\n\t\t\t\t\t\t<div class=\"elementor-element elementor-element-c13c9f4 elementor-widget elementor-widget-image\" data-id=\"c13c9f4\" data-element_type=\"widget\" data-e-type=\"widget\" data-widget_type=\"image.default\">\n\t\t\t\t<div class=\"elementor-widget-container\">\n\t\t\t\t\t\t\t\t\t\t\t\t<figure class=\"wp-caption\">\n\t\t\t\t\t\t\t\t\t\t\t<a href=\"https:\/\/www.flickr.com\/photos\/akenkuvia\/50384965293\/in\/photolist-2jLm5kE-2jLqyvJ-2jLm7Na-2jLqBhW-7epGpp-ek6dDj\/\">\n\t\t\t\t\t\t\t<img fetchpriority=\"high\" decoding=\"async\" width=\"1024\" height=\"768\" src=\"https:\/\/kareliabiosphere.fi\/wp-content\/uploads\/2021\/01\/Flickr_Kesonsuo_AarneHagman1280x960-1024x768.png\" class=\"attachment-large size-large wp-image-4074\" alt=\"\" srcset=\"https:\/\/kareliabiosphere.fi\/wp-content\/uploads\/2021\/01\/Flickr_Kesonsuo_AarneHagman1280x960-1024x768.png 1024w, https:\/\/kareliabiosphere.fi\/wp-content\/uploads\/2021\/01\/Flickr_Kesonsuo_AarneHagman1280x960-300x225.png 300w, https:\/\/kareliabiosphere.fi\/wp-content\/uploads\/2021\/01\/Flickr_Kesonsuo_AarneHagman1280x960-768x576.png 768w, https:\/\/kareliabiosphere.fi\/wp-content\/uploads\/2021\/01\/Flickr_Kesonsuo_AarneHagman1280x960-16x12.png 16w, https:\/\/kareliabiosphere.fi\/wp-content\/uploads\/2021\/01\/Flickr_Kesonsuo_AarneHagman1280x960-200x150.png 200w, https:\/\/kareliabiosphere.fi\/wp-content\/uploads\/2021\/01\/Flickr_Kesonsuo_AarneHagman1280x960-150x113.png 150w, https:\/\/kareliabiosphere.fi\/wp-content\/uploads\/2021\/01\/Flickr_Kesonsuo_AarneHagman1280x960-547x410.png 547w, https:\/\/kareliabiosphere.fi\/wp-content\/uploads\/2021\/01\/Flickr_Kesonsuo_AarneHagman1280x960-678x509.png 678w, https:\/\/kareliabiosphere.fi\/wp-content\/uploads\/2021\/01\/Flickr_Kesonsuo_AarneHagman1280x960-524x393.png 524w, https:\/\/kareliabiosphere.fi\/wp-content\/uploads\/2021\/01\/Flickr_Kesonsuo_AarneHagman1280x960-420x315.png 420w, https:\/\/kareliabiosphere.fi\/wp-content\/uploads\/2021\/01\/Flickr_Kesonsuo_AarneHagman1280x960-444x333.png 444w, https:\/\/kareliabiosphere.fi\/wp-content\/uploads\/2021\/01\/Flickr_Kesonsuo_AarneHagman1280x960-916x687.png 916w, https:\/\/kareliabiosphere.fi\/wp-content\/uploads\/2021\/01\/Flickr_Kesonsuo_AarneHagman1280x960.png 1280w\" sizes=\"(max-width: 1024px) 100vw, 1024px\" \/>\t\t\t\t\t\t\t\t<\/a>\n\t\t\t\t\t\t\t\t\t\t\t<figcaption class=\"widget-image-caption wp-caption-text\">\u00a9 Aarne Hagman<\/figcaption>\n\t\t\t\t\t\t\t\t\t\t<\/figure>\n\t\t\t\t\t\t\t\t\t<\/div>\n\t\t\t\t<\/div>\n\t\t\t\t\t<\/div>\n\t\t<\/div>\n\t\t\t\t<div class=\"elementor-column elementor-col-50 elementor-top-column elementor-element elementor-element-885597e\" data-id=\"885597e\" data-element_type=\"column\" data-e-type=\"column\">\n\t\t\t<div class=\"elementor-widget-wrap elementor-element-populated\">\n\t\t\t\t\t\t<div class=\"elementor-element elementor-element-f606e92 elementor-widget elementor-widget-heading\" data-id=\"f606e92\" data-element_type=\"widget\" data-e-type=\"widget\" data-widget_type=\"heading.default\">\n\t\t\t\t<div class=\"elementor-widget-container\">\n\t\t\t\t\t<h1 class=\"elementor-heading-title elementor-size-default\">Kesonsuo<\/h1>\t\t\t\t<\/div>\n\t\t\t\t<\/div>\n\t\t\t\t<div class=\"elementor-element elementor-element-55d7398 elementor-widget elementor-widget-text-editor\" data-id=\"55d7398\" data-element_type=\"widget\" data-e-type=\"widget\" data-widget_type=\"text-editor.default\">\n\t\t\t\t<div class=\"elementor-widget-container\">\n\t\t\t\t\t\t\t\t\tIlomatsissa Koitajoen alueella sijaitseva Koivusuon luonnonpuisto on perustettu turvamaan it\u00e4suomalaista suo- ja mets\u00e4luontoa. Luonto pyrit\u00e4\u00e4n s\u00e4ilytt\u00e4m\u00e4\u00e4n mahdollisimman koskemattomana tutkimusalueena, joten siell\u00e4 liikkuminen on sallittua vain merkityill\u00e4 retkeilyreiteill\u00e4. Koivusuo ei ole kokonaan luonnonpuistoa, vaan osa siit\u00e4 on ojitettu turvetuotantoalueeksi.\t\t\t\t\t\t\t\t<\/div>\n\t\t\t\t<\/div>\n\t\t\t\t<div class=\"elementor-element elementor-element-c655cfc elementor-align-left elementor-mobile-align-center elementor-widget__width-inherit elementor-widget elementor-widget-button\" data-id=\"c655cfc\" data-element_type=\"widget\" data-e-type=\"widget\" data-settings=\"{&quot;_animation&quot;:&quot;none&quot;}\" data-widget_type=\"button.default\">\n\t\t\t\t<div class=\"elementor-widget-container\">\n\t\t\t\t\t\t\t\t\t<div class=\"elementor-button-wrapper\">\n\t\t\t\t\t<a class=\"elementor-button elementor-button-link elementor-size-xs\" href=\"https:\/\/www.ymparisto.fi\/fi-FI\/Luonto\/Suojelualueet\/Natura_2000_alueet\/KesonsuoPalokangasSelkakangasSyvaysjoki(6927)\" target=\"_blank\">\n\t\t\t\t\t\t<span class=\"elementor-button-content-wrapper\">\n\t\t\t\t\t\t\t\t\t<span class=\"elementor-button-text\"><img decoding=\"async\" style=\"width: 10px;height: 10px\" src=\"https:\/\/kareliabiosphere-fi.hel4.wp-cloud.dev\/wp-content\/uploads\/2021\/01\/UlkoinenLinkki_icon_varillinen.png\" alt=\"Linkki-ikoni\" align=\"left\" \/>&nbsp;&amp;nbspymp\u00e4rist\u00f6.fi<\/span>\n\t\t\t\t\t<\/span>\n\t\t\t\t\t<\/a>\n\t\t\t\t<\/div>\n\t\t\t\t\t\t\t\t<\/div>\n\t\t\t\t<\/div>\n\t\t\t\t\t<\/div>\n\t\t<\/div>\n\t\t\t\t\t<\/div>\n\t\t<\/section>\n\t\t\t\t<section class=\"elementor-section elementor-top-section elementor-element elementor-element-5f4bde3e elementor-section-boxed elementor-section-height-default elementor-section-height-default\" data-id=\"5f4bde3e\" data-element_type=\"section\" data-e-type=\"section\">\n\t\t\t\t\t\t<div class=\"elementor-container elementor-column-gap-default\">\n\t\t\t\t\t<div class=\"elementor-column elementor-col-100 elementor-top-column elementor-element elementor-element-20d5516a\" data-id=\"20d5516a\" data-element_type=\"column\" data-e-type=\"column\">\n\t\t\t<div class=\"elementor-widget-wrap elementor-element-populated\">\n\t\t\t\t\t\t<div class=\"elementor-element elementor-element-4530c9e4 elementor-widget-divider--view-line_icon elementor-view-default elementor-widget-divider--element-align-center elementor-widget elementor-widget-divider\" data-id=\"4530c9e4\" data-element_type=\"widget\" data-e-type=\"widget\" data-widget_type=\"divider.default\">\n\t\t\t\t<div class=\"elementor-widget-container\">\n\t\t\t\t\t\t\t<div class=\"elementor-divider\">\n\t\t\t<span class=\"elementor-divider-separator\">\n\t\t\t\t\t\t\t<div class=\"elementor-icon elementor-divider__element\">\n\t\t\t\t\t<svg xmlns=\"http:\/\/www.w3.org\/2000\/svg\" xmlns:xlink=\"http:\/\/www.w3.org\/1999\/xlink\" id=\"Layer_1\" x=\"0px\" y=\"0px\" viewbox=\"0 0 435 641\" style=\"enable-background:new 0 0 435 641;\" xml:space=\"preserve\"><style type=\"text\/css\">\t.st0{fill:#44AA00;stroke:#44AA00;stroke-width:0.3;stroke-linecap:round;stroke-linejoin:round;}\t.st1{fill:#225500;stroke:#44AA00;stroke-width:0.3;stroke-linecap:round;stroke-linejoin:round;}<\/style><g id=\"g5955\" transform=\"matrix(.25282 0 0 .25282 111.22 499.31)\">\t<path id=\"path5957\" class=\"st0\" d=\"M939.81-830.58c-50.64,57.54-532.76,32.09-605.49,32.1c-52.82,0-424.77,23.88-439.23-32.1   c-19.91-77.08,241.15-524.33,277.51-593.74c26.41-50.4,193.62-417.21,244.85-403.02c70.55,19.54,291.61,492.24,327.98,561.65   C771.84-1215.3,976.57-872.37,939.81-830.58L939.81-830.58z\"><\/path>\t<path id=\"path5959\" class=\"st0\" d=\"M939.81-387.32c-50.64,57.54-532.76,32.09-605.49,32.1c-52.82,0-424.77,23.88-439.23-32.1   c-19.91-77.08,241.15-524.33,277.51-593.74c26.41-50.4,193.62-417.21,244.85-403.02c70.55,19.54,291.61,492.24,327.98,561.65   C771.84-772.04,976.57-429.11,939.81-387.32L939.81-387.32z\"><\/path>\t<path id=\"path5961\" class=\"st1\" d=\"M431.4-109.48c63.97,0,73.9,56.73,73.9,127.2l41.57,356.18c0,70.47-51.5,127.2-115.46,127.2   c-63.97,0-115.46-56.73-115.46-127.2L357.5,17.73C357.5-52.75,367.43-109.48,431.4-109.48L431.4-109.48z\"><\/path>\t<path id=\"path5963\" class=\"st0\" d=\"M939.81-24.65C889.18,32.88,407.05,7.44,334.32,7.44c-52.82,0-424.77,23.88-439.23-32.1   c-19.91-77.08,241.15-524.33,277.51-593.74c26.41-50.4,193.62-417.21,244.85-403.02c70.55,19.54,291.61,492.24,327.98,561.65   C771.84-409.38,976.57-66.44,939.81-24.65L939.81-24.65z\"><\/path><\/g><\/svg><\/div>\n\t\t\t\t\t\t<\/span>\n\t\t<\/div>\n\t\t\t\t\t\t<\/div>\n\t\t\t\t<\/div>\n\t\t\t\t\t<\/div>\n\t\t<\/div>\n\t\t\t\t\t<\/div>\n\t\t<\/section>\n\t\t\t\t<section class=\"elementor-section elementor-top-section elementor-element elementor-element-2aaa28c elementor-section-boxed elementor-section-height-default elementor-section-height-default\" data-id=\"2aaa28c\" data-element_type=\"section\" data-e-type=\"section\">\n\t\t\t\t\t\t<div class=\"elementor-container elementor-column-gap-extended\">\n\t\t\t\t\t<div class=\"elementor-column elementor-col-50 elementor-top-column elementor-element elementor-element-29e6255\" data-id=\"29e6255\" data-element_type=\"column\" data-e-type=\"column\">\n\t\t\t<div class=\"elementor-widget-wrap elementor-element-populated\">\n\t\t\t\t\t\t<div class=\"elementor-element elementor-element-c9d55da elementor-widget elementor-widget-heading\" data-id=\"c9d55da\" data-element_type=\"widget\" data-e-type=\"widget\" data-widget_type=\"heading.default\">\n\t\t\t\t<div class=\"elementor-widget-container\">\n\t\t\t\t\t<h1 class=\"elementor-heading-title elementor-size-default\">Koivusuo strict nature reserve<\/h1>\t\t\t\t<\/div>\n\t\t\t\t<\/div>\n\t\t\t\t<div class=\"elementor-element elementor-element-4a95e6a elementor-widget elementor-widget-text-editor\" data-id=\"4a95e6a\" data-element_type=\"widget\" data-e-type=\"widget\" data-widget_type=\"text-editor.default\">\n\t\t\t\t<div class=\"elementor-widget-container\">\n\t\t\t\t\t\t\t\t\tIlomatsissa Koitajoen alueella sijaitseva Koivusuon luonnonpuisto on perustettu turvamaan it\u00e4suomalaista suo- ja mets\u00e4luontoa. Luonto pyrit\u00e4\u00e4n s\u00e4ilytt\u00e4m\u00e4\u00e4n mahdollisimman koskemattomana tutkimusalueena, joten siell\u00e4 liikkuminen on sallittua vain merkityill\u00e4 retkeilyreiteill\u00e4. Koivusuo ei ole kokonaan luonnonpuistoa, vaan osa siit\u00e4 on ojitettu turvetuotantoalueeksi.\t\t\t\t\t\t\t\t<\/div>\n\t\t\t\t<\/div>\n\t\t\t\t<div class=\"elementor-element elementor-element-bcce647 elementor-align-left elementor-mobile-align-center elementor-widget__width-inherit elementor-widget elementor-widget-button\" data-id=\"bcce647\" data-element_type=\"widget\" data-e-type=\"widget\" data-settings=\"{&quot;_animation&quot;:&quot;none&quot;}\" data-widget_type=\"button.default\">\n\t\t\t\t<div class=\"elementor-widget-container\">\n\t\t\t\t\t\t\t\t\t<div class=\"elementor-button-wrapper\">\n\t\t\t\t\t<a class=\"elementor-button elementor-button-link elementor-size-xs\" href=\"https:\/\/www.luontoon.fi\/koitajoki\" target=\"_blank\">\n\t\t\t\t\t\t<span class=\"elementor-button-content-wrapper\">\n\t\t\t\t\t\t\t\t\t<span class=\"elementor-button-text\"><img decoding=\"async\" style=\"width: 10px;height: 10px\" src=\"https:\/\/kareliabiosphere-fi.hel4.wp-cloud.dev\/wp-content\/uploads\/2021\/01\/UlkoinenLinkki_icon_varillinen.png\" alt=\"Linkki-ikoni\" align=\"left\" \/>&nbsp;&amp;nbspluontoon.fi<\/span>\n\t\t\t\t\t<\/span>\n\t\t\t\t\t<\/a>\n\t\t\t\t<\/div>\n\t\t\t\t\t\t\t\t<\/div>\n\t\t\t\t<\/div>\n\t\t\t\t\t<\/div>\n\t\t<\/div>\n\t\t\t\t<div class=\"elementor-column elementor-col-50 elementor-top-column elementor-element elementor-element-e5a5ebc\" data-id=\"e5a5ebc\" data-element_type=\"column\" data-e-type=\"column\">\n\t\t\t<div class=\"elementor-widget-wrap elementor-element-populated\">\n\t\t\t\t\t\t<div class=\"elementor-element elementor-element-7145855 elementor-widget elementor-widget-image\" data-id=\"7145855\" data-element_type=\"widget\" data-e-type=\"widget\" data-widget_type=\"image.default\">\n\t\t\t\t<div class=\"elementor-widget-container\">\n\t\t\t\t\t\t\t\t\t\t\t\t<figure class=\"wp-caption\">\n\t\t\t\t\t\t\t\t\t\t<img decoding=\"async\" width=\"1024\" height=\"768\" src=\"https:\/\/kareliabiosphere.fi\/wp-content\/uploads\/2021\/01\/MikaKareinen_Koivusuo1280x960-1024x768.png\" class=\"attachment-large size-large wp-image-4102\" alt=\"\" srcset=\"https:\/\/kareliabiosphere.fi\/wp-content\/uploads\/2021\/01\/MikaKareinen_Koivusuo1280x960-1024x768.png 1024w, https:\/\/kareliabiosphere.fi\/wp-content\/uploads\/2021\/01\/MikaKareinen_Koivusuo1280x960-300x225.png 300w, https:\/\/kareliabiosphere.fi\/wp-content\/uploads\/2021\/01\/MikaKareinen_Koivusuo1280x960-768x576.png 768w, https:\/\/kareliabiosphere.fi\/wp-content\/uploads\/2021\/01\/MikaKareinen_Koivusuo1280x960-16x12.png 16w, https:\/\/kareliabiosphere.fi\/wp-content\/uploads\/2021\/01\/MikaKareinen_Koivusuo1280x960-200x150.png 200w, https:\/\/kareliabiosphere.fi\/wp-content\/uploads\/2021\/01\/MikaKareinen_Koivusuo1280x960-150x113.png 150w, https:\/\/kareliabiosphere.fi\/wp-content\/uploads\/2021\/01\/MikaKareinen_Koivusuo1280x960-547x410.png 547w, https:\/\/kareliabiosphere.fi\/wp-content\/uploads\/2021\/01\/MikaKareinen_Koivusuo1280x960-678x509.png 678w, https:\/\/kareliabiosphere.fi\/wp-content\/uploads\/2021\/01\/MikaKareinen_Koivusuo1280x960-524x393.png 524w, https:\/\/kareliabiosphere.fi\/wp-content\/uploads\/2021\/01\/MikaKareinen_Koivusuo1280x960-420x315.png 420w, https:\/\/kareliabiosphere.fi\/wp-content\/uploads\/2021\/01\/MikaKareinen_Koivusuo1280x960-444x333.png 444w, https:\/\/kareliabiosphere.fi\/wp-content\/uploads\/2021\/01\/MikaKareinen_Koivusuo1280x960-916x687.png 916w, https:\/\/kareliabiosphere.fi\/wp-content\/uploads\/2021\/01\/MikaKareinen_Koivusuo1280x960.png 1280w\" sizes=\"(max-width: 1024px) 100vw, 1024px\" \/>\t\t\t\t\t\t\t\t\t\t\t<figcaption class=\"widget-image-caption wp-caption-text\">\u00a9 Mika Kareinen<\/figcaption>\n\t\t\t\t\t\t\t\t\t\t<\/figure>\n\t\t\t\t\t\t\t\t\t<\/div>\n\t\t\t\t<\/div>\n\t\t\t\t\t<\/div>\n\t\t<\/div>\n\t\t\t\t\t<\/div>\n\t\t<\/section>\n\t\t\t\t<\/div>","protected":false},"excerpt":{"rendered":"<p>Muut luonnonsuojelualueet Lorem ipsum dolor sit amet, consectetur adipiscing elit. Aenean quam justo, semper nec risus eu, posuere commodo augue. Suspendisse fringilla purus lacus, vestibulum mattis dolor vulputate vel. In &hellip; <a href=\"https:\/\/kareliabiosphere.fi\/en\/pk-biosfaarialue\/alueen-luonto-ja-luonnonvarat\/muut-suojelualueet\/\" class=\"more-link\">Continue reading <span class=\"screen-reader-text\">Other nature reserves<\/span><\/a><\/p>","protected":false},"author":1,"featured_media":0,"parent":151,"menu_order":0,"comment_status":"closed","ping_status":"closed","template":"page-templates\/basic-page.php","meta":{"footnotes":""},"class_list":["post-439","page","type-page","status-publish","hentry"],"_links":{"self":[{"href":"https:\/\/kareliabiosphere.fi\/en\/wp-json\/wp\/v2\/pages\/439","targetHints":{"allow":["GET"]}}],"collection":[{"href":"https:\/\/kareliabiosphere.fi\/en\/wp-json\/wp\/v2\/pages"}],"about":[{"href":"https:\/\/kareliabiosphere.fi\/en\/wp-json\/wp\/v2\/types\/page"}],"author":[{"embeddable":true,"href":"https:\/\/kareliabiosphere.fi\/en\/wp-json\/wp\/v2\/users\/1"}],"replies":[{"embeddable":true,"href":"https:\/\/kareliabiosphere.fi\/en\/wp-json\/wp\/v2\/comments?post=439"}],"version-history":[{"count":20,"href":"https:\/\/kareliabiosphere.fi\/en\/wp-json\/wp\/v2\/pages\/439\/revisions"}],"predecessor-version":[{"id":7159,"href":"https:\/\/kareliabiosphere.fi\/en\/wp-json\/wp\/v2\/pages\/439\/revisions\/7159"}],"up":[{"embeddable":true,"href":"https:\/\/kareliabiosphere.fi\/en\/wp-json\/wp\/v2\/pages\/151"}],"wp:attachment":[{"href":"https:\/\/kareliabiosphere.fi\/en\/wp-json\/wp\/v2\/media?parent=439"}],"curies":[{"name":"wp","href":"https:\/\/api.w.org\/{rel}","templated":true}]}}