{"id":5207,"date":"2021-01-12T12:52:33","date_gmt":"2021-01-12T10:52:33","guid":{"rendered":"https:\/\/kareliabiosphere-fi.hel4.wp-cloud.dev\/?page_id=5207"},"modified":"2021-02-01T11:47:33","modified_gmt":"2021-02-01T09:47:33","slug":"intellgreenbelt","status":"publish","type":"page","link":"https:\/\/kareliabiosphere.fi\/en\/toiminta\/hankkeet\/paattyneet-hankkeet\/intellgreenbelt\/","title":{"rendered":"Intellgreenbelt"},"content":{"rendered":"<div data-elementor-type=\"wp-page\" data-elementor-id=\"5207\" class=\"elementor elementor-5207\">\n\t\t\t\t\t\t<section class=\"elementor-section elementor-top-section elementor-element elementor-element-58a085c0 elementor-section-full_width elementor-section-height-default elementor-section-height-default\" data-id=\"58a085c0\" data-element_type=\"section\" data-e-type=\"section\">\n\t\t\t\t\t\t<div class=\"elementor-container elementor-column-gap-default\">\n\t\t\t\t\t<div class=\"elementor-column elementor-col-100 elementor-top-column elementor-element elementor-element-25eb05b0\" data-id=\"25eb05b0\" data-element_type=\"column\" data-e-type=\"column\">\n\t\t\t<div class=\"elementor-widget-wrap elementor-element-populated\">\n\t\t\t\t\t\t<div class=\"elementor-element elementor-element-3e5f9dfa elementor-widget-divider--view-line_icon elementor-view-default elementor-widget-divider--element-align-center elementor-widget elementor-widget-divider\" data-id=\"3e5f9dfa\" data-element_type=\"widget\" data-e-type=\"widget\" data-widget_type=\"divider.default\">\n\t\t\t\t<div class=\"elementor-widget-container\">\n\t\t\t\t\t\t\t<div class=\"elementor-divider\">\n\t\t\t<span class=\"elementor-divider-separator\">\n\t\t\t\t\t\t\t<div class=\"elementor-icon elementor-divider__element\">\n\t\t\t\t\t<svg xmlns=\"http:\/\/www.w3.org\/2000\/svg\" xmlns:xlink=\"http:\/\/www.w3.org\/1999\/xlink\" id=\"Layer_1\" x=\"0px\" y=\"0px\" viewbox=\"0 0 435 641\" style=\"enable-background:new 0 0 435 641;\" xml:space=\"preserve\"><style type=\"text\/css\">\t.st0{fill:#44AA00;stroke:#44AA00;stroke-width:0.3;stroke-linecap:round;stroke-linejoin:round;}\t.st1{fill:#225500;stroke:#44AA00;stroke-width:0.3;stroke-linecap:round;stroke-linejoin:round;}<\/style><g id=\"g5955\" transform=\"matrix(.25282 0 0 .25282 111.22 499.31)\">\t<path id=\"path5957\" class=\"st0\" d=\"M939.81-830.58c-50.64,57.54-532.76,32.09-605.49,32.1c-52.82,0-424.77,23.88-439.23-32.1   c-19.91-77.08,241.15-524.33,277.51-593.74c26.41-50.4,193.62-417.21,244.85-403.02c70.55,19.54,291.61,492.24,327.98,561.65   C771.84-1215.3,976.57-872.37,939.81-830.58L939.81-830.58z\"><\/path>\t<path id=\"path5959\" class=\"st0\" d=\"M939.81-387.32c-50.64,57.54-532.76,32.09-605.49,32.1c-52.82,0-424.77,23.88-439.23-32.1   c-19.91-77.08,241.15-524.33,277.51-593.74c26.41-50.4,193.62-417.21,244.85-403.02c70.55,19.54,291.61,492.24,327.98,561.65   C771.84-772.04,976.57-429.11,939.81-387.32L939.81-387.32z\"><\/path>\t<path id=\"path5961\" class=\"st1\" d=\"M431.4-109.48c63.97,0,73.9,56.73,73.9,127.2l41.57,356.18c0,70.47-51.5,127.2-115.46,127.2   c-63.97,0-115.46-56.73-115.46-127.2L357.5,17.73C357.5-52.75,367.43-109.48,431.4-109.48L431.4-109.48z\"><\/path>\t<path id=\"path5963\" class=\"st0\" d=\"M939.81-24.65C889.18,32.88,407.05,7.44,334.32,7.44c-52.82,0-424.77,23.88-439.23-32.1   c-19.91-77.08,241.15-524.33,277.51-593.74c26.41-50.4,193.62-417.21,244.85-403.02c70.55,19.54,291.61,492.24,327.98,561.65   C771.84-409.38,976.57-66.44,939.81-24.65L939.81-24.65z\"><\/path><\/g><\/svg><\/div>\n\t\t\t\t\t\t<\/span>\n\t\t<\/div>\n\t\t\t\t\t\t<\/div>\n\t\t\t\t<\/div>\n\t\t\t\t\t<\/div>\n\t\t<\/div>\n\t\t\t\t\t<\/div>\n\t\t<\/section>\n\t\t\t\t<section class=\"elementor-section elementor-top-section elementor-element elementor-element-75cbc92 elementor-section-boxed elementor-section-height-default elementor-section-height-default\" data-id=\"75cbc92\" data-element_type=\"section\" data-e-type=\"section\">\n\t\t\t\t\t\t<div class=\"elementor-container elementor-column-gap-default\">\n\t\t\t\t\t<div class=\"elementor-column elementor-col-100 elementor-top-column elementor-element elementor-element-8768665\" data-id=\"8768665\" data-element_type=\"column\" data-e-type=\"column\">\n\t\t\t<div class=\"elementor-widget-wrap elementor-element-populated\">\n\t\t\t\t\t\t<div class=\"elementor-element elementor-element-cf247e7 elementor-widget elementor-widget-heading\" data-id=\"cf247e7\" data-element_type=\"widget\" data-e-type=\"widget\" data-widget_type=\"heading.default\">\n\t\t\t\t<div class=\"elementor-widget-container\">\n\t\t\t\t\t<h1 class=\"elementor-heading-title elementor-size-default\">Intellgreenbelt<\/h1>\t\t\t\t<\/div>\n\t\t\t\t<\/div>\n\t\t\t\t<div class=\"elementor-element elementor-element-8652159 elementor-widget elementor-widget-text-editor\" data-id=\"8652159\" data-element_type=\"widget\" data-e-type=\"widget\" data-widget_type=\"text-editor.default\">\n\t\t\t\t<div class=\"elementor-widget-container\">\n\t\t\t\t\t\t\t\t\t<p data-ccp-props=\"{&quot;335551550&quot;:6,&quot;335551620&quot;:6,&quot;335559683&quot;:0,&quot;335559685&quot;:0,&quot;335559731&quot;:0,&quot;335559737&quot;:0,&quot;335562764&quot;:2,&quot;335562765&quot;:0.9,&quot;335562766&quot;:4,&quot;335562767&quot;:10,&quot;335562768&quot;:4,&quot;335562769&quot;:0}\">IntellGreenBelt\u00a0(Intellectually\u00a0Driven\u00a0Management of Natural Resources of Green\u00a0Belt\u00a0of\u00a0Fennoscandia) on Karelia ENPI CBC -hanke, jonka tavoitteena oli tukea\u00a0Fennoscandian\u00a0Vihre\u00e4n Vy\u00f6hykkeen\u00a0sosio-ekonomista kehityst\u00e4 luomalla rajanylitt\u00e4vi\u00e4 ja innovatiivisia k\u00e4yt\u00e4nt\u00f6j\u00e4 luonnonvarojen kest\u00e4v\u00e4lle k\u00e4yt\u00f6lle ja suojelulle. Hanke oli k\u00e4ynniss\u00e4 2013-2014.<\/p><p data-ccp-props=\"{&quot;335551550&quot;:6,&quot;335551620&quot;:6,&quot;335559683&quot;:0,&quot;335559685&quot;:0,&quot;335559731&quot;:0,&quot;335559737&quot;:0,&quot;335562764&quot;:2,&quot;335562765&quot;:0.9,&quot;335562766&quot;:4,&quot;335562767&quot;:10,&quot;335562768&quot;:4,&quot;335562769&quot;:0}\">\u200b<\/p><p data-ccp-props=\"{&quot;335551550&quot;:6,&quot;335551620&quot;:6,&quot;335559683&quot;:0,&quot;335559685&quot;:0,&quot;335559731&quot;:0,&quot;335559737&quot;:0,&quot;335562764&quot;:2,&quot;335562765&quot;:0.9,&quot;335562766&quot;:4,&quot;335562767&quot;:10,&quot;335562768&quot;:4,&quot;335562769&quot;:0}\">Fennoscandian\u00a0Vihre\u00e4 Vy\u00f6hyke\u00a0(FVV) on ketju nykyisi\u00e4 ja suunniteltuja luonnonsuojelualueita Suomen, Norjan ja Ven\u00e4j\u00e4n rajaseudulla Suomenlahdelta Barentsinmerelle. Maiden\u00a0v\u00e4lisen yhteisty\u00f6n tavoitteena on luoda malli valtion rajojen ylitt\u00e4v\u00e4st\u00e4 luonnonsuojeluyhteisty\u00f6st\u00e4 ja lis\u00e4t\u00e4 alueen tunnettavuutta kansallisesti ja kansainv\u00e4lisesti.<\/p><p data-ccp-props=\"{&quot;335551550&quot;:6,&quot;335551620&quot;:6,&quot;335559683&quot;:0,&quot;335559685&quot;:0,&quot;335559731&quot;:0,&quot;335559737&quot;:0,&quot;335562764&quot;:2,&quot;335562765&quot;:0.9,&quot;335562766&quot;:4,&quot;335562767&quot;:10,&quot;335562768&quot;:4,&quot;335562769&quot;:0}\">\u200b<\/p><p data-ccp-props=\"{&quot;335551550&quot;:6,&quot;335551620&quot;:6,&quot;335559683&quot;:0,&quot;335559685&quot;:0,&quot;335559731&quot;:0,&quot;335559737&quot;:0,&quot;335562764&quot;:2,&quot;335562765&quot;:0.9,&quot;335562766&quot;:4,&quot;335562767&quot;:10,&quot;335562768&quot;:4,&quot;335562769&quot;:0}\">IntellGreenBelt\u00a0pyrki luomaan \u00e4lyllisi\u00e4 malleja ja tietotaitoa luonnonvarojen kest\u00e4v\u00e4n k\u00e4yt\u00f6n tehostamiseksi Vihre\u00e4n Vy\u00f6hykkeen pilottialueilla rajan molemmin puolin. Hankkeen\u00a0l\u00e4ht\u00f6kohtana oli, ett\u00e4 villiel\u00e4in- ja kalakannat ovat kansainv\u00e4lisi\u00e4 luonnonvaroja ja naapurivaltioiden tulisi hoitaa niit\u00e4 yhdess\u00e4. Tavoitteena oli luoda yritysmahdollisuuksia paikallisille\u00a0asukkaille ja tehostaa suojelualueiden toimintaa innovatiivisilla l\u00e4hestymistavoilla kehitt\u00e4m\u00e4ll\u00e4 mets\u00e4styst\u00e4, amat\u00f6\u00f6rikalastusta sek\u00e4 virkistys- ja oppimismatkailua.\u00a0\u200b<br \/>\u200b<\/p><p data-ccp-props=\"{&quot;335551550&quot;:6,&quot;335551620&quot;:6,&quot;335559683&quot;:0,&quot;335559685&quot;:0,&quot;335559731&quot;:0,&quot;335559737&quot;:0,&quot;335562764&quot;:2,&quot;335562765&quot;:0.9,&quot;335562766&quot;:4,&quot;335562767&quot;:10,&quot;335562768&quot;:4,&quot;335562769&quot;:0}\">Pohjois-Karjalan biosf\u00e4\u00e4rialue\u00a0koordinoi hanketta Suomen puolella yhdess\u00e4 Suomen ymp\u00e4rist\u00f6keskuksen (SYKE),\u00a0Future\u00a0Missions\u00a0Oy:n, ja Elinkeino-, liikenne- ja ymp\u00e4rist\u00f6keskuksen\u00a0kanssa.<\/p>\t\t\t\t\t\t\t\t<\/div>\n\t\t\t\t<\/div>\n\t\t\t\t<div class=\"elementor-element elementor-element-92a8057 elementor-widget elementor-widget-heading\" data-id=\"92a8057\" data-element_type=\"widget\" data-e-type=\"widget\" data-widget_type=\"heading.default\">\n\t\t\t\t<div class=\"elementor-widget-container\">\n\t\t\t\t\t<h2 class=\"elementor-heading-title elementor-size-default\">Lis\u00e4tietoa<\/h2>\t\t\t\t<\/div>\n\t\t\t\t<\/div>\n\t\t\t\t<div class=\"elementor-element elementor-element-795e63b elementor-widget elementor-widget-text-editor\" data-id=\"795e63b\" data-element_type=\"widget\" data-e-type=\"widget\" data-widget_type=\"text-editor.default\">\n\t\t\t\t<div class=\"elementor-widget-container\">\n\t\t\t\t\t\t\t\t\t<p><a href=\"http:\/\/intellgreenbelt.krc.karelia.ru\/index.php?plang=e)\" target=\"_blank\" rel=\"noopener\"><strong>Intellgreenbelt-hankesivut englanniksi\u00a0<\/strong> <\/a><img decoding=\"async\" style=\"width: 10px; height: 10px;\" src=\"https:\/\/kareliabiosphere-fi.hel4.wp-cloud.dev\/wp-content\/uploads\/2021\/01\/UlkoinenLinkki_icon_varillinen.png\" alt=\"Linkki-ikoni\" \/><\/p><p><a href=\"http:\/\/www.syke.fi\/en-US\/Research__Development\/Research_and_development_projects\/Projects\/Intellectually_driven_management_of_natural_resources_of_Green_Belt_of_Fennoscandia_IntellGreenBelt\" target=\"_blank\" rel=\"noopener\"><strong><span class=\"TextRun SCXP147272900 BCX0\" lang=\"FI-FI\" xml:lang=\"FI-FI\" data-usefontface=\"false\" data-contrast=\"none\"><span class=\"NormalTextRun SCXP147272900 BCX0\">Suomen ymp\u00e4rist\u00f6keskuksen\u00a0<\/span><\/span><span class=\"TextRun SCXP147272900 BCX0\" lang=\"FI-FI\" xml:lang=\"FI-FI\" data-usefontface=\"false\" data-contrast=\"none\"><span class=\"NormalTextRun SCXP147272900 BCX0\">IntellGreenBelt<\/span><\/span><span class=\"TextRun SCXP147272900 BCX0\" lang=\"FI-FI\" xml:lang=\"FI-FI\" data-usefontface=\"false\" data-contrast=\"none\"><span class=\"NormalTextRun SCXP147272900 BCX0\">-hankesivut englanniksi<\/span><\/span> <\/strong><\/a> <img decoding=\"async\" style=\"width: 10px; height: 10px;\" src=\"https:\/\/kareliabiosphere-fi.hel4.wp-cloud.dev\/wp-content\/uploads\/2021\/01\/UlkoinenLinkki_icon_varillinen.png\" alt=\"Linkki-ikoni\" \/><\/p><p><a href=\"http:\/\/www.kareliaenpi.eu\/\" target=\"_blank\" rel=\"noopener\"><strong><span class=\"TextRun SCXP68210640 BCX0\" lang=\"FI-FI\" xml:lang=\"FI-FI\" data-usefontface=\"false\" data-contrast=\"none\"><span class=\"NormalTextRun SCXP68210640 BCX0\">Karelia ENPI CBC<\/span><\/span><span class=\"TextRun SCXP68210640 BCX0\" lang=\"FI-FI\" xml:lang=\"FI-FI\" data-usefontface=\"false\" data-contrast=\"none\"><span class=\"NormalTextRun SCXP68210640 BCX0\">\u00a0-rajanylitt\u00e4v\u00e4 yhteisty\u00f6ohjelma<\/span><\/span> <\/strong><\/a><img decoding=\"async\" style=\"width: 10px; height: 10px;\" src=\"https:\/\/kareliabiosphere-fi.hel4.wp-cloud.dev\/wp-content\/uploads\/2021\/01\/UlkoinenLinkki_icon_varillinen.png\" alt=\"Linkki-ikoni\" \/><\/p><p><a href=\"http:\/\/www.ym.fi\/vihreavyohyke\" target=\"_blank\" rel=\"noopener\"><strong><span class=\"TextRun SCXP68210640 BCX0\" lang=\"FI-FI\" xml:lang=\"FI-FI\" data-usefontface=\"false\" data-contrast=\"none\"><span class=\"NormalTextRun SCXP68210640 BCX0\"><span class=\"TextRun SCXP151550581 BCX0\" lang=\"FI-FI\" xml:lang=\"FI-FI\" data-usefontface=\"false\" data-contrast=\"none\"><span class=\"NormalTextRun SCXP151550581 BCX0\">Fennoscandian<\/span><\/span><span class=\"TextRun SCXP151550581 BCX0\" lang=\"FI-FI\" xml:lang=\"FI-FI\" data-usefontface=\"false\" data-contrast=\"none\"><span class=\"NormalTextRun SCXP151550581 BCX0\">\u00a0Vihre\u00e4 Vy\u00f6hyke<\/span><\/span><span class=\"TextRun SCXP151550581 BCX0\" lang=\"FI-FI\" xml:lang=\"FI-FI\" data-usefontface=\"false\" data-contrast=\"none\"><span class=\"NormalTextRun SCXP151550581 BCX0\"> Ymp\u00e4rist\u00f6ministeri\u00f6n sivuill<\/span><\/span>a<\/span><\/span> <\/strong><\/a><img decoding=\"async\" style=\"width: 10px; height: 10px;\" src=\"https:\/\/kareliabiosphere-fi.hel4.wp-cloud.dev\/wp-content\/uploads\/2021\/01\/UlkoinenLinkki_icon_varillinen.png\" alt=\"Linkki-ikoni\" \/><\/p>\t\t\t\t\t\t\t\t<\/div>\n\t\t\t\t<\/div>\n\t\t\t\t\t<\/div>\n\t\t<\/div>\n\t\t\t\t\t<\/div>\n\t\t<\/section>\n\t\t\t\t<section class=\"elementor-section elementor-top-section elementor-element elementor-element-8992f4c elementor-section-full_width elementor-section-height-default elementor-section-height-default\" data-id=\"8992f4c\" data-element_type=\"section\" data-e-type=\"section\">\n\t\t\t\t\t\t<div class=\"elementor-container elementor-column-gap-default\">\n\t\t\t\t\t<div class=\"elementor-column elementor-col-100 elementor-top-column elementor-element elementor-element-fd40aa7\" data-id=\"fd40aa7\" data-element_type=\"column\" data-e-type=\"column\">\n\t\t\t<div class=\"elementor-widget-wrap elementor-element-populated\">\n\t\t\t\t\t\t<div class=\"elementor-element elementor-element-3c59f89 elementor-widget-divider--view-line_icon elementor-view-default elementor-widget-divider--element-align-center elementor-widget elementor-widget-divider\" data-id=\"3c59f89\" data-element_type=\"widget\" data-e-type=\"widget\" data-widget_type=\"divider.default\">\n\t\t\t\t<div class=\"elementor-widget-container\">\n\t\t\t\t\t\t\t<div class=\"elementor-divider\">\n\t\t\t<span class=\"elementor-divider-separator\">\n\t\t\t\t\t\t\t<div class=\"elementor-icon elementor-divider__element\">\n\t\t\t\t\t<svg xmlns=\"http:\/\/www.w3.org\/2000\/svg\" xmlns:xlink=\"http:\/\/www.w3.org\/1999\/xlink\" id=\"Layer_1\" x=\"0px\" y=\"0px\" viewbox=\"0 0 435 641\" style=\"enable-background:new 0 0 435 641;\" xml:space=\"preserve\"><style type=\"text\/css\">\t.st0{fill:#44AA00;stroke:#44AA00;stroke-width:0.3;stroke-linecap:round;stroke-linejoin:round;}\t.st1{fill:#225500;stroke:#44AA00;stroke-width:0.3;stroke-linecap:round;stroke-linejoin:round;}<\/style><g id=\"g5955\" transform=\"matrix(.25282 0 0 .25282 111.22 499.31)\">\t<path id=\"path5957\" class=\"st0\" d=\"M939.81-830.58c-50.64,57.54-532.76,32.09-605.49,32.1c-52.82,0-424.77,23.88-439.23-32.1   c-19.91-77.08,241.15-524.33,277.51-593.74c26.41-50.4,193.62-417.21,244.85-403.02c70.55,19.54,291.61,492.24,327.98,561.65   C771.84-1215.3,976.57-872.37,939.81-830.58L939.81-830.58z\"><\/path>\t<path id=\"path5959\" class=\"st0\" d=\"M939.81-387.32c-50.64,57.54-532.76,32.09-605.49,32.1c-52.82,0-424.77,23.88-439.23-32.1   c-19.91-77.08,241.15-524.33,277.51-593.74c26.41-50.4,193.62-417.21,244.85-403.02c70.55,19.54,291.61,492.24,327.98,561.65   C771.84-772.04,976.57-429.11,939.81-387.32L939.81-387.32z\"><\/path>\t<path id=\"path5961\" class=\"st1\" d=\"M431.4-109.48c63.97,0,73.9,56.73,73.9,127.2l41.57,356.18c0,70.47-51.5,127.2-115.46,127.2   c-63.97,0-115.46-56.73-115.46-127.2L357.5,17.73C357.5-52.75,367.43-109.48,431.4-109.48L431.4-109.48z\"><\/path>\t<path id=\"path5963\" class=\"st0\" d=\"M939.81-24.65C889.18,32.88,407.05,7.44,334.32,7.44c-52.82,0-424.77,23.88-439.23-32.1   c-19.91-77.08,241.15-524.33,277.51-593.74c26.41-50.4,193.62-417.21,244.85-403.02c70.55,19.54,291.61,492.24,327.98,561.65   C771.84-409.38,976.57-66.44,939.81-24.65L939.81-24.65z\"><\/path><\/g><\/svg><\/div>\n\t\t\t\t\t\t<\/span>\n\t\t<\/div>\n\t\t\t\t\t\t<\/div>\n\t\t\t\t<\/div>\n\t\t\t\t\t<\/div>\n\t\t<\/div>\n\t\t\t\t\t<\/div>\n\t\t<\/section>\n\t\t\t\t<\/div>","protected":false},"excerpt":{"rendered":"<p>Intellgreenbelt IntellGreenBelt\u00a0(Intellectually\u00a0Driven\u00a0Management of Natural Resources of Green\u00a0Belt\u00a0of\u00a0Fennoscandia) on Karelia ENPI CBC -hanke, jonka tavoitteena oli tukea\u00a0Fennoscandian\u00a0Vihre\u00e4n Vy\u00f6hykkeen\u00a0sosio-ekonomista kehityst\u00e4 luomalla rajanylitt\u00e4vi\u00e4 ja innovatiivisia k\u00e4yt\u00e4nt\u00f6j\u00e4 luonnonvarojen kest\u00e4v\u00e4lle k\u00e4yt\u00f6lle ja suojelulle. Hanke oli &hellip; <a href=\"https:\/\/kareliabiosphere.fi\/en\/toiminta\/hankkeet\/paattyneet-hankkeet\/intellgreenbelt\/\" class=\"more-link\">Continue reading <span class=\"screen-reader-text\">Intellgreenbelt<\/span><\/a><\/p>","protected":false},"author":1,"featured_media":0,"parent":6228,"menu_order":7,"comment_status":"closed","ping_status":"closed","template":"page-templates\/basic-page.php","meta":{"footnotes":""},"class_list":["post-5207","page","type-page","status-publish","hentry"],"_links":{"self":[{"href":"https:\/\/kareliabiosphere.fi\/en\/wp-json\/wp\/v2\/pages\/5207","targetHints":{"allow":["GET"]}}],"collection":[{"href":"https:\/\/kareliabiosphere.fi\/en\/wp-json\/wp\/v2\/pages"}],"about":[{"href":"https:\/\/kareliabiosphere.fi\/en\/wp-json\/wp\/v2\/types\/page"}],"author":[{"embeddable":true,"href":"https:\/\/kareliabiosphere.fi\/en\/wp-json\/wp\/v2\/users\/1"}],"replies":[{"embeddable":true,"href":"https:\/\/kareliabiosphere.fi\/en\/wp-json\/wp\/v2\/comments?post=5207"}],"version-history":[{"count":20,"href":"https:\/\/kareliabiosphere.fi\/en\/wp-json\/wp\/v2\/pages\/5207\/revisions"}],"predecessor-version":[{"id":8650,"href":"https:\/\/kareliabiosphere.fi\/en\/wp-json\/wp\/v2\/pages\/5207\/revisions\/8650"}],"up":[{"embeddable":true,"href":"https:\/\/kareliabiosphere.fi\/en\/wp-json\/wp\/v2\/pages\/6228"}],"wp:attachment":[{"href":"https:\/\/kareliabiosphere.fi\/en\/wp-json\/wp\/v2\/media?parent=5207"}],"curies":[{"name":"wp","href":"https:\/\/api.w.org\/{rel}","templated":true}]}}