{"id":5210,"date":"2021-01-12T12:52:45","date_gmt":"2021-01-12T10:52:45","guid":{"rendered":"https:\/\/kareliabiosphere-fi.hel4.wp-cloud.dev\/?page_id=5210"},"modified":"2021-02-01T11:46:18","modified_gmt":"2021-02-01T09:46:18","slug":"rok-for","status":"publish","type":"page","link":"https:\/\/kareliabiosphere.fi\/en\/toiminta\/hankkeet\/paattyneet-hankkeet\/rok-for\/","title":{"rendered":"ROK-FOR"},"content":{"rendered":"<div data-elementor-type=\"wp-page\" data-elementor-id=\"5210\" class=\"elementor elementor-5210\">\n\t\t\t\t\t\t<section class=\"elementor-section elementor-top-section elementor-element elementor-element-b33cab3 elementor-section-full_width elementor-section-height-default elementor-section-height-default\" data-id=\"b33cab3\" data-element_type=\"section\" data-e-type=\"section\">\n\t\t\t\t\t\t<div class=\"elementor-container elementor-column-gap-default\">\n\t\t\t\t\t<div class=\"elementor-column elementor-col-100 elementor-top-column elementor-element elementor-element-0f1ac4e\" data-id=\"0f1ac4e\" data-element_type=\"column\" data-e-type=\"column\">\n\t\t\t<div class=\"elementor-widget-wrap elementor-element-populated\">\n\t\t\t\t\t\t<div class=\"elementor-element elementor-element-5e1a97c elementor-widget-divider--view-line_icon elementor-view-default elementor-widget-divider--element-align-center elementor-widget elementor-widget-divider\" data-id=\"5e1a97c\" data-element_type=\"widget\" data-e-type=\"widget\" data-widget_type=\"divider.default\">\n\t\t\t\t<div class=\"elementor-widget-container\">\n\t\t\t\t\t\t\t<div class=\"elementor-divider\">\n\t\t\t<span class=\"elementor-divider-separator\">\n\t\t\t\t\t\t\t<div class=\"elementor-icon elementor-divider__element\">\n\t\t\t\t\t<svg xmlns=\"http:\/\/www.w3.org\/2000\/svg\" xmlns:xlink=\"http:\/\/www.w3.org\/1999\/xlink\" id=\"Layer_1\" x=\"0px\" y=\"0px\" viewbox=\"0 0 435 641\" style=\"enable-background:new 0 0 435 641;\" xml:space=\"preserve\"><style type=\"text\/css\">\t.st0{fill:#44AA00;stroke:#44AA00;stroke-width:0.3;stroke-linecap:round;stroke-linejoin:round;}\t.st1{fill:#225500;stroke:#44AA00;stroke-width:0.3;stroke-linecap:round;stroke-linejoin:round;}<\/style><g id=\"g5955\" transform=\"matrix(.25282 0 0 .25282 111.22 499.31)\">\t<path id=\"path5957\" class=\"st0\" d=\"M939.81-830.58c-50.64,57.54-532.76,32.09-605.49,32.1c-52.82,0-424.77,23.88-439.23-32.1   c-19.91-77.08,241.15-524.33,277.51-593.74c26.41-50.4,193.62-417.21,244.85-403.02c70.55,19.54,291.61,492.24,327.98,561.65   C771.84-1215.3,976.57-872.37,939.81-830.58L939.81-830.58z\"><\/path>\t<path id=\"path5959\" class=\"st0\" d=\"M939.81-387.32c-50.64,57.54-532.76,32.09-605.49,32.1c-52.82,0-424.77,23.88-439.23-32.1   c-19.91-77.08,241.15-524.33,277.51-593.74c26.41-50.4,193.62-417.21,244.85-403.02c70.55,19.54,291.61,492.24,327.98,561.65   C771.84-772.04,976.57-429.11,939.81-387.32L939.81-387.32z\"><\/path>\t<path id=\"path5961\" class=\"st1\" d=\"M431.4-109.48c63.97,0,73.9,56.73,73.9,127.2l41.57,356.18c0,70.47-51.5,127.2-115.46,127.2   c-63.97,0-115.46-56.73-115.46-127.2L357.5,17.73C357.5-52.75,367.43-109.48,431.4-109.48L431.4-109.48z\"><\/path>\t<path id=\"path5963\" class=\"st0\" d=\"M939.81-24.65C889.18,32.88,407.05,7.44,334.32,7.44c-52.82,0-424.77,23.88-439.23-32.1   c-19.91-77.08,241.15-524.33,277.51-593.74c26.41-50.4,193.62-417.21,244.85-403.02c70.55,19.54,291.61,492.24,327.98,561.65   C771.84-409.38,976.57-66.44,939.81-24.65L939.81-24.65z\"><\/path><\/g><\/svg><\/div>\n\t\t\t\t\t\t<\/span>\n\t\t<\/div>\n\t\t\t\t\t\t<\/div>\n\t\t\t\t<\/div>\n\t\t\t\t\t<\/div>\n\t\t<\/div>\n\t\t\t\t\t<\/div>\n\t\t<\/section>\n\t\t\t\t<section class=\"elementor-section elementor-top-section elementor-element elementor-element-f9704d7 elementor-section-boxed elementor-section-height-default elementor-section-height-default\" data-id=\"f9704d7\" data-element_type=\"section\" data-e-type=\"section\">\n\t\t\t\t\t\t<div class=\"elementor-container elementor-column-gap-default\">\n\t\t\t\t\t<div class=\"elementor-column elementor-col-100 elementor-top-column elementor-element elementor-element-bef2f7a\" data-id=\"bef2f7a\" data-element_type=\"column\" data-e-type=\"column\">\n\t\t\t<div class=\"elementor-widget-wrap elementor-element-populated\">\n\t\t\t\t\t\t<div class=\"elementor-element elementor-element-ba8733f elementor-widget elementor-widget-heading\" data-id=\"ba8733f\" data-element_type=\"widget\" data-e-type=\"widget\" data-widget_type=\"heading.default\">\n\t\t\t\t<div class=\"elementor-widget-container\">\n\t\t\t\t\t<h1 class=\"elementor-heading-title elementor-size-default\">ROK FOR -hanke<\/h1>\t\t\t\t<\/div>\n\t\t\t\t<\/div>\n\t\t\t\t<div class=\"elementor-element elementor-element-adb0c55 elementor-widget elementor-widget-text-editor\" data-id=\"adb0c55\" data-element_type=\"widget\" data-e-type=\"widget\" data-widget_type=\"text-editor.default\">\n\t\t\t\t<div class=\"elementor-widget-container\">\n\t\t\t\t\t\t\t\t\t<p data-ccp-props=\"{&quot;335551550&quot;:6,&quot;335551620&quot;:6,&quot;335559683&quot;:0,&quot;335559685&quot;:0,&quot;335559731&quot;:0,&quot;335559737&quot;:0,&quot;335562764&quot;:2,&quot;335562765&quot;:0.9,&quot;335562766&quot;:4,&quot;335562767&quot;:10,&quot;335562768&quot;:4,&quot;335562769&quot;:0}\"><span data-usefontface=\"false\" data-contrast=\"none\">RoK<\/span><span data-usefontface=\"false\" data-contrast=\"none\">-FOR (<\/span><span data-usefontface=\"false\" data-contrast=\"none\">Regions<\/span><span data-usefontface=\"false\" data-contrast=\"none\">\u00a0of Knowledge for\u00a0<\/span><span data-usefontface=\"false\" data-contrast=\"none\">Forestry<\/span><span data-usefontface=\"false\" data-contrast=\"none\">) &#8211;<\/span><span data-usefontface=\"false\" data-contrast=\"none\">koordinaaatiohanke<\/span><span data-usefontface=\"false\" data-contrast=\"none\">\u00a0&#8221;Kest\u00e4v\u00e4 mets\u00e4talous tuottaa uusiutuvaa energiaa ja rakennusaineita sek\u00e4 biopohjaisia tuotteita&#8221; yhdisti Pohjois-<\/span><span data-usefontface=\"false\" data-contrast=\"none\">Karjalan nelj\u00e4\u00e4n keski-eurooppalaiseen kumppanuusalueeseen ja niiden mets\u00e4- ja ymp\u00e4rist\u00f6-klustereihin. Kolmivuotinen hanke p\u00e4\u00e4ttyi tammikuussa 2013, mutta verkoston toiminta\u00a0<\/span><span data-usefontface=\"false\" data-contrast=\"none\">jatkuu yhteiseurooppalaisen toimintasuunnitelman mukaisesti.<\/span>\u200b<\/p><p data-ccp-props=\"{&quot;335551550&quot;:6,&quot;335551620&quot;:6,&quot;335559683&quot;:0,&quot;335559685&quot;:0,&quot;335559731&quot;:0,&quot;335559737&quot;:0,&quot;335562764&quot;:2,&quot;335562765&quot;:0.9,&quot;335562766&quot;:4,&quot;335562767&quot;:10,&quot;335562768&quot;:4,&quot;335562769&quot;:0}\">\u00a0<\/p><p data-ccp-props=\"{&quot;335551550&quot;:6,&quot;335551620&quot;:6,&quot;335559683&quot;:0,&quot;335559685&quot;:0,&quot;335559731&quot;:0,&quot;335559737&quot;:0,&quot;335562764&quot;:2,&quot;335562765&quot;:0.9,&quot;335562766&quot;:4,&quot;335562767&quot;:10,&quot;335562768&quot;:4,&quot;335562769&quot;:0}\"><span data-usefontface=\"false\" data-contrast=\"none\">Eurooppalaiset yhteisty\u00f6kumppanit tulivat Saksasta, Ranskasta, Espanjasta, Kroatiasta ja Serbiasta. Pohjois-Karjalasta mukana olivat Euroopan mets\u00e4instituutti (EFI), It\u00e4-Suomen\u00a0<\/span><span data-usefontface=\"false\" data-contrast=\"none\">yliopisto ja Joensuun Tiedepuisto Oy sek\u00e4 hankkeen\u00a0<\/span><span data-usefontface=\"false\" data-contrast=\"none\">koordinaatorina<\/span><span data-usefontface=\"false\" data-contrast=\"none\">\u00a0toiminut\u00a0<\/span><b><span data-usefontface=\"false\" data-contrast=\"none\">North Karelia Biosphere Reserve<\/span><\/b><span data-usefontface=\"false\" data-contrast=\"none\">\u00a0Elinkeino-, liikenne- ja ymp\u00e4rist\u00f6keskuksesta. Pohjois-Karjala oli luonteva\u00a0<\/span><span data-usefontface=\"false\" data-contrast=\"none\">valinta hankkeen ainoaksi suomalaiseksi kohdealueeksi, sill\u00e4 maakunnassa on vahvaa puurakentamisen ja biopohjaisten tuotteiden osaamista. Mets\u00e4talouteen perustuvat toimialat\u00a0<\/span><span data-usefontface=\"false\" data-contrast=\"none\">ovat Pohjois-Karjalalle t\u00e4rkeit\u00e4 tulevaisuuden biotaloudessa ja ilmastonmuutokseen sopeutumisessa.<\/span>\u200b<\/p><p data-ccp-props=\"{&quot;335551550&quot;:6,&quot;335551620&quot;:6,&quot;335559683&quot;:0,&quot;335559685&quot;:0,&quot;335559731&quot;:0,&quot;335559737&quot;:0,&quot;335562764&quot;:2,&quot;335562765&quot;:0.9,&quot;335562766&quot;:4,&quot;335562767&quot;:10,&quot;335562768&quot;:4,&quot;335562769&quot;:0}\">\u00a0<\/p><p data-ccp-props=\"{&quot;335551550&quot;:6,&quot;335551620&quot;:6,&quot;335559683&quot;:0,&quot;335559685&quot;:0,&quot;335559731&quot;:0,&quot;335559737&quot;:0,&quot;335562764&quot;:2,&quot;335562765&quot;:0.9,&quot;335562766&quot;:4,&quot;335562767&quot;:10,&quot;335562768&quot;:4,&quot;335562769&quot;:0}\"><span data-usefontface=\"false\" data-contrast=\"none\">Hankkeen tavoitteena oli lis\u00e4t\u00e4 kumppanuusalueiden k\u00e4yt\u00e4nn\u00f6n yhteisty\u00f6t\u00e4 bioenergian, biopohjaisten tuotteiden ja puurakentamisen aloilla. Keskeisen\u00e4 p\u00e4\u00e4m\u00e4\u00e4r\u00e4n\u00e4 oli\u00a0<\/span><span data-usefontface=\"false\" data-contrast=\"none\">kohdealueiden mets\u00e4alan vahvuuksien ja ymp\u00e4rist\u00f6vastuun kehitt\u00e4minen sek\u00e4 kansainv\u00e4lisen liiketoiminnan vahvistaminen. Kultakin kohdealueelta koottiin alueellinen klusteri, jossa\u00a0<\/span><span data-usefontface=\"false\" data-contrast=\"none\">mukana olivat yritykset, tutkimus ja hallinto. N\u00e4in mukaan saatiin koko ketju innovaatioiden muotoutumisesta niiden tuotantoon ja n\u00e4iden toimien rahoittamiseen. Rahoituksen\u00a0<\/span><span data-usefontface=\"false\" data-contrast=\"none\">j\u00e4rjest\u00e4minen uusille hankkeille oli yksi keskeisist\u00e4 tavoitteista.<\/span>\u200b<\/p><p data-ccp-props=\"{&quot;335551550&quot;:6,&quot;335551620&quot;:6,&quot;335559683&quot;:0,&quot;335559685&quot;:0,&quot;335559731&quot;:0,&quot;335559737&quot;:0,&quot;335562764&quot;:2,&quot;335562765&quot;:0.9,&quot;335562766&quot;:4,&quot;335562767&quot;:10,&quot;335562768&quot;:4,&quot;335562769&quot;:0}\">\u00a0<\/p><p data-ccp-props=\"{&quot;335551550&quot;:6,&quot;335551620&quot;:6,&quot;335559683&quot;:0,&quot;335559685&quot;:0,&quot;335559731&quot;:0,&quot;335559737&quot;:0,&quot;335562764&quot;:2,&quot;335562765&quot;:0.9,&quot;335562766&quot;:4,&quot;335562767&quot;:10,&quot;335562768&quot;:4,&quot;335562769&quot;:0}\"><span data-usefontface=\"false\" data-contrast=\"none\">Hankkeen toimialat valittiin EU:n\u00a0<\/span><span data-usefontface=\"false\" data-contrast=\"none\">Lead<\/span><span data-usefontface=\"false\" data-contrast=\"none\">\u00a0Market -aloitteen perusteella tukemaan innovatiivisia edell\u00e4k\u00e4vij\u00e4markkinoita. Perustana oli tarve l\u00f6yt\u00e4\u00e4 uusia mets\u00e4nk\u00e4sittelytapoja,\u00a0<\/span><span data-usefontface=\"false\" data-contrast=\"none\">organisaatioita ja hallintomalleja, jotka soveltuvat Euroopan eri alueille. Toimialojen valinnalla pyrittiin luomaan lis\u00e4painetta kest\u00e4v\u00e4lle mets\u00e4taloudelle, jotta tuotantom\u00e4\u00e4r\u00e4t, hinnat,\u00a0<\/span><span data-usefontface=\"false\" data-contrast=\"none\">laatu, kilpailukyky ja metsien muut (my\u00f6s aineettomat) hy\u00f6dyt sek\u00e4 esimerkiksi maisematason asiat voidaan jatkossa ottaa paremmin huomioon.<\/span>\u200b<\/p>\t\t\t\t\t\t\t\t<\/div>\n\t\t\t\t<\/div>\n\t\t\t\t<div class=\"elementor-element elementor-element-12f6f52 elementor-widget elementor-widget-heading\" data-id=\"12f6f52\" data-element_type=\"widget\" data-e-type=\"widget\" data-widget_type=\"heading.default\">\n\t\t\t\t<div class=\"elementor-widget-container\">\n\t\t\t\t\t<h2 class=\"elementor-heading-title elementor-size-default\">Lis\u00e4tietoa<\/h2>\t\t\t\t<\/div>\n\t\t\t\t<\/div>\n\t\t\t\t<div class=\"elementor-element elementor-element-ad28727 elementor-widget elementor-widget-text-editor\" data-id=\"ad28727\" data-element_type=\"widget\" data-e-type=\"widget\" data-widget_type=\"text-editor.default\">\n\t\t\t\t<div class=\"elementor-widget-container\">\n\t\t\t\t\t\t\t\t\t<p data-ccp-props=\"{\"><a href=\"http:\/\/www.rokfor.eu\/main\/\" target=\"_blank\" rel=\"noopener\"><span data-usefontface=\"false\" data-contrast=\"none\">RoK<\/span><span data-usefontface=\"false\" data-contrast=\"none\">-FOR<\/span><span data-usefontface=\"false\" data-contrast=\"none\"> -hankesivut englanniksi <\/span><\/a>\u00a0<img decoding=\"async\" style=\"width: 10px; height: 10px;\" src=\"https:\/\/kareliabiosphere-fi.hel4.wp-cloud.dev\/wp-content\/uploads\/2021\/01\/UlkoinenLinkki_icon_varillinen.png\" alt=\"Linkki-ikoni\" \/>\u200b\u200b<\/p><p data-ccp-props=\"{\"><a href=\"http:\/\/cordis.europa.eu\/result\/rcn\/56649_en.html\" target=\"_blank\" rel=\"noopener\"><span data-usefontface=\"false\" data-contrast=\"none\">RoK<\/span><span data-usefontface=\"false\" data-contrast=\"none\">-FOR<\/span><span data-usefontface=\"false\" data-contrast=\"none\"> -hankkeen loppuraportti englanniksi \u00a0<\/span><\/a><img decoding=\"async\" style=\"width: 10px; height: 10px;\" src=\"https:\/\/kareliabiosphere-fi.hel4.wp-cloud.dev\/wp-content\/uploads\/2021\/01\/UlkoinenLinkki_icon_varillinen.png\" alt=\"Linkki-ikoni\" \/>\u200b<\/p>\t\t\t\t\t\t\t\t<\/div>\n\t\t\t\t<\/div>\n\t\t\t\t\t<\/div>\n\t\t<\/div>\n\t\t\t\t\t<\/div>\n\t\t<\/section>\n\t\t\t\t<section class=\"elementor-section elementor-top-section elementor-element elementor-element-42c0c541 elementor-section-full_width elementor-section-height-default elementor-section-height-default\" data-id=\"42c0c541\" data-element_type=\"section\" data-e-type=\"section\">\n\t\t\t\t\t\t<div class=\"elementor-container elementor-column-gap-default\">\n\t\t\t\t\t<div class=\"elementor-column elementor-col-100 elementor-top-column elementor-element elementor-element-455e7ff7\" data-id=\"455e7ff7\" data-element_type=\"column\" data-e-type=\"column\">\n\t\t\t<div class=\"elementor-widget-wrap elementor-element-populated\">\n\t\t\t\t\t\t<div class=\"elementor-element elementor-element-20f6b569 elementor-widget-divider--view-line_icon elementor-view-default elementor-widget-divider--element-align-center elementor-widget elementor-widget-divider\" data-id=\"20f6b569\" data-element_type=\"widget\" data-e-type=\"widget\" data-widget_type=\"divider.default\">\n\t\t\t\t<div class=\"elementor-widget-container\">\n\t\t\t\t\t\t\t<div class=\"elementor-divider\">\n\t\t\t<span class=\"elementor-divider-separator\">\n\t\t\t\t\t\t\t<div class=\"elementor-icon elementor-divider__element\">\n\t\t\t\t\t<svg xmlns=\"http:\/\/www.w3.org\/2000\/svg\" xmlns:xlink=\"http:\/\/www.w3.org\/1999\/xlink\" id=\"Layer_1\" x=\"0px\" y=\"0px\" viewbox=\"0 0 435 641\" style=\"enable-background:new 0 0 435 641;\" xml:space=\"preserve\"><style type=\"text\/css\">\t.st0{fill:#44AA00;stroke:#44AA00;stroke-width:0.3;stroke-linecap:round;stroke-linejoin:round;}\t.st1{fill:#225500;stroke:#44AA00;stroke-width:0.3;stroke-linecap:round;stroke-linejoin:round;}<\/style><g id=\"g5955\" transform=\"matrix(.25282 0 0 .25282 111.22 499.31)\">\t<path id=\"path5957\" class=\"st0\" d=\"M939.81-830.58c-50.64,57.54-532.76,32.09-605.49,32.1c-52.82,0-424.77,23.88-439.23-32.1   c-19.91-77.08,241.15-524.33,277.51-593.74c26.41-50.4,193.62-417.21,244.85-403.02c70.55,19.54,291.61,492.24,327.98,561.65   C771.84-1215.3,976.57-872.37,939.81-830.58L939.81-830.58z\"><\/path>\t<path id=\"path5959\" class=\"st0\" d=\"M939.81-387.32c-50.64,57.54-532.76,32.09-605.49,32.1c-52.82,0-424.77,23.88-439.23-32.1   c-19.91-77.08,241.15-524.33,277.51-593.74c26.41-50.4,193.62-417.21,244.85-403.02c70.55,19.54,291.61,492.24,327.98,561.65   C771.84-772.04,976.57-429.11,939.81-387.32L939.81-387.32z\"><\/path>\t<path id=\"path5961\" class=\"st1\" d=\"M431.4-109.48c63.97,0,73.9,56.73,73.9,127.2l41.57,356.18c0,70.47-51.5,127.2-115.46,127.2   c-63.97,0-115.46-56.73-115.46-127.2L357.5,17.73C357.5-52.75,367.43-109.48,431.4-109.48L431.4-109.48z\"><\/path>\t<path id=\"path5963\" class=\"st0\" d=\"M939.81-24.65C889.18,32.88,407.05,7.44,334.32,7.44c-52.82,0-424.77,23.88-439.23-32.1   c-19.91-77.08,241.15-524.33,277.51-593.74c26.41-50.4,193.62-417.21,244.85-403.02c70.55,19.54,291.61,492.24,327.98,561.65   C771.84-409.38,976.57-66.44,939.81-24.65L939.81-24.65z\"><\/path><\/g><\/svg><\/div>\n\t\t\t\t\t\t<\/span>\n\t\t<\/div>\n\t\t\t\t\t\t<\/div>\n\t\t\t\t<\/div>\n\t\t\t\t\t<\/div>\n\t\t<\/div>\n\t\t\t\t\t<\/div>\n\t\t<\/section>\n\t\t\t\t<\/div>","protected":false},"excerpt":{"rendered":"<p>ROK FOR -hanke RoK-FOR (Regions\u00a0of Knowledge for\u00a0Forestry) -koordinaaatiohanke\u00a0&#8221;Kest\u00e4v\u00e4 mets\u00e4talous tuottaa uusiutuvaa energiaa ja rakennusaineita sek\u00e4 biopohjaisia tuotteita&#8221; yhdisti Pohjois-Karjalan nelj\u00e4\u00e4n keski-eurooppalaiseen kumppanuusalueeseen ja niiden mets\u00e4- ja ymp\u00e4rist\u00f6-klustereihin. Kolmivuotinen hanke p\u00e4\u00e4ttyi &hellip; <a href=\"https:\/\/kareliabiosphere.fi\/en\/toiminta\/hankkeet\/paattyneet-hankkeet\/rok-for\/\" class=\"more-link\">Continue reading <span class=\"screen-reader-text\">ROK-FOR<\/span><\/a><\/p>","protected":false},"author":1,"featured_media":0,"parent":6228,"menu_order":7,"comment_status":"closed","ping_status":"closed","template":"page-templates\/basic-page.php","meta":{"footnotes":""},"class_list":["post-5210","page","type-page","status-publish","hentry"],"_links":{"self":[{"href":"https:\/\/kareliabiosphere.fi\/en\/wp-json\/wp\/v2\/pages\/5210","targetHints":{"allow":["GET"]}}],"collection":[{"href":"https:\/\/kareliabiosphere.fi\/en\/wp-json\/wp\/v2\/pages"}],"about":[{"href":"https:\/\/kareliabiosphere.fi\/en\/wp-json\/wp\/v2\/types\/page"}],"author":[{"embeddable":true,"href":"https:\/\/kareliabiosphere.fi\/en\/wp-json\/wp\/v2\/users\/1"}],"replies":[{"embeddable":true,"href":"https:\/\/kareliabiosphere.fi\/en\/wp-json\/wp\/v2\/comments?post=5210"}],"version-history":[{"count":19,"href":"https:\/\/kareliabiosphere.fi\/en\/wp-json\/wp\/v2\/pages\/5210\/revisions"}],"predecessor-version":[{"id":8644,"href":"https:\/\/kareliabiosphere.fi\/en\/wp-json\/wp\/v2\/pages\/5210\/revisions\/8644"}],"up":[{"embeddable":true,"href":"https:\/\/kareliabiosphere.fi\/en\/wp-json\/wp\/v2\/pages\/6228"}],"wp:attachment":[{"href":"https:\/\/kareliabiosphere.fi\/en\/wp-json\/wp\/v2\/media?parent=5210"}],"curies":[{"name":"wp","href":"https:\/\/api.w.org\/{rel}","templated":true}]}}