{"id":5213,"date":"2021-01-12T12:52:56","date_gmt":"2021-01-12T10:52:56","guid":{"rendered":"https:\/\/kareliabiosphere-fi.hel4.wp-cloud.dev\/?page_id=5213"},"modified":"2021-02-01T11:41:56","modified_gmt":"2021-02-01T09:41:56","slug":"multi-effort","status":"publish","type":"page","link":"https:\/\/kareliabiosphere.fi\/en\/toiminta\/hankkeet\/paattyneet-hankkeet\/multi-effort\/","title":{"rendered":"MULTI EFFORT"},"content":{"rendered":"<div data-elementor-type=\"wp-page\" data-elementor-id=\"5213\" class=\"elementor elementor-5213\">\n\t\t\t\t\t\t<section class=\"elementor-section elementor-top-section elementor-element elementor-element-bcb2276 elementor-section-full_width elementor-section-height-default elementor-section-height-default\" data-id=\"bcb2276\" data-element_type=\"section\" data-e-type=\"section\">\n\t\t\t\t\t\t<div class=\"elementor-container elementor-column-gap-default\">\n\t\t\t\t\t<div class=\"elementor-column elementor-col-100 elementor-top-column elementor-element elementor-element-6d101bc\" data-id=\"6d101bc\" data-element_type=\"column\" data-e-type=\"column\">\n\t\t\t<div class=\"elementor-widget-wrap elementor-element-populated\">\n\t\t\t\t\t\t<div class=\"elementor-element elementor-element-cebabc3 elementor-widget-divider--view-line_icon elementor-view-default elementor-widget-divider--element-align-center elementor-widget elementor-widget-divider\" data-id=\"cebabc3\" data-element_type=\"widget\" data-e-type=\"widget\" data-widget_type=\"divider.default\">\n\t\t\t\t<div class=\"elementor-widget-container\">\n\t\t\t\t\t\t\t<div class=\"elementor-divider\">\n\t\t\t<span class=\"elementor-divider-separator\">\n\t\t\t\t\t\t\t<div class=\"elementor-icon elementor-divider__element\">\n\t\t\t\t\t<svg xmlns=\"http:\/\/www.w3.org\/2000\/svg\" xmlns:xlink=\"http:\/\/www.w3.org\/1999\/xlink\" id=\"Layer_1\" x=\"0px\" y=\"0px\" viewbox=\"0 0 435 641\" style=\"enable-background:new 0 0 435 641;\" xml:space=\"preserve\"><style type=\"text\/css\">\t.st0{fill:#44AA00;stroke:#44AA00;stroke-width:0.3;stroke-linecap:round;stroke-linejoin:round;}\t.st1{fill:#225500;stroke:#44AA00;stroke-width:0.3;stroke-linecap:round;stroke-linejoin:round;}<\/style><g id=\"g5955\" transform=\"matrix(.25282 0 0 .25282 111.22 499.31)\">\t<path id=\"path5957\" class=\"st0\" d=\"M939.81-830.58c-50.64,57.54-532.76,32.09-605.49,32.1c-52.82,0-424.77,23.88-439.23-32.1   c-19.91-77.08,241.15-524.33,277.51-593.74c26.41-50.4,193.62-417.21,244.85-403.02c70.55,19.54,291.61,492.24,327.98,561.65   C771.84-1215.3,976.57-872.37,939.81-830.58L939.81-830.58z\"><\/path>\t<path id=\"path5959\" class=\"st0\" d=\"M939.81-387.32c-50.64,57.54-532.76,32.09-605.49,32.1c-52.82,0-424.77,23.88-439.23-32.1   c-19.91-77.08,241.15-524.33,277.51-593.74c26.41-50.4,193.62-417.21,244.85-403.02c70.55,19.54,291.61,492.24,327.98,561.65   C771.84-772.04,976.57-429.11,939.81-387.32L939.81-387.32z\"><\/path>\t<path id=\"path5961\" class=\"st1\" d=\"M431.4-109.48c63.97,0,73.9,56.73,73.9,127.2l41.57,356.18c0,70.47-51.5,127.2-115.46,127.2   c-63.97,0-115.46-56.73-115.46-127.2L357.5,17.73C357.5-52.75,367.43-109.48,431.4-109.48L431.4-109.48z\"><\/path>\t<path id=\"path5963\" class=\"st0\" d=\"M939.81-24.65C889.18,32.88,407.05,7.44,334.32,7.44c-52.82,0-424.77,23.88-439.23-32.1   c-19.91-77.08,241.15-524.33,277.51-593.74c26.41-50.4,193.62-417.21,244.85-403.02c70.55,19.54,291.61,492.24,327.98,561.65   C771.84-409.38,976.57-66.44,939.81-24.65L939.81-24.65z\"><\/path><\/g><\/svg><\/div>\n\t\t\t\t\t\t<\/span>\n\t\t<\/div>\n\t\t\t\t\t\t<\/div>\n\t\t\t\t<\/div>\n\t\t\t\t\t<\/div>\n\t\t<\/div>\n\t\t\t\t\t<\/div>\n\t\t<\/section>\n\t\t\t\t<section class=\"elementor-section elementor-top-section elementor-element elementor-element-d0f7b72 elementor-section-boxed elementor-section-height-default elementor-section-height-default\" data-id=\"d0f7b72\" data-element_type=\"section\" data-e-type=\"section\">\n\t\t\t\t\t\t<div class=\"elementor-container elementor-column-gap-default\">\n\t\t\t\t\t<div class=\"elementor-column elementor-col-100 elementor-top-column elementor-element elementor-element-2bc614f\" data-id=\"2bc614f\" data-element_type=\"column\" data-e-type=\"column\">\n\t\t\t<div class=\"elementor-widget-wrap elementor-element-populated\">\n\t\t\t\t\t\t<div class=\"elementor-element elementor-element-53222d5 elementor-widget elementor-widget-heading\" data-id=\"53222d5\" data-element_type=\"widget\" data-e-type=\"widget\" data-widget_type=\"heading.default\">\n\t\t\t\t<div class=\"elementor-widget-container\">\n\t\t\t\t\t<h2 class=\"elementor-heading-title elementor-size-default\">MULTI EFFORT<\/h2>\t\t\t\t<\/div>\n\t\t\t\t<\/div>\n\t\t\t\t\t<\/div>\n\t\t<\/div>\n\t\t\t\t\t<\/div>\n\t\t<\/section>\n\t\t\t\t<section class=\"elementor-section elementor-top-section elementor-element elementor-element-7bbedc0 elementor-section-boxed elementor-section-height-default elementor-section-height-default\" data-id=\"7bbedc0\" data-element_type=\"section\" data-e-type=\"section\">\n\t\t\t\t\t\t<div class=\"elementor-container elementor-column-gap-default\">\n\t\t\t\t\t<div class=\"elementor-column elementor-col-100 elementor-top-column elementor-element elementor-element-c24a55d\" data-id=\"c24a55d\" data-element_type=\"column\" data-e-type=\"column\">\n\t\t\t<div class=\"elementor-widget-wrap elementor-element-populated\">\n\t\t\t\t\t\t<div class=\"elementor-element elementor-element-dace70c elementor-widget elementor-widget-text-editor\" data-id=\"dace70c\" data-element_type=\"widget\" data-e-type=\"widget\" data-widget_type=\"text-editor.default\">\n\t\t\t\t<div class=\"elementor-widget-container\">\n\t\t\t\t\t\t\t\t\t<p><strong>MULTI EFFORT<\/strong> (Multiple Eco-Friendly\u00a0Forest\u00a0Use:\u00a0Restoring\u00a0Traditions) on vuosina 2012-2014 k\u00e4ynniss\u00e4 ollut Karelia ENPI CBC -hanke, jonka tavoitteena\u00a0oli parantaa paikallisten ihmisten el\u00e4m\u00e4\u00e4 metsien ekosysteemipalveluiden avulla Pohjois-Karjalan biosf\u00e4\u00e4rialueella ja Karjalan tasavallassa Ven\u00e4j\u00e4ll\u00e4.\u00a0Paikallisten asukkaiden toimeentulo ja yritysmahdollisuudet pohjautuvat n\u00e4ill\u00e4 alueilla laajalti metsien ekosysteemipalveluiden varaan. MULTI EFFORT -hankkeen tavoitteena oli kartoittaa ja parantaa n\u00e4iden ekosysteemipalveluiden hy\u00f6dynt\u00e4mismahdollisuuksia.\u00a0\u200b<\/p><p>\u00a0<\/p><p>Monimuotoinen mets\u00e4 voi tuottaa useita ekosysteemipalveluita. Ihmisen aiheuttamat muutokset mets\u00e4ekosysteemiss\u00e4 vaikuttavat my\u00f6s mets\u00e4n\u00a0tuottamiin ekosysteemipalveluihin. MULTI EFFORT -hankkeessa pyrittiin l\u00f6yt\u00e4m\u00e4\u00e4n keinoja parantaa metsien ekosysteemipalveluita, arvioitiin\u00a0ekosysteemien tuottamaa taloudellista arvoa, ja tutkittiin metsien kest\u00e4v\u00e4n k\u00e4yt\u00f6n esteit\u00e4 ja rajoituksia. Hankkeen tavoitteena oli edist\u00e4\u00e4 metsien\u00a0tuotantopalveluiden kuten marjojen ja sienien kaupallistamista. Lis\u00e4ksi tutkimuksen kohteena oli muun muassa mets\u00e4ekosysteemien palautumiskyky\u00a0luontaisten ja ihmisen aiheuttamien h\u00e4iri\u00f6iden j\u00e4lkeen sek\u00e4 metsien ja mets\u00e4talouden vaikutukset vesitalouteen ja vesien laatuun.\u200b<\/p><p>\u00a0<\/p><p>Pohjois-Karjalan biosf\u00e4\u00e4rialue\u00a0ja Metla vastasivat yhdess\u00e4 Suomen puolella hankkeen koordinoinnista, tutkimusmateriaalin keruusta, tiedot-tamisesta,\u00a0kehitt\u00e4misest\u00e4 ja koulutustilaisuuksien j\u00e4rjest\u00e4misest\u00e4.\u00a0\u200b<\/p>\t\t\t\t\t\t\t\t<\/div>\n\t\t\t\t<\/div>\n\t\t\t\t<div class=\"elementor-element elementor-element-cea7aba elementor-widget elementor-widget-heading\" data-id=\"cea7aba\" data-element_type=\"widget\" data-e-type=\"widget\" data-widget_type=\"heading.default\">\n\t\t\t\t<div class=\"elementor-widget-container\">\n\t\t\t\t\t<h2 class=\"elementor-heading-title elementor-size-default\">Lis\u00e4tietoa<\/h2>\t\t\t\t<\/div>\n\t\t\t\t<\/div>\n\t\t\t\t<div class=\"elementor-element elementor-element-3c20985 elementor-widget elementor-widget-text-editor\" data-id=\"3c20985\" data-element_type=\"widget\" data-e-type=\"widget\" data-widget_type=\"text-editor.default\">\n\t\t\t\t<div class=\"elementor-widget-container\">\n\t\t\t\t\t\t\t\t\t<p data-ccp-props=\"{\"><span data-usefontface=\"false\" data-contrast=\"none\">Metlan MULTI EFFORT -hankesivut\u00a0<\/span><a href=\"http:\/\/www.metla.fi\/hanke\/7530\/\" target=\"_blank\" rel=\"noopener\"><span data-usefontface=\"false\" data-contrast=\"none\">suomeksi<\/span><\/a><span data-usefontface=\"false\" data-contrast=\"none\"> <img decoding=\"async\" style=\"width: 10px; height: 10px;\" src=\"https:\/\/kareliabiosphere-fi.hel4.wp-cloud.dev\/wp-content\/uploads\/2021\/01\/UlkoinenLinkki_icon_varillinen.png\" alt=\"Linkki-ikoni\" \/> ja laajemmin\u00a0<\/span><a href=\"http:\/\/www.metla.fi\/hanke\/7530\/index-en.html\" target=\"_blank\" rel=\"noopener\"><span data-usefontface=\"false\" data-contrast=\"none\">englanniksi <\/span><\/a><img decoding=\"async\" style=\"width: 10px; height: 10px;\" src=\"https:\/\/kareliabiosphere-fi.hel4.wp-cloud.dev\/wp-content\/uploads\/2021\/01\/UlkoinenLinkki_icon_varillinen.png\" alt=\"Linkki-ikoni\" \/><\/p><p data-ccp-props=\"{\"><span data-usefontface=\"false\" data-contrast=\"none\">Hankkeen <\/span><a href=\"http:\/\/www.metla.fi\/hanke\/7530\/doc\/karelia1.pdf\" target=\"_blank\" rel=\"noopener\"><span data-usefontface=\"false\" data-contrast=\"none\">mallialueet<\/span><span data-usefontface=\"false\" data-contrast=\"none\"> kartalla <\/span><\/a><img decoding=\"async\" style=\"width: 10px; height: 10px;\" src=\"https:\/\/kareliabiosphere-fi.hel4.wp-cloud.dev\/wp-content\/uploads\/2021\/01\/UlkoinenLinkki_icon_varillinen.png\" alt=\"Linkki-ikoni\" \/><\/p><p data-ccp-props=\"{\"><a href=\"http:\/\/www.kareliaenpi.eu\/\" target=\"_blank\" rel=\"noopener\"><span data-usefontface=\"false\" data-contrast=\"none\">Karelia ENPI CBC<\/span><span data-usefontface=\"false\" data-contrast=\"none\"> -rajanylitt\u00e4v\u00e4 yhteisty\u00f6ohjelma\u00a0<\/span><\/a><img decoding=\"async\" style=\"width: 10px; height: 10px;\" src=\"https:\/\/kareliabiosphere-fi.hel4.wp-cloud.dev\/wp-content\/uploads\/2021\/01\/UlkoinenLinkki_icon_varillinen.png\" alt=\"Linkki-ikoni\" \/><\/p><p data-ccp-props=\"{\"><span data-usefontface=\"false\" data-contrast=\"none\"><a href=\"http:\/\/www.sll.fi\/mita-me-teemme\/ekosysteemipalvelut\" target=\"_blank\" rel=\"noopener\">Ekosysteemipalvelut<\/a>\u00a0<\/span><img decoding=\"async\" style=\"width: 10px; height: 10px;\" src=\"https:\/\/kareliabiosphere-fi.hel4.wp-cloud.dev\/wp-content\/uploads\/2021\/01\/UlkoinenLinkki_icon_varillinen.png\" alt=\"Linkki-ikoni\" \/> Suomen luonnonsuojeluliiton sivuilla\u00a0<\/p><p data-ccp-props=\"{\">\u00a0<\/p>\t\t\t\t\t\t\t\t<\/div>\n\t\t\t\t<\/div>\n\t\t\t\t\t<\/div>\n\t\t<\/div>\n\t\t\t\t\t<\/div>\n\t\t<\/section>\n\t\t\t\t<section class=\"elementor-section elementor-top-section elementor-element elementor-element-2ff002bc elementor-section-full_width elementor-section-height-default elementor-section-height-default\" data-id=\"2ff002bc\" data-element_type=\"section\" data-e-type=\"section\">\n\t\t\t\t\t\t<div class=\"elementor-container elementor-column-gap-default\">\n\t\t\t\t\t<div class=\"elementor-column elementor-col-100 elementor-top-column elementor-element elementor-element-252de181\" data-id=\"252de181\" data-element_type=\"column\" data-e-type=\"column\">\n\t\t\t<div class=\"elementor-widget-wrap elementor-element-populated\">\n\t\t\t\t\t\t<div class=\"elementor-element elementor-element-5f9edef elementor-widget-divider--view-line_icon elementor-view-default elementor-widget-divider--element-align-center elementor-widget elementor-widget-divider\" data-id=\"5f9edef\" data-element_type=\"widget\" data-e-type=\"widget\" data-widget_type=\"divider.default\">\n\t\t\t\t<div class=\"elementor-widget-container\">\n\t\t\t\t\t\t\t<div class=\"elementor-divider\">\n\t\t\t<span class=\"elementor-divider-separator\">\n\t\t\t\t\t\t\t<div class=\"elementor-icon elementor-divider__element\">\n\t\t\t\t\t<svg xmlns=\"http:\/\/www.w3.org\/2000\/svg\" xmlns:xlink=\"http:\/\/www.w3.org\/1999\/xlink\" id=\"Layer_1\" x=\"0px\" y=\"0px\" viewbox=\"0 0 435 641\" style=\"enable-background:new 0 0 435 641;\" xml:space=\"preserve\"><style type=\"text\/css\">\t.st0{fill:#44AA00;stroke:#44AA00;stroke-width:0.3;stroke-linecap:round;stroke-linejoin:round;}\t.st1{fill:#225500;stroke:#44AA00;stroke-width:0.3;stroke-linecap:round;stroke-linejoin:round;}<\/style><g id=\"g5955\" transform=\"matrix(.25282 0 0 .25282 111.22 499.31)\">\t<path id=\"path5957\" class=\"st0\" d=\"M939.81-830.58c-50.64,57.54-532.76,32.09-605.49,32.1c-52.82,0-424.77,23.88-439.23-32.1   c-19.91-77.08,241.15-524.33,277.51-593.74c26.41-50.4,193.62-417.21,244.85-403.02c70.55,19.54,291.61,492.24,327.98,561.65   C771.84-1215.3,976.57-872.37,939.81-830.58L939.81-830.58z\"><\/path>\t<path id=\"path5959\" class=\"st0\" d=\"M939.81-387.32c-50.64,57.54-532.76,32.09-605.49,32.1c-52.82,0-424.77,23.88-439.23-32.1   c-19.91-77.08,241.15-524.33,277.51-593.74c26.41-50.4,193.62-417.21,244.85-403.02c70.55,19.54,291.61,492.24,327.98,561.65   C771.84-772.04,976.57-429.11,939.81-387.32L939.81-387.32z\"><\/path>\t<path id=\"path5961\" class=\"st1\" d=\"M431.4-109.48c63.97,0,73.9,56.73,73.9,127.2l41.57,356.18c0,70.47-51.5,127.2-115.46,127.2   c-63.97,0-115.46-56.73-115.46-127.2L357.5,17.73C357.5-52.75,367.43-109.48,431.4-109.48L431.4-109.48z\"><\/path>\t<path id=\"path5963\" class=\"st0\" d=\"M939.81-24.65C889.18,32.88,407.05,7.44,334.32,7.44c-52.82,0-424.77,23.88-439.23-32.1   c-19.91-77.08,241.15-524.33,277.51-593.74c26.41-50.4,193.62-417.21,244.85-403.02c70.55,19.54,291.61,492.24,327.98,561.65   C771.84-409.38,976.57-66.44,939.81-24.65L939.81-24.65z\"><\/path><\/g><\/svg><\/div>\n\t\t\t\t\t\t<\/span>\n\t\t<\/div>\n\t\t\t\t\t\t<\/div>\n\t\t\t\t<\/div>\n\t\t\t\t\t<\/div>\n\t\t<\/div>\n\t\t\t\t\t<\/div>\n\t\t<\/section>\n\t\t\t\t<\/div>","protected":false},"excerpt":{"rendered":"<p>MULTI EFFORT MULTI EFFORT (Multiple Eco-Friendly\u00a0Forest\u00a0Use:\u00a0Restoring\u00a0Traditions) on vuosina 2012-2014 k\u00e4ynniss\u00e4 ollut Karelia ENPI CBC -hanke, jonka tavoitteena\u00a0oli parantaa paikallisten ihmisten el\u00e4m\u00e4\u00e4 metsien ekosysteemipalveluiden avulla Pohjois-Karjalan biosf\u00e4\u00e4rialueella ja Karjalan tasavallassa Ven\u00e4j\u00e4ll\u00e4.\u00a0Paikallisten &hellip; <a href=\"https:\/\/kareliabiosphere.fi\/en\/toiminta\/hankkeet\/paattyneet-hankkeet\/multi-effort\/\" class=\"more-link\">Continue reading <span class=\"screen-reader-text\">MULTI EFFORT<\/span><\/a><\/p>","protected":false},"author":1,"featured_media":0,"parent":6228,"menu_order":7,"comment_status":"closed","ping_status":"closed","template":"page-templates\/basic-page.php","meta":{"footnotes":""},"class_list":["post-5213","page","type-page","status-publish","hentry"],"_links":{"self":[{"href":"https:\/\/kareliabiosphere.fi\/en\/wp-json\/wp\/v2\/pages\/5213","targetHints":{"allow":["GET"]}}],"collection":[{"href":"https:\/\/kareliabiosphere.fi\/en\/wp-json\/wp\/v2\/pages"}],"about":[{"href":"https:\/\/kareliabiosphere.fi\/en\/wp-json\/wp\/v2\/types\/page"}],"author":[{"embeddable":true,"href":"https:\/\/kareliabiosphere.fi\/en\/wp-json\/wp\/v2\/users\/1"}],"replies":[{"embeddable":true,"href":"https:\/\/kareliabiosphere.fi\/en\/wp-json\/wp\/v2\/comments?post=5213"}],"version-history":[{"count":20,"href":"https:\/\/kareliabiosphere.fi\/en\/wp-json\/wp\/v2\/pages\/5213\/revisions"}],"predecessor-version":[{"id":8638,"href":"https:\/\/kareliabiosphere.fi\/en\/wp-json\/wp\/v2\/pages\/5213\/revisions\/8638"}],"up":[{"embeddable":true,"href":"https:\/\/kareliabiosphere.fi\/en\/wp-json\/wp\/v2\/pages\/6228"}],"wp:attachment":[{"href":"https:\/\/kareliabiosphere.fi\/en\/wp-json\/wp\/v2\/media?parent=5213"}],"curies":[{"name":"wp","href":"https:\/\/api.w.org\/{rel}","templated":true}]}}