{"id":5222,"date":"2021-01-12T12:54:04","date_gmt":"2021-01-12T10:54:04","guid":{"rendered":"https:\/\/kareliabiosphere-fi.hel4.wp-cloud.dev\/?page_id=5222"},"modified":"2021-02-01T11:25:35","modified_gmt":"2021-02-01T09:25:35","slug":"karlands","status":"publish","type":"page","link":"https:\/\/kareliabiosphere.fi\/en\/toiminta\/hankkeet\/paattyneet-hankkeet\/karlands\/","title":{"rendered":"Karlands"},"content":{"rendered":"<div data-elementor-type=\"wp-page\" data-elementor-id=\"5222\" class=\"elementor elementor-5222\">\n\t\t\t\t\t\t<section class=\"elementor-section elementor-top-section elementor-element elementor-element-7068f971 elementor-section-full_width elementor-section-height-default elementor-section-height-default\" data-id=\"7068f971\" data-element_type=\"section\" data-e-type=\"section\">\n\t\t\t\t\t\t<div class=\"elementor-container elementor-column-gap-default\">\n\t\t\t\t\t<div class=\"elementor-column elementor-col-100 elementor-top-column elementor-element elementor-element-5bc4f3a1\" data-id=\"5bc4f3a1\" data-element_type=\"column\" data-e-type=\"column\">\n\t\t\t<div class=\"elementor-widget-wrap elementor-element-populated\">\n\t\t\t\t\t\t<div class=\"elementor-element elementor-element-13acb7df elementor-widget-divider--view-line_icon elementor-view-default elementor-widget-divider--element-align-center elementor-widget elementor-widget-divider\" data-id=\"13acb7df\" data-element_type=\"widget\" data-e-type=\"widget\" data-widget_type=\"divider.default\">\n\t\t\t\t<div class=\"elementor-widget-container\">\n\t\t\t\t\t\t\t<div class=\"elementor-divider\">\n\t\t\t<span class=\"elementor-divider-separator\">\n\t\t\t\t\t\t\t<div class=\"elementor-icon elementor-divider__element\">\n\t\t\t\t\t<svg xmlns=\"http:\/\/www.w3.org\/2000\/svg\" xmlns:xlink=\"http:\/\/www.w3.org\/1999\/xlink\" id=\"Layer_1\" x=\"0px\" y=\"0px\" viewbox=\"0 0 435 641\" style=\"enable-background:new 0 0 435 641;\" xml:space=\"preserve\"><style type=\"text\/css\">\t.st0{fill:#44AA00;stroke:#44AA00;stroke-width:0.3;stroke-linecap:round;stroke-linejoin:round;}\t.st1{fill:#225500;stroke:#44AA00;stroke-width:0.3;stroke-linecap:round;stroke-linejoin:round;}<\/style><g id=\"g5955\" transform=\"matrix(.25282 0 0 .25282 111.22 499.31)\">\t<path id=\"path5957\" class=\"st0\" d=\"M939.81-830.58c-50.64,57.54-532.76,32.09-605.49,32.1c-52.82,0-424.77,23.88-439.23-32.1   c-19.91-77.08,241.15-524.33,277.51-593.74c26.41-50.4,193.62-417.21,244.85-403.02c70.55,19.54,291.61,492.24,327.98,561.65   C771.84-1215.3,976.57-872.37,939.81-830.58L939.81-830.58z\"><\/path>\t<path id=\"path5959\" class=\"st0\" d=\"M939.81-387.32c-50.64,57.54-532.76,32.09-605.49,32.1c-52.82,0-424.77,23.88-439.23-32.1   c-19.91-77.08,241.15-524.33,277.51-593.74c26.41-50.4,193.62-417.21,244.85-403.02c70.55,19.54,291.61,492.24,327.98,561.65   C771.84-772.04,976.57-429.11,939.81-387.32L939.81-387.32z\"><\/path>\t<path id=\"path5961\" class=\"st1\" d=\"M431.4-109.48c63.97,0,73.9,56.73,73.9,127.2l41.57,356.18c0,70.47-51.5,127.2-115.46,127.2   c-63.97,0-115.46-56.73-115.46-127.2L357.5,17.73C357.5-52.75,367.43-109.48,431.4-109.48L431.4-109.48z\"><\/path>\t<path id=\"path5963\" class=\"st0\" d=\"M939.81-24.65C889.18,32.88,407.05,7.44,334.32,7.44c-52.82,0-424.77,23.88-439.23-32.1   c-19.91-77.08,241.15-524.33,277.51-593.74c26.41-50.4,193.62-417.21,244.85-403.02c70.55,19.54,291.61,492.24,327.98,561.65   C771.84-409.38,976.57-66.44,939.81-24.65L939.81-24.65z\"><\/path><\/g><\/svg><\/div>\n\t\t\t\t\t\t<\/span>\n\t\t<\/div>\n\t\t\t\t\t\t<\/div>\n\t\t\t\t<\/div>\n\t\t\t\t\t<\/div>\n\t\t<\/div>\n\t\t\t\t\t<\/div>\n\t\t<\/section>\n\t\t\t\t<section class=\"elementor-section elementor-top-section elementor-element elementor-element-875058f elementor-section-boxed elementor-section-height-default elementor-section-height-default\" data-id=\"875058f\" data-element_type=\"section\" data-e-type=\"section\">\n\t\t\t\t\t\t<div class=\"elementor-container elementor-column-gap-default\">\n\t\t\t\t\t<div class=\"elementor-column elementor-col-100 elementor-top-column elementor-element elementor-element-d1a3e17\" data-id=\"d1a3e17\" data-element_type=\"column\" data-e-type=\"column\">\n\t\t\t<div class=\"elementor-widget-wrap elementor-element-populated\">\n\t\t\t\t\t\t<div class=\"elementor-element elementor-element-1494fe8 elementor-widget elementor-widget-heading\" data-id=\"1494fe8\" data-element_type=\"widget\" data-e-type=\"widget\" data-widget_type=\"heading.default\">\n\t\t\t\t<div class=\"elementor-widget-container\">\n\t\t\t\t\t<h2 class=\"elementor-heading-title elementor-size-default\">Karlands - kest\u00e4vi\u00e4 Karjalaisia maisemia<\/h2>\t\t\t\t<\/div>\n\t\t\t\t<\/div>\n\t\t\t\t\t<\/div>\n\t\t<\/div>\n\t\t\t\t\t<\/div>\n\t\t<\/section>\n\t\t\t\t<section class=\"elementor-section elementor-top-section elementor-element elementor-element-c2eef80 elementor-section-boxed elementor-section-height-default elementor-section-height-default\" data-id=\"c2eef80\" data-element_type=\"section\" data-e-type=\"section\">\n\t\t\t\t\t\t<div class=\"elementor-container elementor-column-gap-default\">\n\t\t\t\t\t<div class=\"elementor-column elementor-col-50 elementor-top-column elementor-element elementor-element-d9f27a1\" data-id=\"d9f27a1\" data-element_type=\"column\" data-e-type=\"column\">\n\t\t\t<div class=\"elementor-widget-wrap elementor-element-populated\">\n\t\t\t\t\t\t<div class=\"elementor-element elementor-element-9c47147 elementor-widget elementor-widget-text-editor\" data-id=\"9c47147\" data-element_type=\"widget\" data-e-type=\"widget\" data-widget_type=\"text-editor.default\">\n\t\t\t\t<div class=\"elementor-widget-container\">\n\t\t\t\t\t\t\t\t\t<p><span class=\"TextRun SCXP78925893 BCX0\" lang=\"FI-FI\" xml:lang=\"FI-FI\" data-usefontface=\"false\" data-contrast=\"none\"><span class=\"NormalTextRun SCXP78925893 BCX0\"><strong>Kest\u00e4vi\u00e4 Karjalaisia maisemia<\/strong> -projektin tavoitteena oli tukea\u00a0 hyv\u00e4\u00e4 hallintotapaa Karjalan alueella\u00a0<\/span><\/span><span class=\"TextRun SCXP78925893 BCX0\" lang=\"FI-FI\" xml:lang=\"FI-FI\" data-usefontface=\"false\" data-contrast=\"none\"><span class=\"NormalTextRun SCXP78925893 BCX0\">Suomessa (Kainuu ja Pohjois-Karjala) ja Ven\u00e4j\u00e4ll\u00e4 (Karjalan tasavalta) luonnon resurssien kest\u00e4v\u00e4n\u00a0<\/span><\/span><span class=\"TextRun SCXP78925893 BCX0\" lang=\"FI-FI\" xml:lang=\"FI-FI\" data-usefontface=\"false\" data-contrast=\"none\"><span class=\"NormalTextRun SCXP78925893 BCX0\">k\u00e4yt\u00f6n kehitt\u00e4miseksi ja biodiversiteetin s\u00e4ilytt\u00e4miseksi.<\/span><\/span><\/p><p>\u00a0<\/p><p><strong>Hankekumppanit<\/strong><\/p><ul><li style=\"list-style-type: none;\"><ul style=\"font-weight: 400;\"><li data-aria-posinset=\"2\" data-aria-level=\"1\"><span data-usefontface=\"false\" data-contrast=\"none\">It\u00e4-Suomen Yliopisto (<\/span><span data-usefontface=\"false\" data-contrast=\"none\">Mekrij\u00e4rvi<\/span><span data-usefontface=\"false\" data-contrast=\"none\">\u00a0Tutkimusasema), Suomi\u00a0<\/span>\u200b<\/li><li data-aria-posinset=\"3\" data-aria-level=\"1\"><span data-usefontface=\"false\" data-contrast=\"none\">Directorate<\/span><span data-usefontface=\"false\" data-contrast=\"none\">\u00a0of\u00a0<\/span><span data-usefontface=\"false\" data-contrast=\"none\">Regional<\/span><span data-usefontface=\"false\" data-contrast=\"none\">\u00a0<\/span><span data-usefontface=\"false\" data-contrast=\"none\">Protected<\/span><span data-usefontface=\"false\" data-contrast=\"none\">\u00a0<\/span><span data-usefontface=\"false\" data-contrast=\"none\">Areas<\/span><span data-usefontface=\"false\" data-contrast=\"none\">\u00a0of\u00a0<\/span><span data-usefontface=\"false\" data-contrast=\"none\">Republic<\/span><span data-usefontface=\"false\" data-contrast=\"none\">\u00a0Karelia (DRPA), Ven\u00e4j\u00e4<\/span>\u200b<\/li><li data-aria-posinset=\"4\" data-aria-level=\"1\"><a href=\"https:\/\/www.ely-keskus.fi\/web\/ely\/ely-pohjois-karjala?p_p_id=122_INSTANCE_aluevalinta&amp;p_p_lifecycle=0&amp;p_p_state=normal&amp;p_p_mode=view&amp;p_r_p_564233524_resetCur=true&amp;p_r_p_564233524_categoryId=14403\"><span data-usefontface=\"false\" data-contrast=\"none\">Pohjois-Karjalan ELY-Keskus, Suomi<\/span><\/a>\u200b<\/li><li data-aria-posinset=\"5\" data-aria-level=\"1\"><a href=\"http:\/\/www.kost-zap.ru\/\"><span data-usefontface=\"false\" data-contrast=\"none\">Kostomukshskiy<\/span><\/a><a href=\"http:\/\/www.kost-zap.ru\/\"><span data-usefontface=\"false\" data-contrast=\"none\">\u00a0<\/span><\/a><a href=\"http:\/\/www.kost-zap.ru\/\"><span data-usefontface=\"false\" data-contrast=\"none\">Strict<\/span><\/a><a href=\"http:\/\/www.kost-zap.ru\/\"><span data-usefontface=\"false\" data-contrast=\"none\">\u00a0<\/span><\/a><a href=\"http:\/\/www.kost-zap.ru\/\"><span data-usefontface=\"false\" data-contrast=\"none\">Nature<\/span><\/a><a href=\"http:\/\/www.kost-zap.ru\/\"><span data-usefontface=\"false\" data-contrast=\"none\">\u00a0<\/span><\/a><a href=\"http:\/\/www.kost-zap.ru\/\"><span data-usefontface=\"false\" data-contrast=\"none\">Reserve<\/span><\/a><a href=\"http:\/\/www.kost-zap.ru\/\"><span data-usefontface=\"false\" data-contrast=\"none\">\u00a0(KSNR),\u00a0Ven\u00e4j\u00e4<\/span><\/a>\u200b<\/li><li data-aria-posinset=\"6\" data-aria-level=\"1\"><span data-usefontface=\"false\" data-contrast=\"none\">Lesnoe<\/span><span data-usefontface=\"false\" data-contrast=\"none\">\u00a0<\/span><span data-usefontface=\"false\" data-contrast=\"none\">Buro<\/span><span data-usefontface=\"false\" data-contrast=\"none\">\u00a0&#8221;<\/span><span data-usefontface=\"false\" data-contrast=\"none\">Partner<\/span><span data-usefontface=\"false\" data-contrast=\"none\">\u00a0Ltd&#8221; (LBP),\u00a0Ven\u00e4j\u00e4<\/span>\u200b<\/li><li data-aria-posinset=\"7\" data-aria-level=\"1\"><a href=\"http:\/\/www.petrsu.ru\/general_e.html\"><span data-usefontface=\"false\" data-contrast=\"none\">Petroskoin Yliopisto, Ven\u00e4j\u00e4<\/span><\/a>\u200b<\/li><\/ul><\/li><\/ul>\t\t\t\t\t\t\t\t<\/div>\n\t\t\t\t<\/div>\n\t\t\t\t\t<\/div>\n\t\t<\/div>\n\t\t\t\t<div class=\"elementor-column elementor-col-50 elementor-top-column elementor-element elementor-element-0161f83\" data-id=\"0161f83\" data-element_type=\"column\" data-e-type=\"column\">\n\t\t\t<div class=\"elementor-widget-wrap elementor-element-populated\">\n\t\t\t\t\t\t<div class=\"elementor-element elementor-element-208e69f elementor-widget elementor-widget-image\" data-id=\"208e69f\" data-element_type=\"widget\" data-e-type=\"widget\" data-widget_type=\"image.default\">\n\t\t\t\t<div class=\"elementor-widget-container\">\n\t\t\t\t\t\t\t\t\t\t\t\t\t\t\t<img fetchpriority=\"high\" decoding=\"async\" width=\"910\" height=\"246\" src=\"https:\/\/kareliabiosphere.fi\/wp-content\/uploads\/2021\/01\/998_karlands_jpg.jpg\" class=\"attachment-large size-large wp-image-7663\" alt=\"\" srcset=\"https:\/\/kareliabiosphere.fi\/wp-content\/uploads\/2021\/01\/998_karlands_jpg.jpg 910w, https:\/\/kareliabiosphere.fi\/wp-content\/uploads\/2021\/01\/998_karlands_jpg-300x81.jpg 300w, https:\/\/kareliabiosphere.fi\/wp-content\/uploads\/2021\/01\/998_karlands_jpg-768x208.jpg 768w, https:\/\/kareliabiosphere.fi\/wp-content\/uploads\/2021\/01\/998_karlands_jpg-16x4.jpg 16w, https:\/\/kareliabiosphere.fi\/wp-content\/uploads\/2021\/01\/998_karlands_jpg-200x54.jpg 200w, https:\/\/kareliabiosphere.fi\/wp-content\/uploads\/2021\/01\/998_karlands_jpg-150x41.jpg 150w, https:\/\/kareliabiosphere.fi\/wp-content\/uploads\/2021\/01\/998_karlands_jpg-547x148.jpg 547w, https:\/\/kareliabiosphere.fi\/wp-content\/uploads\/2021\/01\/998_karlands_jpg-678x183.jpg 678w, https:\/\/kareliabiosphere.fi\/wp-content\/uploads\/2021\/01\/998_karlands_jpg-524x142.jpg 524w, https:\/\/kareliabiosphere.fi\/wp-content\/uploads\/2021\/01\/998_karlands_jpg-420x114.jpg 420w, https:\/\/kareliabiosphere.fi\/wp-content\/uploads\/2021\/01\/998_karlands_jpg-444x120.jpg 444w\" sizes=\"(max-width: 910px) 100vw, 910px\" \/>\t\t\t\t\t\t\t\t\t\t\t\t\t\t\t<\/div>\n\t\t\t\t<\/div>\n\t\t\t\t\t<\/div>\n\t\t<\/div>\n\t\t\t\t\t<\/div>\n\t\t<\/section>\n\t\t\t\t<section class=\"elementor-section elementor-top-section elementor-element elementor-element-181b042 elementor-section-full_width elementor-section-height-default elementor-section-height-default\" data-id=\"181b042\" data-element_type=\"section\" data-e-type=\"section\">\n\t\t\t\t\t\t<div class=\"elementor-container elementor-column-gap-default\">\n\t\t\t\t\t<div class=\"elementor-column elementor-col-100 elementor-top-column elementor-element elementor-element-4ce6d62\" data-id=\"4ce6d62\" data-element_type=\"column\" data-e-type=\"column\">\n\t\t\t<div class=\"elementor-widget-wrap elementor-element-populated\">\n\t\t\t\t\t\t<div class=\"elementor-element elementor-element-7dd9245 elementor-widget-divider--view-line_icon elementor-view-default elementor-widget-divider--element-align-center elementor-widget elementor-widget-divider\" data-id=\"7dd9245\" data-element_type=\"widget\" data-e-type=\"widget\" data-widget_type=\"divider.default\">\n\t\t\t\t<div class=\"elementor-widget-container\">\n\t\t\t\t\t\t\t<div class=\"elementor-divider\">\n\t\t\t<span class=\"elementor-divider-separator\">\n\t\t\t\t\t\t\t<div class=\"elementor-icon elementor-divider__element\">\n\t\t\t\t\t<svg xmlns=\"http:\/\/www.w3.org\/2000\/svg\" xmlns:xlink=\"http:\/\/www.w3.org\/1999\/xlink\" id=\"Layer_1\" x=\"0px\" y=\"0px\" viewbox=\"0 0 435 641\" style=\"enable-background:new 0 0 435 641;\" xml:space=\"preserve\"><style type=\"text\/css\">\t.st0{fill:#44AA00;stroke:#44AA00;stroke-width:0.3;stroke-linecap:round;stroke-linejoin:round;}\t.st1{fill:#225500;stroke:#44AA00;stroke-width:0.3;stroke-linecap:round;stroke-linejoin:round;}<\/style><g id=\"g5955\" transform=\"matrix(.25282 0 0 .25282 111.22 499.31)\">\t<path id=\"path5957\" class=\"st0\" d=\"M939.81-830.58c-50.64,57.54-532.76,32.09-605.49,32.1c-52.82,0-424.77,23.88-439.23-32.1   c-19.91-77.08,241.15-524.33,277.51-593.74c26.41-50.4,193.62-417.21,244.85-403.02c70.55,19.54,291.61,492.24,327.98,561.65   C771.84-1215.3,976.57-872.37,939.81-830.58L939.81-830.58z\"><\/path>\t<path id=\"path5959\" class=\"st0\" d=\"M939.81-387.32c-50.64,57.54-532.76,32.09-605.49,32.1c-52.82,0-424.77,23.88-439.23-32.1   c-19.91-77.08,241.15-524.33,277.51-593.74c26.41-50.4,193.62-417.21,244.85-403.02c70.55,19.54,291.61,492.24,327.98,561.65   C771.84-772.04,976.57-429.11,939.81-387.32L939.81-387.32z\"><\/path>\t<path id=\"path5961\" class=\"st1\" d=\"M431.4-109.48c63.97,0,73.9,56.73,73.9,127.2l41.57,356.18c0,70.47-51.5,127.2-115.46,127.2   c-63.97,0-115.46-56.73-115.46-127.2L357.5,17.73C357.5-52.75,367.43-109.48,431.4-109.48L431.4-109.48z\"><\/path>\t<path id=\"path5963\" class=\"st0\" d=\"M939.81-24.65C889.18,32.88,407.05,7.44,334.32,7.44c-52.82,0-424.77,23.88-439.23-32.1   c-19.91-77.08,241.15-524.33,277.51-593.74c26.41-50.4,193.62-417.21,244.85-403.02c70.55,19.54,291.61,492.24,327.98,561.65   C771.84-409.38,976.57-66.44,939.81-24.65L939.81-24.65z\"><\/path><\/g><\/svg><\/div>\n\t\t\t\t\t\t<\/span>\n\t\t<\/div>\n\t\t\t\t\t\t<\/div>\n\t\t\t\t<\/div>\n\t\t\t\t\t<\/div>\n\t\t<\/div>\n\t\t\t\t\t<\/div>\n\t\t<\/section>\n\t\t\t\t<\/div>","protected":false},"excerpt":{"rendered":"<p>Karlands &#8211; kest\u00e4vi\u00e4 Karjalaisia maisemia Kest\u00e4vi\u00e4 Karjalaisia maisemia -projektin tavoitteena oli tukea\u00a0 hyv\u00e4\u00e4 hallintotapaa Karjalan alueella\u00a0Suomessa (Kainuu ja Pohjois-Karjala) ja Ven\u00e4j\u00e4ll\u00e4 (Karjalan tasavalta) luonnon resurssien kest\u00e4v\u00e4n\u00a0k\u00e4yt\u00f6n kehitt\u00e4miseksi ja biodiversiteetin s\u00e4ilytt\u00e4miseksi. &hellip; <a href=\"https:\/\/kareliabiosphere.fi\/en\/toiminta\/hankkeet\/paattyneet-hankkeet\/karlands\/\" class=\"more-link\">Continue reading <span class=\"screen-reader-text\">Karlands<\/span><\/a><\/p>","protected":false},"author":1,"featured_media":0,"parent":6228,"menu_order":7,"comment_status":"closed","ping_status":"closed","template":"page-templates\/basic-page.php","meta":{"footnotes":""},"class_list":["post-5222","page","type-page","status-publish","hentry"],"_links":{"self":[{"href":"https:\/\/kareliabiosphere.fi\/en\/wp-json\/wp\/v2\/pages\/5222","targetHints":{"allow":["GET"]}}],"collection":[{"href":"https:\/\/kareliabiosphere.fi\/en\/wp-json\/wp\/v2\/pages"}],"about":[{"href":"https:\/\/kareliabiosphere.fi\/en\/wp-json\/wp\/v2\/types\/page"}],"author":[{"embeddable":true,"href":"https:\/\/kareliabiosphere.fi\/en\/wp-json\/wp\/v2\/users\/1"}],"replies":[{"embeddable":true,"href":"https:\/\/kareliabiosphere.fi\/en\/wp-json\/wp\/v2\/comments?post=5222"}],"version-history":[{"count":11,"href":"https:\/\/kareliabiosphere.fi\/en\/wp-json\/wp\/v2\/pages\/5222\/revisions"}],"predecessor-version":[{"id":8588,"href":"https:\/\/kareliabiosphere.fi\/en\/wp-json\/wp\/v2\/pages\/5222\/revisions\/8588"}],"up":[{"embeddable":true,"href":"https:\/\/kareliabiosphere.fi\/en\/wp-json\/wp\/v2\/pages\/6228"}],"wp:attachment":[{"href":"https:\/\/kareliabiosphere.fi\/en\/wp-json\/wp\/v2\/media?parent=5222"}],"curies":[{"name":"wp","href":"https:\/\/api.w.org\/{rel}","templated":true}]}}