{"id":5237,"date":"2021-01-12T12:55:21","date_gmt":"2021-01-12T10:55:21","guid":{"rendered":"https:\/\/kareliabiosphere-fi.hel4.wp-cloud.dev\/?page_id=5237"},"modified":"2025-12-29T17:48:56","modified_gmt":"2025-12-29T15:48:56","slug":"super","status":"publish","type":"page","link":"https:\/\/kareliabiosphere.fi\/en\/toiminta\/hankkeet\/paattyneet-hankkeet\/super\/","title":{"rendered":"SUPER"},"content":{"rendered":"<div data-elementor-type=\"wp-page\" data-elementor-id=\"5237\" class=\"elementor elementor-5237\">\n\t\t\t\t\t\t<section class=\"elementor-section elementor-top-section elementor-element elementor-element-a1f6ad8 elementor-section-full_width elementor-section-height-default elementor-section-height-default\" data-id=\"a1f6ad8\" data-element_type=\"section\" data-e-type=\"section\">\n\t\t\t\t\t\t<div class=\"elementor-container elementor-column-gap-default\">\n\t\t\t\t\t<div class=\"elementor-column elementor-col-100 elementor-top-column elementor-element elementor-element-13f8f7f\" data-id=\"13f8f7f\" data-element_type=\"column\" data-e-type=\"column\">\n\t\t\t<div class=\"elementor-widget-wrap elementor-element-populated\">\n\t\t\t\t\t\t<div class=\"elementor-element elementor-element-1d168d5 elementor-widget-divider--view-line_icon elementor-view-default elementor-widget-divider--element-align-center elementor-widget elementor-widget-divider\" data-id=\"1d168d5\" data-element_type=\"widget\" data-e-type=\"widget\" data-widget_type=\"divider.default\">\n\t\t\t\t<div class=\"elementor-widget-container\">\n\t\t\t\t\t\t\t<div class=\"elementor-divider\">\n\t\t\t<span class=\"elementor-divider-separator\">\n\t\t\t\t\t\t\t<div class=\"elementor-icon elementor-divider__element\">\n\t\t\t\t\t<svg xmlns=\"http:\/\/www.w3.org\/2000\/svg\" xmlns:xlink=\"http:\/\/www.w3.org\/1999\/xlink\" id=\"Layer_1\" x=\"0px\" y=\"0px\" viewbox=\"0 0 435 641\" style=\"enable-background:new 0 0 435 641;\" xml:space=\"preserve\"><style type=\"text\/css\">\t.st0{fill:#44AA00;stroke:#44AA00;stroke-width:0.3;stroke-linecap:round;stroke-linejoin:round;}\t.st1{fill:#225500;stroke:#44AA00;stroke-width:0.3;stroke-linecap:round;stroke-linejoin:round;}<\/style><g id=\"g5955\" transform=\"matrix(.25282 0 0 .25282 111.22 499.31)\">\t<path id=\"path5957\" class=\"st0\" d=\"M939.81-830.58c-50.64,57.54-532.76,32.09-605.49,32.1c-52.82,0-424.77,23.88-439.23-32.1   c-19.91-77.08,241.15-524.33,277.51-593.74c26.41-50.4,193.62-417.21,244.85-403.02c70.55,19.54,291.61,492.24,327.98,561.65   C771.84-1215.3,976.57-872.37,939.81-830.58L939.81-830.58z\"><\/path>\t<path id=\"path5959\" class=\"st0\" d=\"M939.81-387.32c-50.64,57.54-532.76,32.09-605.49,32.1c-52.82,0-424.77,23.88-439.23-32.1   c-19.91-77.08,241.15-524.33,277.51-593.74c26.41-50.4,193.62-417.21,244.85-403.02c70.55,19.54,291.61,492.24,327.98,561.65   C771.84-772.04,976.57-429.11,939.81-387.32L939.81-387.32z\"><\/path>\t<path id=\"path5961\" class=\"st1\" d=\"M431.4-109.48c63.97,0,73.9,56.73,73.9,127.2l41.57,356.18c0,70.47-51.5,127.2-115.46,127.2   c-63.97,0-115.46-56.73-115.46-127.2L357.5,17.73C357.5-52.75,367.43-109.48,431.4-109.48L431.4-109.48z\"><\/path>\t<path id=\"path5963\" class=\"st0\" d=\"M939.81-24.65C889.18,32.88,407.05,7.44,334.32,7.44c-52.82,0-424.77,23.88-439.23-32.1   c-19.91-77.08,241.15-524.33,277.51-593.74c26.41-50.4,193.62-417.21,244.85-403.02c70.55,19.54,291.61,492.24,327.98,561.65   C771.84-409.38,976.57-66.44,939.81-24.65L939.81-24.65z\"><\/path><\/g><\/svg><\/div>\n\t\t\t\t\t\t<\/span>\n\t\t<\/div>\n\t\t\t\t\t\t<\/div>\n\t\t\t\t<\/div>\n\t\t\t\t\t<\/div>\n\t\t<\/div>\n\t\t\t\t\t<\/div>\n\t\t<\/section>\n\t\t\t\t<section class=\"elementor-section elementor-top-section elementor-element elementor-element-70bbeca elementor-section-boxed elementor-section-height-default elementor-section-height-default\" data-id=\"70bbeca\" data-element_type=\"section\" data-e-type=\"section\">\n\t\t\t\t\t\t<div class=\"elementor-container elementor-column-gap-default\">\n\t\t\t\t\t<div class=\"elementor-column elementor-col-100 elementor-top-column elementor-element elementor-element-1464dd2\" data-id=\"1464dd2\" data-element_type=\"column\" data-e-type=\"column\">\n\t\t\t<div class=\"elementor-widget-wrap elementor-element-populated\">\n\t\t\t\t\t\t<div class=\"elementor-element elementor-element-97aba7e elementor-widget elementor-widget-heading\" data-id=\"97aba7e\" data-element_type=\"widget\" data-e-type=\"widget\" data-widget_type=\"heading.default\">\n\t\t\t\t<div class=\"elementor-widget-container\">\n\t\t\t\t\t<h1 class=\"elementor-heading-title elementor-size-default\">SUPER:Sustainability Under Pressure: Environmental Resilience in natural and cultural heritage areas with intensive\u00a0recreation (KA5033)\u00a0 <\/h1>\t\t\t\t<\/div>\n\t\t\t\t<\/div>\n\t\t\t\t\t<\/div>\n\t\t<\/div>\n\t\t\t\t\t<\/div>\n\t\t<\/section>\n\t\t\t\t<section class=\"elementor-section elementor-top-section elementor-element elementor-element-a38b61e elementor-section-boxed elementor-section-height-default elementor-section-height-default\" data-id=\"a38b61e\" data-element_type=\"section\" data-e-type=\"section\">\n\t\t\t\t\t\t<div class=\"elementor-container elementor-column-gap-default\">\n\t\t\t\t\t<div class=\"elementor-column elementor-col-66 elementor-top-column elementor-element elementor-element-dbc17e0\" data-id=\"dbc17e0\" data-element_type=\"column\" data-e-type=\"column\">\n\t\t\t<div class=\"elementor-widget-wrap elementor-element-populated\">\n\t\t\t\t\t\t<div class=\"elementor-element elementor-element-49cfc17 elementor-widget elementor-widget-text-editor\" data-id=\"49cfc17\" data-element_type=\"widget\" data-e-type=\"widget\" data-widget_type=\"text-editor.default\">\n\t\t\t\t<div class=\"elementor-widget-container\">\n\t\t\t\t\t\t\t\t\t<p><strong>SUPER<\/strong>-hankkeessa keskityt\u00e4\u00e4n Suomen ja Ven\u00e4j\u00e4n pilottikohteiden luontomatkailun ja j\u00e4tteenhallinnan suunnitteluun vuosina 2018 &#8211; 2020. Hankkeessa tutkitaan ja vahvistetaan my\u00f6s ymp\u00e4rist\u00f6n kyky\u00e4 kest\u00e4\u00e4 muutoksia ja toipua niist\u00e4.\u00a0<\/p><p>\u00a0<\/p><p>Ensimm\u00e4ist\u00e4 kertaa Karelia CBC-hankkeessa on mukana nelj\u00e4 kohdetta arvostetulla UNESCO-statuksella.<\/p><p>\u00a0<\/p><p>Projektin pilottikohteet ovat luonto- ja kulttuuriperint\u00f6kohteita, joihin kohdistuu merkitt\u00e4v\u00e4\u00e4 k\u00e4vij\u00e4painetta:<\/p><p>\u00a0<\/p><p><strong>&#8211; Pohjois-Karjalan biosf\u00e4\u00e4rialue; Kolin ja Petkelj\u00e4rven kansallispuistot<\/strong><\/p><p><strong>&#8211; Rokua Geopark<\/strong><\/p><p><strong>&#8211; Kizhi ulkoilmamuseo ja sen puskurialue sis\u00e4lt\u00e4en yli 20 kyl\u00e4\u00e4<\/strong><\/p><p><strong>&#8211; Vodlozerskyn biosf\u00e4\u00e4rialue ja kansallispuisto, sis\u00e4lt\u00e4en Kuganavolok-<\/strong><strong>kyl\u00e4n<\/strong><\/p>\t\t\t\t\t\t\t\t<\/div>\n\t\t\t\t<\/div>\n\t\t\t\t\t<\/div>\n\t\t<\/div>\n\t\t\t\t<div class=\"elementor-column elementor-col-33 elementor-top-column elementor-element elementor-element-bce75b8\" data-id=\"bce75b8\" data-element_type=\"column\" data-e-type=\"column\">\n\t\t\t<div class=\"elementor-widget-wrap elementor-element-populated\">\n\t\t\t\t\t\t<div class=\"elementor-element elementor-element-7a76afb elementor-widget elementor-widget-image\" data-id=\"7a76afb\" data-element_type=\"widget\" data-e-type=\"widget\" data-widget_type=\"image.default\">\n\t\t\t\t<div class=\"elementor-widget-container\">\n\t\t\t\t\t\t\t\t\t\t\t\t\t\t\t<img decoding=\"async\" width=\"283\" height=\"142\" src=\"https:\/\/kareliabiosphere.fi\/wp-content\/uploads\/2021\/02\/Project-acronym-logo-ENG.png\" class=\"attachment-large size-large wp-image-8909\" alt=\"\" srcset=\"https:\/\/kareliabiosphere.fi\/wp-content\/uploads\/2021\/02\/Project-acronym-logo-ENG.png 283w, https:\/\/kareliabiosphere.fi\/wp-content\/uploads\/2021\/02\/Project-acronym-logo-ENG-16x8.png 16w, https:\/\/kareliabiosphere.fi\/wp-content\/uploads\/2021\/02\/Project-acronym-logo-ENG-200x100.png 200w, https:\/\/kareliabiosphere.fi\/wp-content\/uploads\/2021\/02\/Project-acronym-logo-ENG-150x75.png 150w\" sizes=\"(max-width: 283px) 100vw, 283px\" \/>\t\t\t\t\t\t\t\t\t\t\t\t\t\t\t<\/div>\n\t\t\t\t<\/div>\n\t\t\t\t<div class=\"elementor-element elementor-element-0d1c5f5 elementor-widget elementor-widget-image\" data-id=\"0d1c5f5\" data-element_type=\"widget\" data-e-type=\"widget\" data-widget_type=\"image.default\">\n\t\t\t\t<div class=\"elementor-widget-container\">\n\t\t\t\t\t\t\t\t\t\t\t\t\t\t\t<img fetchpriority=\"high\" decoding=\"async\" width=\"310\" height=\"459\" src=\"https:\/\/kareliabiosphere.fi\/wp-content\/uploads\/2021\/01\/logo-SUPER_eng.jpg\" class=\"attachment-large size-large wp-image-6250\" alt=\"\" srcset=\"https:\/\/kareliabiosphere.fi\/wp-content\/uploads\/2021\/01\/logo-SUPER_eng.jpg 310w, https:\/\/kareliabiosphere.fi\/wp-content\/uploads\/2021\/01\/logo-SUPER_eng-203x300.jpg 203w, https:\/\/kareliabiosphere.fi\/wp-content\/uploads\/2021\/01\/logo-SUPER_eng-8x12.jpg 8w, https:\/\/kareliabiosphere.fi\/wp-content\/uploads\/2021\/01\/logo-SUPER_eng-135x200.jpg 135w, https:\/\/kareliabiosphere.fi\/wp-content\/uploads\/2021\/01\/logo-SUPER_eng-150x222.jpg 150w, https:\/\/kareliabiosphere.fi\/wp-content\/uploads\/2021\/01\/logo-SUPER_eng-300x444.jpg 300w\" sizes=\"(max-width: 310px) 100vw, 310px\" \/>\t\t\t\t\t\t\t\t\t\t\t\t\t\t\t<\/div>\n\t\t\t\t<\/div>\n\t\t\t\t\t<\/div>\n\t\t<\/div>\n\t\t\t\t\t<\/div>\n\t\t<\/section>\n\t\t\t\t<section class=\"elementor-section elementor-top-section elementor-element elementor-element-73d25de elementor-section-boxed elementor-section-height-default elementor-section-height-default\" data-id=\"73d25de\" data-element_type=\"section\" data-e-type=\"section\">\n\t\t\t\t\t\t<div class=\"elementor-container elementor-column-gap-default\">\n\t\t\t\t\t<div class=\"elementor-column elementor-col-100 elementor-top-column elementor-element elementor-element-8455c8c\" data-id=\"8455c8c\" data-element_type=\"column\" data-e-type=\"column\">\n\t\t\t<div class=\"elementor-widget-wrap elementor-element-populated\">\n\t\t\t\t\t\t<div class=\"elementor-element elementor-element-5cecdd5 elementor-widget elementor-widget-text-editor\" data-id=\"5cecdd5\" data-element_type=\"widget\" data-e-type=\"widget\" data-widget_type=\"text-editor.default\">\n\t\t\t\t<div class=\"elementor-widget-container\">\n\t\t\t\t\t\t\t\t\t<p><strong>Tavoitteet\u200b<\/strong><\/p><p>Hankkeen p\u00e4\u00e4tavoite on v\u00e4hent\u00e4\u00e4 hankkeessa mukana oleville luonto- ja kulttuurikohteille kohdistuvia haittavaikutuksia seuraavin keinoin:\u200b<\/p><p>\u00a0<\/p><ul><li style=\"list-style-type: none;\"><ul><li>Tehd\u00e4 kest\u00e4v\u00e4 luontomatkailusuunnitelma pilottialueille\u200b<\/li><li>Kehitt\u00e4\u00e4 hyvi\u00e4 k\u00e4yt\u00e4nt\u00f6j\u00e4 j\u00e4tehuollon toteuttamiseen suojelualueilla\u200b<\/li><li>Hankkia pilottikohteille innovatiivisia j\u00e4tteenk\u00e4sittely ratkaisuja\u200b<\/li><\/ul><\/li><\/ul><p><strong>Toimenpiteet\u200b<\/strong><\/p><p>Hanke toteutetaan kolmen ty\u00f6paketin avulla: \u200b<\/p><p>\u00a0<\/p><ol><li style=\"list-style-type: none;\"><ol><li>Suuren k\u00e4vij\u00e4paineen luomien j\u00e4te- ja ymp\u00e4rist\u00f6ongelmien kartoitus, \u200b<\/li><li>Pilottikohteiden j\u00e4tehuollon suunnittelu ja toteutus, \u200b<\/li><li>Hyv\u00e4t k\u00e4yt\u00e4nn\u00f6t suojelualueiden suunnittelussa \u2013 luontomatkailusuunnitelma\u200b<\/li><\/ol><\/li><\/ol><p><strong>Partnerit\u200b<\/strong><\/p><ul><li style=\"list-style-type: none;\"><ul><li>Association &#8221;Centre for Problems of the North, Arctic and Cross-border Cooperation&#8221; (North-Centre) \u200b<\/li><li>Kizhin maailmanperintokohde<\/li><li>Ven\u00e4j\u00e4n Tiedeakatemian Karjalan Tutkimuskeskus \u200b<\/li><li>Voldoj\u00e4rven biosf\u00e4\u00e4rialue \u200b<\/li><li>Oulun yliopiston vesi- ja ymp\u00e4rist\u00f6tekniikan tutkimusyksikk\u00f6 \u200b<\/li><li>Mets\u00e4hallitus \u200b<\/li><li>Pohjois-Karjalan ELY-Keskus\/Pohjois-Karjalan biosf\u00e4\u00e4rialue\u200b<\/li><\/ul><\/li><\/ul><p><strong>Rahoitus\u200b<\/strong><\/p><p>Hanketta rahoittaa Karelia CBC, joka on rajanylitt\u00e4v\u00e4n yhteisty\u00f6n ohjelma, jolla lis\u00e4t\u00e4\u00e4n alueen vetovoimaisuutta. Ohjelmaa rahoittavat Euroopan unioni, Suomi ja Ven\u00e4j\u00e4.\u200b<\/p>\t\t\t\t\t\t\t\t<\/div>\n\t\t\t\t<\/div>\n\t\t\t\t\t<\/div>\n\t\t<\/div>\n\t\t\t\t\t<\/div>\n\t\t<\/section>\n\t\t\t\t<section class=\"elementor-section elementor-top-section elementor-element elementor-element-37b4daf4 elementor-section-boxed elementor-section-height-default elementor-section-height-default\" data-id=\"37b4daf4\" data-element_type=\"section\" data-e-type=\"section\">\n\t\t\t\t\t\t<div class=\"elementor-container elementor-column-gap-default\">\n\t\t\t\t\t<div class=\"elementor-column elementor-col-100 elementor-top-column elementor-element elementor-element-f16f9a9\" data-id=\"f16f9a9\" data-element_type=\"column\" data-e-type=\"column\">\n\t\t\t<div class=\"elementor-widget-wrap elementor-element-populated\">\n\t\t\t\t\t\t<div class=\"elementor-element elementor-element-59b52e6 elementor-widget-divider--view-line_icon elementor-view-default elementor-widget-divider--element-align-center elementor-widget elementor-widget-divider\" data-id=\"59b52e6\" data-element_type=\"widget\" data-e-type=\"widget\" data-widget_type=\"divider.default\">\n\t\t\t\t<div class=\"elementor-widget-container\">\n\t\t\t\t\t\t\t<div class=\"elementor-divider\">\n\t\t\t<span class=\"elementor-divider-separator\">\n\t\t\t\t\t\t\t<div class=\"elementor-icon elementor-divider__element\">\n\t\t\t\t\t<svg xmlns=\"http:\/\/www.w3.org\/2000\/svg\" xmlns:xlink=\"http:\/\/www.w3.org\/1999\/xlink\" id=\"Layer_1\" x=\"0px\" y=\"0px\" viewbox=\"0 0 435 641\" style=\"enable-background:new 0 0 435 641;\" xml:space=\"preserve\"><style type=\"text\/css\">\t.st0{fill:#44AA00;stroke:#44AA00;stroke-width:0.3;stroke-linecap:round;stroke-linejoin:round;}\t.st1{fill:#225500;stroke:#44AA00;stroke-width:0.3;stroke-linecap:round;stroke-linejoin:round;}<\/style><g id=\"g5955\" transform=\"matrix(.25282 0 0 .25282 111.22 499.31)\">\t<path id=\"path5957\" class=\"st0\" d=\"M939.81-830.58c-50.64,57.54-532.76,32.09-605.49,32.1c-52.82,0-424.77,23.88-439.23-32.1   c-19.91-77.08,241.15-524.33,277.51-593.74c26.41-50.4,193.62-417.21,244.85-403.02c70.55,19.54,291.61,492.24,327.98,561.65   C771.84-1215.3,976.57-872.37,939.81-830.58L939.81-830.58z\"><\/path>\t<path id=\"path5959\" class=\"st0\" d=\"M939.81-387.32c-50.64,57.54-532.76,32.09-605.49,32.1c-52.82,0-424.77,23.88-439.23-32.1   c-19.91-77.08,241.15-524.33,277.51-593.74c26.41-50.4,193.62-417.21,244.85-403.02c70.55,19.54,291.61,492.24,327.98,561.65   C771.84-772.04,976.57-429.11,939.81-387.32L939.81-387.32z\"><\/path>\t<path id=\"path5961\" class=\"st1\" d=\"M431.4-109.48c63.97,0,73.9,56.73,73.9,127.2l41.57,356.18c0,70.47-51.5,127.2-115.46,127.2   c-63.97,0-115.46-56.73-115.46-127.2L357.5,17.73C357.5-52.75,367.43-109.48,431.4-109.48L431.4-109.48z\"><\/path>\t<path id=\"path5963\" class=\"st0\" d=\"M939.81-24.65C889.18,32.88,407.05,7.44,334.32,7.44c-52.82,0-424.77,23.88-439.23-32.1   c-19.91-77.08,241.15-524.33,277.51-593.74c26.41-50.4,193.62-417.21,244.85-403.02c70.55,19.54,291.61,492.24,327.98,561.65   C771.84-409.38,976.57-66.44,939.81-24.65L939.81-24.65z\"><\/path><\/g><\/svg><\/div>\n\t\t\t\t\t\t<\/span>\n\t\t<\/div>\n\t\t\t\t\t\t<\/div>\n\t\t\t\t<\/div>\n\t\t\t\t\t<\/div>\n\t\t<\/div>\n\t\t\t\t\t<\/div>\n\t\t<\/section>\n\t\t\t\t<section class=\"elementor-section elementor-top-section elementor-element elementor-element-0695284 elementor-section-boxed elementor-section-height-default elementor-section-height-default\" data-id=\"0695284\" data-element_type=\"section\" data-e-type=\"section\">\n\t\t\t\t\t\t<div class=\"elementor-container elementor-column-gap-default\">\n\t\t\t\t\t<div class=\"elementor-column elementor-col-50 elementor-top-column elementor-element elementor-element-b7af68a\" data-id=\"b7af68a\" data-element_type=\"column\" data-e-type=\"column\">\n\t\t\t<div class=\"elementor-widget-wrap elementor-element-populated\">\n\t\t\t\t\t\t<div class=\"elementor-element elementor-element-06ba2a5 elementor-widget elementor-widget-heading\" data-id=\"06ba2a5\" data-element_type=\"widget\" data-e-type=\"widget\" data-widget_type=\"heading.default\">\n\t\t\t\t<div class=\"elementor-widget-container\">\n\t\t\t\t\t<h2 class=\"elementor-heading-title elementor-size-default\">SUPER -hankkeen tuloksia<\/h2>\t\t\t\t<\/div>\n\t\t\t\t<\/div>\n\t\t\t\t<div class=\"elementor-element elementor-element-ced8c74 elementor-widget elementor-widget-text-editor\" data-id=\"ced8c74\" data-element_type=\"widget\" data-e-type=\"widget\" data-widget_type=\"text-editor.default\">\n\t\t\t\t<div class=\"elementor-widget-container\">\n\t\t\t\t\t\t\t\t\t<p>Mets\u00e4hallitus laati hankkeen my\u00f6t\u00e4 luontomatkailusuunnitelman Kolin alueelle. Suunnitelma k\u00e4\u00e4nnettiin my\u00f6s englanniksi.<\/p><p>\u00a0<\/p><p>Biosf\u00e4\u00e4rialueelle tehtiin my\u00f6s Benchmarking- vertailuanalyysi, jossa Pohjois-Karjalan luontokohteiden (Koli, Patvinsuo ja Ruunaa) toimintaa verrattiin toisten alueiden vastaaviin k\u00e4yt\u00e4nt\u00f6ihin. Tavoitteena on ottaa\u00a0 oppia oman toiminnan kehitt\u00e4miseen. Raporttiin on siis koottu maailman luontokohteista hyvi\u00e4 k\u00e4ynt\u00e4nt\u00f6j\u00e4 lis\u00e4\u00e4ntyvien k\u00e4vij\u00e4m\u00e4\u00e4rien mahdollisesti mukanaan tuomiin ongelmiin varautumiseen. Raportti on englanninkielinen.<\/p><p>\u00a0<\/p><p>\u00a0 <\/p>\t\t\t\t\t\t\t\t<\/div>\n\t\t\t\t<\/div>\n\t\t\t\t\t<\/div>\n\t\t<\/div>\n\t\t\t\t<div class=\"elementor-column elementor-col-50 elementor-top-column elementor-element elementor-element-12d5099\" data-id=\"12d5099\" data-element_type=\"column\" data-e-type=\"column\">\n\t\t\t<div class=\"elementor-widget-wrap elementor-element-populated\">\n\t\t\t\t\t\t<div class=\"elementor-element elementor-element-43e5230 elementor-align-center elementor-mobile-align-center elementor-widget__width-initial elementor-widget elementor-widget-button\" data-id=\"43e5230\" data-element_type=\"widget\" data-e-type=\"widget\" data-settings=\"{&quot;_animation&quot;:&quot;none&quot;}\" data-widget_type=\"button.default\">\n\t\t\t\t<div class=\"elementor-widget-container\">\n\t\t\t\t\t\t\t\t\t<div class=\"elementor-button-wrapper\">\n\t\t\t\t\t<a class=\"elementor-button elementor-button-link elementor-size-xs\" href=\"https:\/\/julkaisut.metsa.fi\/assets\/pdf\/lp\/Csarja\/c166.pdf\" target=\"_blank\">\n\t\t\t\t\t\t<span class=\"elementor-button-content-wrapper\">\n\t\t\t\t\t\t\t\t\t<span class=\"elementor-button-text\">Linkki Kolin luontomatkailusuunnitelmaan <\/span>\n\t\t\t\t\t<\/span>\n\t\t\t\t\t<\/a>\n\t\t\t\t<\/div>\n\t\t\t\t\t\t\t\t<\/div>\n\t\t\t\t<\/div>\n\t\t\t\t<div class=\"elementor-element elementor-element-27dd1d5 elementor-align-center elementor-mobile-align-center elementor-widget__width-initial elementor-widget elementor-widget-button\" data-id=\"27dd1d5\" data-element_type=\"widget\" data-e-type=\"widget\" data-settings=\"{&quot;_animation&quot;:&quot;none&quot;}\" data-widget_type=\"button.default\">\n\t\t\t\t<div class=\"elementor-widget-container\">\n\t\t\t\t\t\t\t\t\t<div class=\"elementor-button-wrapper\">\n\t\t\t\t\t<a class=\"elementor-button elementor-button-link elementor-size-xs\" href=\"https:\/\/www.doria.fi\/handle\/10024\/180197\" target=\"_blank\">\n\t\t\t\t\t\t<span class=\"elementor-button-content-wrapper\">\n\t\t\t\t\t\t\t\t\t<span class=\"elementor-button-text\">Linkki englanninkieliseen suunnitelmaan<\/span>\n\t\t\t\t\t<\/span>\n\t\t\t\t\t<\/a>\n\t\t\t\t<\/div>\n\t\t\t\t\t\t\t\t<\/div>\n\t\t\t\t<\/div>\n\t\t\t\t<div class=\"elementor-element elementor-element-ac9e22f elementor-align-center elementor-mobile-align-center elementor-widget__width-initial elementor-widget elementor-widget-button\" data-id=\"ac9e22f\" data-element_type=\"widget\" data-e-type=\"widget\" data-settings=\"{&quot;_animation&quot;:&quot;none&quot;}\" data-widget_type=\"button.default\">\n\t\t\t\t<div class=\"elementor-widget-container\">\n\t\t\t\t\t\t\t\t\t<div class=\"elementor-button-wrapper\">\n\t\t\t\t\t<a class=\"elementor-button elementor-button-link elementor-size-xs\" href=\"https:\/\/kareliabiosphere.fi\/wp-content\/uploads\/2021\/02\/BMFHPVPIPA-27012021.pdf\" target=\"_blank\">\n\t\t\t\t\t\t<span class=\"elementor-button-content-wrapper\">\n\t\t\t\t\t\t\t\t\t<span class=\"elementor-button-text\">Benchmarking -raportti<\/span>\n\t\t\t\t\t<\/span>\n\t\t\t\t\t<\/a>\n\t\t\t\t<\/div>\n\t\t\t\t\t\t\t\t<\/div>\n\t\t\t\t<\/div>\n\t\t\t\t\t<\/div>\n\t\t<\/div>\n\t\t\t\t\t<\/div>\n\t\t<\/section>\n\t\t\t\t<\/div>","protected":false},"excerpt":{"rendered":"<p>SUPER:Sustainability Under Pressure: Environmental Resilience in natural and cultural heritage areas with intensive\u00a0recreation (KA5033)\u00a0 SUPER-hankkeessa keskityt\u00e4\u00e4n Suomen ja Ven\u00e4j\u00e4n pilottikohteiden luontomatkailun ja j\u00e4tteenhallinnan suunnitteluun vuosina 2018 &#8211; 2020. Hankkeessa tutkitaan &hellip; <a href=\"https:\/\/kareliabiosphere.fi\/en\/toiminta\/hankkeet\/paattyneet-hankkeet\/super\/\" class=\"more-link\">Continue reading <span class=\"screen-reader-text\">SUPER<\/span><\/a><\/p>","protected":false},"author":1,"featured_media":0,"parent":6228,"menu_order":6,"comment_status":"closed","ping_status":"closed","template":"page-templates\/basic-page.php","meta":{"footnotes":""},"class_list":["post-5237","page","type-page","status-publish","hentry"],"_links":{"self":[{"href":"https:\/\/kareliabiosphere.fi\/en\/wp-json\/wp\/v2\/pages\/5237","targetHints":{"allow":["GET"]}}],"collection":[{"href":"https:\/\/kareliabiosphere.fi\/en\/wp-json\/wp\/v2\/pages"}],"about":[{"href":"https:\/\/kareliabiosphere.fi\/en\/wp-json\/wp\/v2\/types\/page"}],"author":[{"embeddable":true,"href":"https:\/\/kareliabiosphere.fi\/en\/wp-json\/wp\/v2\/users\/1"}],"replies":[{"embeddable":true,"href":"https:\/\/kareliabiosphere.fi\/en\/wp-json\/wp\/v2\/comments?post=5237"}],"version-history":[{"count":20,"href":"https:\/\/kareliabiosphere.fi\/en\/wp-json\/wp\/v2\/pages\/5237\/revisions"}],"predecessor-version":[{"id":8912,"href":"https:\/\/kareliabiosphere.fi\/en\/wp-json\/wp\/v2\/pages\/5237\/revisions\/8912"}],"up":[{"embeddable":true,"href":"https:\/\/kareliabiosphere.fi\/en\/wp-json\/wp\/v2\/pages\/6228"}],"wp:attachment":[{"href":"https:\/\/kareliabiosphere.fi\/en\/wp-json\/wp\/v2\/media?parent=5237"}],"curies":[{"name":"wp","href":"https:\/\/api.w.org\/{rel}","templated":true}]}}