{"id":5356,"date":"2021-01-13T12:13:58","date_gmt":"2021-01-13T10:13:58","guid":{"rendered":"https:\/\/kareliabiosphere-fi.hel4.wp-cloud.dev\/?page_id=5356"},"modified":"2025-12-29T17:34:35","modified_gmt":"2025-12-29T15:34:35","slug":"saavutettavuusseloste","status":"publish","type":"page","link":"https:\/\/kareliabiosphere.fi\/en\/saavutettavuusseloste\/","title":{"rendered":"Saavutettavuusseloste"},"content":{"rendered":"\t\t<div data-elementor-type=\"wp-page\" data-elementor-id=\"5356\" class=\"elementor elementor-5356\">\n\t\t\t\t\t\t<section class=\"elementor-section elementor-top-section elementor-element elementor-element-1922514 elementor-section-boxed elementor-section-height-default elementor-section-height-default\" data-id=\"1922514\" data-element_type=\"section\" data-e-type=\"section\">\n\t\t\t\t\t\t<div class=\"elementor-container elementor-column-gap-default\">\n\t\t\t\t\t<div class=\"elementor-column elementor-col-100 elementor-top-column elementor-element elementor-element-58d5082\" data-id=\"58d5082\" data-element_type=\"column\" data-e-type=\"column\">\n\t\t\t<div class=\"elementor-widget-wrap elementor-element-populated\">\n\t\t\t\t\t\t<div class=\"elementor-element elementor-element-428393d elementor-widget elementor-widget-heading\" data-id=\"428393d\" data-element_type=\"widget\" data-e-type=\"widget\" data-widget_type=\"heading.default\">\n\t\t\t\t<div class=\"elementor-widget-container\">\n\t\t\t\t\t<h1 class=\"elementor-heading-title elementor-size-default\">Pohjois-Karjalan biosf\u00e4\u00e4rialueen verkkosivujen saavutettavuus on joiltain osin keskener\u00e4inen ja kaikki toiminnot eiv\u00e4t viel\u00e4 ole standardien mukaisia. Pyrimme parantamaan saavutettavuutta.<\/h1>\t\t\t\t<\/div>\n\t\t\t\t<\/div>\n\t\t\t\t<div class=\"elementor-element elementor-element-a870169 elementor-widget elementor-widget-text-editor\" data-id=\"a870169\" data-element_type=\"widget\" data-e-type=\"widget\" data-widget_type=\"text-editor.default\">\n\t\t\t\t<div class=\"elementor-widget-container\">\n\t\t\t\t\t\t\t\t\t<p data-ccp-props=\"{&quot;335551550&quot;:1,&quot;335551620&quot;:1,&quot;335559683&quot;:0,&quot;335559685&quot;:0,&quot;335559731&quot;:0,&quot;335559737&quot;:0,&quot;335562764&quot;:2,&quot;335562765&quot;:1,&quot;335562766&quot;:4,&quot;335562767&quot;:0,&quot;335562768&quot;:4,&quot;335562769&quot;:0}\">T\u00e4m\u00e4 saavutettavuusseloste koskee www.kareliabiosphere.fi -verkkopalvelua ja on p\u00e4ivitetty 29.12.2025. Palvelua koskee laki digitaalisten palvelujen tarjoamisesta, jossa edellytet\u00e4\u00e4n, ett\u00e4 julkisten\u00a0verkkopalvelujen on oltava saavutettavia. Olemme arvioineet palvelun saavutettavuuden itse.<\/p><p data-ccp-props=\"{&quot;335551550&quot;:1,&quot;335551620&quot;:1,&quot;335559683&quot;:0,&quot;335559685&quot;:0,&quot;335559731&quot;:0,&quot;335559737&quot;:0,&quot;335562764&quot;:2,&quot;335562765&quot;:1,&quot;335562766&quot;:4,&quot;335562767&quot;:0,&quot;335562768&quot;:4,&quot;335562769&quot;:0}\">\u00a0<\/p><p data-ccp-props=\"{&quot;335551550&quot;:1,&quot;335551620&quot;:1,&quot;335559683&quot;:0,&quot;335559685&quot;:0,&quot;335559731&quot;:0,&quot;335559737&quot;:0,&quot;335562764&quot;:2,&quot;335562765&quot;:1,&quot;335562766&quot;:4,&quot;335562767&quot;:0,&quot;335562768&quot;:4,&quot;335562769&quot;:0}\"><b>Sivusta saattaa my\u00f6s sis\u00e4lt\u00e4\u00e4 ei-saavutettavaa sis\u00e4lt\u00f6, joka ei kuulu lains\u00e4\u00e4d\u00e4nn\u00f6n piiriin<\/b><\/p><p data-ccp-props=\"{&quot;335551550&quot;:1,&quot;335551620&quot;:1,&quot;335559683&quot;:0,&quot;335559685&quot;:0,&quot;335559731&quot;:0,&quot;335559737&quot;:0,&quot;335562764&quot;:2,&quot;335562765&quot;:1,&quot;335562766&quot;:4,&quot;335562767&quot;:0,&quot;335562768&quot;:4,&quot;335562769&quot;:0}\"><b>\u00a0<\/b><\/p><ul><li>k\u00e4ytt\u00e4jien tai muiden ulkopuolisten tahojen palvelussa julkaisemia sis\u00e4lt\u00f6j\u00e4, jotka eiv\u00e4t ole palveluntarjoajan itsens\u00e4 tuottamia, rahoittamia tai valvomia<\/li><li>karttoja, joita ei ole tarkoitettu navigointik\u00e4ytt\u00f6\u00f6n (esim. s\u00e4\u00e4- tai maastokarttoja)<\/li><li>toimisto-ohjelmien tiedostoja (esim. doc, pdf, odt), jotka on julkaistu ennen 23.9.2018<\/li><li>verkkosis\u00e4lt\u00f6\u00e4, joka on arkistoitu ennen 23.9.2019<\/li><li>suoria video- tai \u00e4\u00e4nil\u00e4hetyksi\u00e4, joita ei tallenneta s\u00e4ilytett\u00e4v\u00e4ksi tai uudelleen julkaistavaksi<\/li><li>video- tai \u00e4\u00e4nitallenteita, jotka on julkaistu ennen 23.9.2020<\/li><\/ul><p data-ccp-props=\"{&quot;335551550&quot;:1,&quot;335551620&quot;:1,&quot;335559683&quot;:0,&quot;335559685&quot;:0,&quot;335559731&quot;:0,&quot;335559737&quot;:0,&quot;335562764&quot;:2,&quot;335562765&quot;:1,&quot;335562766&quot;:4,&quot;335562767&quot;:0,&quot;335562768&quot;:4,&quot;335562769&quot;:0}\">\u00a0<\/p><p data-ccp-props=\"{&quot;335551550&quot;:1,&quot;335551620&quot;:1,&quot;335559683&quot;:0,&quot;335559685&quot;:0,&quot;335559731&quot;:0,&quot;335559737&quot;:0,&quot;335562764&quot;:2,&quot;335562765&quot;:1,&quot;335562766&quot;:4,&quot;335562767&quot;:0,&quot;335562768&quot;:4,&quot;335562769&quot;:0}\">\u00a0<\/p><p data-ccp-props=\"{&quot;335551550&quot;:1,&quot;335551620&quot;:1,&quot;335559683&quot;:0,&quot;335559685&quot;:0,&quot;335559731&quot;:0,&quot;335559737&quot;:0,&quot;335562764&quot;:2,&quot;335562765&quot;:1,&quot;335562766&quot;:4,&quot;335562767&quot;:0,&quot;335562768&quot;:4,&quot;335562769&quot;:0}\">\u00a0<\/p><p data-ccp-props=\"{&quot;335551550&quot;:1,&quot;335551620&quot;:1,&quot;335559683&quot;:0,&quot;335559685&quot;:0,&quot;335559731&quot;:0,&quot;335559737&quot;:0,&quot;335562764&quot;:2,&quot;335562765&quot;:1,&quot;335562766&quot;:4,&quot;335562767&quot;:0,&quot;335562768&quot;:4,&quot;335562769&quot;:0}\">Olemme sitoutuneet digipalveluiden saavutettavuuden parantamiseen ja teemme jatkuvasti ty\u00f6t\u00e4 saavutettavuuden parantamiseksi!<\/p><p>\u00a0<\/p>\t\t\t\t\t\t\t\t<\/div>\n\t\t\t\t<\/div>\n\t\t\t\t<div class=\"elementor-element elementor-element-9099085 elementor-widget elementor-widget-heading\" data-id=\"9099085\" data-element_type=\"widget\" data-e-type=\"widget\" data-widget_type=\"heading.default\">\n\t\t\t\t<div class=\"elementor-widget-container\">\n\t\t\t\t\t<h1 class=\"elementor-heading-title elementor-size-default\">Digipalveluiden saavutettavuuden tila<\/h1>\t\t\t\t<\/div>\n\t\t\t\t<\/div>\n\t\t\t\t<div class=\"elementor-element elementor-element-3eb588f elementor-widget elementor-widget-text-editor\" data-id=\"3eb588f\" data-element_type=\"widget\" data-e-type=\"widget\" data-widget_type=\"text-editor.default\">\n\t\t\t\t<div class=\"elementor-widget-container\">\n\t\t\t\t\t\t\t\t\t<p>T\u00e4ytt\u00e4\u00e4 saavutettavuusvaatimukset\u00a0 vain osittain.<\/p>\t\t\t\t\t\t\t\t<\/div>\n\t\t\t\t<\/div>\n\t\t\t\t<div class=\"elementor-element elementor-element-b97f98d elementor-widget elementor-widget-heading\" data-id=\"b97f98d\" data-element_type=\"widget\" data-e-type=\"widget\" data-widget_type=\"heading.default\">\n\t\t\t\t<div class=\"elementor-widget-container\">\n\t\t\t\t\t<h2 class=\"elementor-heading-title elementor-size-default\">Huomasitko saavutettavuuspuutteen digipalvelussamme? Kerro se meille l\u00e4hett\u00e4m\u00e4ll\u00e4 s\u00e4hk\u00f6postia ja teemme parhaamme puutteen korjaamiseksi.<\/h2>\t\t\t\t<\/div>\n\t\t\t\t<\/div>\n\t\t\t\t<div class=\"elementor-element elementor-element-ec759bf elementor-widget elementor-widget-text-editor\" data-id=\"ec759bf\" data-element_type=\"widget\" data-e-type=\"widget\" data-widget_type=\"text-editor.default\">\n\t\t\t\t<div class=\"elementor-widget-container\">\n\t\t\t\t\t\t\t\t\t<p>vilma.lehtovaara [at] elinvoimakeskus .fi<\/p>\t\t\t\t\t\t\t\t<\/div>\n\t\t\t\t<\/div>\n\t\t\t\t<div class=\"elementor-element elementor-element-56ced8a elementor-widget elementor-widget-heading\" data-id=\"56ced8a\" data-element_type=\"widget\" data-e-type=\"widget\" data-widget_type=\"heading.default\">\n\t\t\t\t<div class=\"elementor-widget-container\">\n\t\t\t\t\t<h1 class=\"elementor-heading-title elementor-size-default\">Valvontaviranomainen<\/h1>\t\t\t\t<\/div>\n\t\t\t\t<\/div>\n\t\t\t\t<div class=\"elementor-element elementor-element-e62ed61 elementor-drop-cap-yes elementor-drop-cap-view-default elementor-widget elementor-widget-text-editor\" data-id=\"e62ed61\" data-element_type=\"widget\" data-e-type=\"widget\" data-settings=\"{&quot;drop_cap&quot;:&quot;yes&quot;}\" data-widget_type=\"text-editor.default\">\n\t\t\t\t<div class=\"elementor-widget-container\">\n\t\t\t\t\t\t\t\t\t<span lang=\"FI-FI\" xml:lang=\"FI-FI\" data-scheme-color=\"@FF0000,,\" data-usefontface=\"false\" data-contrast=\"none\">Jos huomaat sivustolla saavutettavuusongelmia, anna ensin palautetta meille eli sivuston yll\u00e4pit\u00e4j\u00e4lle. Vastauksessa voi menn\u00e4 14 p\u00e4iv\u00e4\u00e4. Jos et ole tyytyv\u00e4inen saamaasi vastaukseen tai et saa vastausta\u00a0<\/span><span lang=\"FI-FI\" xml:lang=\"FI-FI\" data-scheme-color=\"@FF0000,,\" data-usefontface=\"false\" data-contrast=\"none\">lainkaan kahden viikon aikana, voit <\/span>tehd\u00e4 ilmoituksen <span style=\"text-decoration: underline;\"><a href=\"https:\/\/www.saavutettavuusvaatimukset.fi\/kayttajan-oikeudet\/\" target=\"_blank\" rel=\"noopener\">Etel\u00e4-Suomen aluehallintovirastoon.<\/a><\/span><a href=\"https:\/\/www.saavutettavuusvaatimukset.fi\/kayttajan-oikeudet\/\" target=\"_blank\" rel=\"noopener\"><\/a> Etel\u00e4-Suomen aluehallintoviraston sivuilla kerrotaan tarkasti, miten valituksen voi tehd\u00e4 ja miten asia k\u00e4sitell\u00e4\u00e4n.\t\t\t\t\t\t\t\t<\/div>\n\t\t\t\t<\/div>\n\t\t\t\t<div class=\"elementor-element elementor-element-b4922b2 elementor-widget elementor-widget-heading\" data-id=\"b4922b2\" data-element_type=\"widget\" data-e-type=\"widget\" data-widget_type=\"heading.default\">\n\t\t\t\t<div class=\"elementor-widget-container\">\n\t\t\t\t\t<h1 class=\"elementor-heading-title elementor-size-default\">Valvontaviranomaisen yhteystiedot<\/h1>\t\t\t\t<\/div>\n\t\t\t\t<\/div>\n\t\t\t\t<div class=\"elementor-element elementor-element-013f966 elementor-widget elementor-widget-text-editor\" data-id=\"013f966\" data-element_type=\"widget\" data-e-type=\"widget\" data-widget_type=\"text-editor.default\">\n\t\t\t\t<div class=\"elementor-widget-container\">\n\t\t\t\t\t\t\t\t\t<p>Liikenne- ja viestint\u00e4virasto Traficom<br \/>Digitaalisen esteett\u00f6myyden ja saavutettavuuden valvontayksikk\u00f6<br \/>www.saavutettavuusvaatimukset.fi<br \/>saavutettavuus(at)traficom.fi<br \/>puhelinnumero vaihde 029 534 5000<\/p>\t\t\t\t\t\t\t\t<\/div>\n\t\t\t\t<\/div>\n\t\t\t\t\t<\/div>\n\t\t<\/div>\n\t\t\t\t\t<\/div>\n\t\t<\/section>\n\t\t\t\t<section class=\"elementor-section elementor-top-section elementor-element elementor-element-5f5e4251 elementor-section-boxed elementor-section-height-default elementor-section-height-default\" data-id=\"5f5e4251\" data-element_type=\"section\" data-e-type=\"section\">\n\t\t\t\t\t\t<div class=\"elementor-container elementor-column-gap-default\">\n\t\t\t\t\t<div class=\"elementor-column elementor-col-100 elementor-top-column elementor-element elementor-element-5a4f661f\" data-id=\"5a4f661f\" data-element_type=\"column\" data-e-type=\"column\">\n\t\t\t<div class=\"elementor-widget-wrap elementor-element-populated\">\n\t\t\t\t\t\t<div class=\"elementor-element elementor-element-1e71ec9 elementor-widget-divider--view-line_icon elementor-view-default elementor-widget-divider--element-align-center elementor-widget elementor-widget-divider\" data-id=\"1e71ec9\" data-element_type=\"widget\" data-e-type=\"widget\" data-widget_type=\"divider.default\">\n\t\t\t\t<div class=\"elementor-widget-container\">\n\t\t\t\t\t\t\t<div class=\"elementor-divider\">\n\t\t\t<span class=\"elementor-divider-separator\">\n\t\t\t\t\t\t\t<div class=\"elementor-icon elementor-divider__element\">\n\t\t\t\t\t<svg xmlns=\"http:\/\/www.w3.org\/2000\/svg\" xmlns:xlink=\"http:\/\/www.w3.org\/1999\/xlink\" id=\"Layer_1\" x=\"0px\" y=\"0px\" viewBox=\"0 0 435 641\" style=\"enable-background:new 0 0 435 641;\" xml:space=\"preserve\"><style type=\"text\/css\">\t.st0{fill:#44AA00;stroke:#44AA00;stroke-width:0.3;stroke-linecap:round;stroke-linejoin:round;}\t.st1{fill:#225500;stroke:#44AA00;stroke-width:0.3;stroke-linecap:round;stroke-linejoin:round;}<\/style><g id=\"g5955\" transform=\"matrix(.25282 0 0 .25282 111.22 499.31)\">\t<path id=\"path5957\" class=\"st0\" d=\"M939.81-830.58c-50.64,57.54-532.76,32.09-605.49,32.1c-52.82,0-424.77,23.88-439.23-32.1   c-19.91-77.08,241.15-524.33,277.51-593.74c26.41-50.4,193.62-417.21,244.85-403.02c70.55,19.54,291.61,492.24,327.98,561.65   C771.84-1215.3,976.57-872.37,939.81-830.58L939.81-830.58z\"><\/path>\t<path id=\"path5959\" class=\"st0\" d=\"M939.81-387.32c-50.64,57.54-532.76,32.09-605.49,32.1c-52.82,0-424.77,23.88-439.23-32.1   c-19.91-77.08,241.15-524.33,277.51-593.74c26.41-50.4,193.62-417.21,244.85-403.02c70.55,19.54,291.61,492.24,327.98,561.65   C771.84-772.04,976.57-429.11,939.81-387.32L939.81-387.32z\"><\/path>\t<path id=\"path5961\" class=\"st1\" d=\"M431.4-109.48c63.97,0,73.9,56.73,73.9,127.2l41.57,356.18c0,70.47-51.5,127.2-115.46,127.2   c-63.97,0-115.46-56.73-115.46-127.2L357.5,17.73C357.5-52.75,367.43-109.48,431.4-109.48L431.4-109.48z\"><\/path>\t<path id=\"path5963\" class=\"st0\" d=\"M939.81-24.65C889.18,32.88,407.05,7.44,334.32,7.44c-52.82,0-424.77,23.88-439.23-32.1   c-19.91-77.08,241.15-524.33,277.51-593.74c26.41-50.4,193.62-417.21,244.85-403.02c70.55,19.54,291.61,492.24,327.98,561.65   C771.84-409.38,976.57-66.44,939.81-24.65L939.81-24.65z\"><\/path><\/g><\/svg><\/div>\n\t\t\t\t\t\t<\/span>\n\t\t<\/div>\n\t\t\t\t\t\t<\/div>\n\t\t\t\t<\/div>\n\t\t\t\t\t<\/div>\n\t\t<\/div>\n\t\t\t\t\t<\/div>\n\t\t<\/section>\n\t\t\t\t<\/div>\n\t\t","protected":false},"excerpt":{"rendered":"<p>Pohjois-Karjalan biosf\u00e4\u00e4rialueen verkkosivujen saavutettavuus on joiltain osin keskener\u00e4inen ja kaikki toiminnot eiv\u00e4t viel\u00e4 ole standardien mukaisia. Pyrimme parantamaan saavutettavuutta. T\u00e4m\u00e4 saavutettavuusseloste koskee www.kareliabiosphere.fi -verkkopalvelua ja on p\u00e4ivitetty 29.12.2025. Palvelua koskee &hellip; <a href=\"https:\/\/kareliabiosphere.fi\/en\/saavutettavuusseloste\/\" class=\"more-link\">Continue reading <span class=\"screen-reader-text\">Saavutettavuusseloste<\/span><\/a><\/p>","protected":false},"author":1,"featured_media":9382,"parent":0,"menu_order":0,"comment_status":"closed","ping_status":"closed","template":"page-templates\/full-width-page.php","meta":{"footnotes":""},"class_list":["post-5356","page","type-page","status-publish","has-post-thumbnail","hentry"],"_links":{"self":[{"href":"https:\/\/kareliabiosphere.fi\/en\/wp-json\/wp\/v2\/pages\/5356","targetHints":{"allow":["GET"]}}],"collection":[{"href":"https:\/\/kareliabiosphere.fi\/en\/wp-json\/wp\/v2\/pages"}],"about":[{"href":"https:\/\/kareliabiosphere.fi\/en\/wp-json\/wp\/v2\/types\/page"}],"author":[{"embeddable":true,"href":"https:\/\/kareliabiosphere.fi\/en\/wp-json\/wp\/v2\/users\/1"}],"replies":[{"embeddable":true,"href":"https:\/\/kareliabiosphere.fi\/en\/wp-json\/wp\/v2\/comments?post=5356"}],"version-history":[{"count":20,"href":"https:\/\/kareliabiosphere.fi\/en\/wp-json\/wp\/v2\/pages\/5356\/revisions"}],"predecessor-version":[{"id":13234,"href":"https:\/\/kareliabiosphere.fi\/en\/wp-json\/wp\/v2\/pages\/5356\/revisions\/13234"}],"wp:featuredmedia":[{"embeddable":true,"href":"https:\/\/kareliabiosphere.fi\/en\/wp-json\/wp\/v2\/media\/9382"}],"wp:attachment":[{"href":"https:\/\/kareliabiosphere.fi\/en\/wp-json\/wp\/v2\/media?parent=5356"}],"curies":[{"name":"wp","href":"https:\/\/api.w.org\/{rel}","templated":true}]}}