{"id":64,"date":"2020-11-18T19:49:52","date_gmt":"2020-11-18T17:49:52","guid":{"rendered":"https:\/\/kareliabiosphere-fi.hel4.wp-cloud.dev\/?page_id=64"},"modified":"2025-12-29T17:13:29","modified_gmt":"2025-12-29T15:13:29","slug":"unesco-ja-mab-ohjelma","status":"publish","type":"page","link":"https:\/\/kareliabiosphere.fi\/en\/mika-on-biosfaarialue\/unesco-ja-mab-ohjelma\/","title":{"rendered":"UNESCO and the MaB Programme"},"content":{"rendered":"<div data-elementor-type=\"wp-page\" data-elementor-id=\"64\" class=\"elementor elementor-64\">\n\t\t\t\t\t\t<section class=\"elementor-section elementor-top-section elementor-element elementor-element-4216fe00 elementor-section-boxed elementor-section-height-default elementor-section-height-default\" data-id=\"4216fe00\" data-element_type=\"section\" data-e-type=\"section\">\n\t\t\t\t\t\t<div class=\"elementor-container elementor-column-gap-default\">\n\t\t\t\t\t<div class=\"elementor-column elementor-col-100 elementor-top-column elementor-element elementor-element-3762299d\" data-id=\"3762299d\" data-element_type=\"column\" data-e-type=\"column\">\n\t\t\t<div class=\"elementor-widget-wrap elementor-element-populated\">\n\t\t\t\t\t\t<div class=\"elementor-element elementor-element-5f32e60a elementor-widget-divider--view-line_icon elementor-view-default elementor-widget-divider--element-align-center elementor-widget elementor-widget-divider\" data-id=\"5f32e60a\" data-element_type=\"widget\" data-e-type=\"widget\" data-widget_type=\"divider.default\">\n\t\t\t\t<div class=\"elementor-widget-container\">\n\t\t\t\t\t\t\t<div class=\"elementor-divider\">\n\t\t\t<span class=\"elementor-divider-separator\">\n\t\t\t\t\t\t\t<div class=\"elementor-icon elementor-divider__element\">\n\t\t\t\t\t<svg xmlns=\"http:\/\/www.w3.org\/2000\/svg\" xmlns:xlink=\"http:\/\/www.w3.org\/1999\/xlink\" id=\"Layer_1\" x=\"0px\" y=\"0px\" viewbox=\"0 0 435 641\" style=\"enable-background:new 0 0 435 641;\" xml:space=\"preserve\"><style type=\"text\/css\">\t.st0{fill:#44AA00;stroke:#44AA00;stroke-width:0.3;stroke-linecap:round;stroke-linejoin:round;}\t.st1{fill:#225500;stroke:#44AA00;stroke-width:0.3;stroke-linecap:round;stroke-linejoin:round;}<\/style><g id=\"g5955\" transform=\"matrix(.25282 0 0 .25282 111.22 499.31)\">\t<path id=\"path5957\" class=\"st0\" d=\"M939.81-830.58c-50.64,57.54-532.76,32.09-605.49,32.1c-52.82,0-424.77,23.88-439.23-32.1   c-19.91-77.08,241.15-524.33,277.51-593.74c26.41-50.4,193.62-417.21,244.85-403.02c70.55,19.54,291.61,492.24,327.98,561.65   C771.84-1215.3,976.57-872.37,939.81-830.58L939.81-830.58z\"><\/path>\t<path id=\"path5959\" class=\"st0\" d=\"M939.81-387.32c-50.64,57.54-532.76,32.09-605.49,32.1c-52.82,0-424.77,23.88-439.23-32.1   c-19.91-77.08,241.15-524.33,277.51-593.74c26.41-50.4,193.62-417.21,244.85-403.02c70.55,19.54,291.61,492.24,327.98,561.65   C771.84-772.04,976.57-429.11,939.81-387.32L939.81-387.32z\"><\/path>\t<path id=\"path5961\" class=\"st1\" d=\"M431.4-109.48c63.97,0,73.9,56.73,73.9,127.2l41.57,356.18c0,70.47-51.5,127.2-115.46,127.2   c-63.97,0-115.46-56.73-115.46-127.2L357.5,17.73C357.5-52.75,367.43-109.48,431.4-109.48L431.4-109.48z\"><\/path>\t<path id=\"path5963\" class=\"st0\" d=\"M939.81-24.65C889.18,32.88,407.05,7.44,334.32,7.44c-52.82,0-424.77,23.88-439.23-32.1   c-19.91-77.08,241.15-524.33,277.51-593.74c26.41-50.4,193.62-417.21,244.85-403.02c70.55,19.54,291.61,492.24,327.98,561.65   C771.84-409.38,976.57-66.44,939.81-24.65L939.81-24.65z\"><\/path><\/g><\/svg><\/div>\n\t\t\t\t\t\t<\/span>\n\t\t<\/div>\n\t\t\t\t\t\t<\/div>\n\t\t\t\t<\/div>\n\t\t\t\t\t<\/div>\n\t\t<\/div>\n\t\t\t\t\t<\/div>\n\t\t<\/section>\n\t\t\t\t<section class=\"elementor-section elementor-top-section elementor-element elementor-element-2cbaa5c elementor-section-boxed elementor-section-height-default elementor-section-height-default\" data-id=\"2cbaa5c\" data-element_type=\"section\" data-e-type=\"section\">\n\t\t\t\t\t\t<div class=\"elementor-container elementor-column-gap-default\">\n\t\t\t\t\t<div class=\"elementor-column elementor-col-100 elementor-top-column elementor-element elementor-element-ab1c70c\" data-id=\"ab1c70c\" data-element_type=\"column\" data-e-type=\"column\">\n\t\t\t<div class=\"elementor-widget-wrap elementor-element-populated\">\n\t\t\t\t\t\t<div class=\"elementor-element elementor-element-616809b elementor-widget elementor-widget-image\" data-id=\"616809b\" data-element_type=\"widget\" data-e-type=\"widget\" data-widget_type=\"image.default\">\n\t\t\t\t<div class=\"elementor-widget-container\">\n\t\t\t\t\t\t\t\t\t\t\t\t\t\t\t<img fetchpriority=\"high\" decoding=\"async\" width=\"300\" height=\"228\" src=\"https:\/\/kareliabiosphere.fi\/wp-content\/uploads\/2025\/12\/mab_reserve_blue_eng-300x228.png\" class=\"attachment-medium size-medium wp-image-13213\" alt=\"Unesco logo\" srcset=\"https:\/\/kareliabiosphere.fi\/wp-content\/uploads\/2025\/12\/mab_reserve_blue_eng-300x228.png 300w, https:\/\/kareliabiosphere.fi\/wp-content\/uploads\/2025\/12\/mab_reserve_blue_eng-1024x777.png 1024w, https:\/\/kareliabiosphere.fi\/wp-content\/uploads\/2025\/12\/mab_reserve_blue_eng-768x583.png 768w, https:\/\/kareliabiosphere.fi\/wp-content\/uploads\/2025\/12\/mab_reserve_blue_eng-16x12.png 16w, https:\/\/kareliabiosphere.fi\/wp-content\/uploads\/2025\/12\/mab_reserve_blue_eng-200x152.png 200w, https:\/\/kareliabiosphere.fi\/wp-content\/uploads\/2025\/12\/mab_reserve_blue_eng-150x114.png 150w, https:\/\/kareliabiosphere.fi\/wp-content\/uploads\/2025\/12\/mab_reserve_blue_eng-547x415.png 547w, https:\/\/kareliabiosphere.fi\/wp-content\/uploads\/2025\/12\/mab_reserve_blue_eng-678x514.png 678w, https:\/\/kareliabiosphere.fi\/wp-content\/uploads\/2025\/12\/mab_reserve_blue_eng-524x397.png 524w, https:\/\/kareliabiosphere.fi\/wp-content\/uploads\/2025\/12\/mab_reserve_blue_eng-420x319.png 420w, https:\/\/kareliabiosphere.fi\/wp-content\/uploads\/2025\/12\/mab_reserve_blue_eng-444x337.png 444w, https:\/\/kareliabiosphere.fi\/wp-content\/uploads\/2025\/12\/mab_reserve_blue_eng-916x695.png 916w, https:\/\/kareliabiosphere.fi\/wp-content\/uploads\/2025\/12\/mab_reserve_blue_eng.png 1491w\" sizes=\"(max-width: 300px) 100vw, 300px\" \/>\t\t\t\t\t\t\t\t\t\t\t\t\t\t\t<\/div>\n\t\t\t\t<\/div>\n\t\t\t\t\t<\/div>\n\t\t<\/div>\n\t\t\t\t\t<\/div>\n\t\t<\/section>\n\t\t\t\t<section class=\"elementor-section elementor-top-section elementor-element elementor-element-9015bdf elementor-section-boxed elementor-section-height-default elementor-section-height-default\" data-id=\"9015bdf\" data-element_type=\"section\" data-e-type=\"section\">\n\t\t\t\t\t\t<div class=\"elementor-container elementor-column-gap-default\">\n\t\t\t\t\t<div class=\"elementor-column elementor-col-100 elementor-top-column elementor-element elementor-element-67e9ef9\" data-id=\"67e9ef9\" data-element_type=\"column\" data-e-type=\"column\">\n\t\t\t<div class=\"elementor-widget-wrap\">\n\t\t\t\t\t\t\t<\/div>\n\t\t<\/div>\n\t\t\t\t\t<\/div>\n\t\t<\/section>\n\t\t\t\t<section class=\"elementor-section elementor-top-section elementor-element elementor-element-a65efa8 elementor-section-height-min-height elementor-section-boxed elementor-section-height-default elementor-section-items-middle\" data-id=\"a65efa8\" data-element_type=\"section\" data-e-type=\"section\">\n\t\t\t\t\t\t<div class=\"elementor-container elementor-column-gap-narrow\">\n\t\t\t\t\t<div class=\"elementor-column elementor-col-100 elementor-top-column elementor-element elementor-element-4a7a31b\" data-id=\"4a7a31b\" data-element_type=\"column\" data-e-type=\"column\">\n\t\t\t<div class=\"elementor-widget-wrap elementor-element-populated\">\n\t\t\t\t\t\t<div class=\"elementor-element elementor-element-0d610f2 elementor-widget elementor-widget-text-editor\" data-id=\"0d610f2\" data-element_type=\"widget\" data-e-type=\"widget\" data-widget_type=\"text-editor.default\">\n\t\t\t\t<div class=\"elementor-widget-container\">\n\t\t\t\t\t\t\t\t\t<p>United Nations Educational, Scientific and Cultural Organization UNESCO is one of the United Nations specialised agencies. UNESCO\u2019s core task is to promote peacebuilding, poverty reduction, sustainable development and intercultural dialogue through education, science, culture and communication.<\/p><p>\u00a0<\/p>\t\t\t\t\t\t\t\t<\/div>\n\t\t\t\t<\/div>\n\t\t\t\t<div class=\"elementor-element elementor-element-a403c50 elementor-widget elementor-widget-text-editor\" data-id=\"a403c50\" data-element_type=\"widget\" data-e-type=\"widget\" data-widget_type=\"text-editor.default\">\n\t\t\t\t<div class=\"elementor-widget-container\">\n\t\t\t\t\t\t\t\t\t<p>UNESCO has five main themes to its programmes<\/p><p>- education<br \/>- natural sciences<br \/>- social and human sciences<br \/>- culture<br \/>- communication and information.<\/p><p>\u00a0<\/p>\t\t\t\t\t\t\t\t<\/div>\n\t\t\t\t<\/div>\n\t\t\t\t<div class=\"elementor-element elementor-element-08c7f00 elementor-widget elementor-widget-text-editor\" data-id=\"08c7f00\" data-element_type=\"widget\" data-e-type=\"widget\" data-widget_type=\"text-editor.default\">\n\t\t\t\t<div class=\"elementor-widget-container\">\n\t\t\t\t\t\t\t\t\t<p>UNESCO gives normative guidance through agreements and recommendations, as well as organises intergovernmental conferences and high-level political forums. UNESCO is perhaps best known for its World Heritage Sites. Organisation has several development cooperation programmes and science programmes. UNESCO is also an active publicist and statistician. UNESCO\u2019s international science programmes include, for example, International Geoscience and Geoparks Programme (IGGP) and Man and the Biosphere Programme (MaB).<\/p><p><br \/><br \/><\/p>\t\t\t\t\t\t\t\t<\/div>\n\t\t\t\t<\/div>\n\t\t\t\t<div class=\"elementor-element elementor-element-07af720 elementor-align-left elementor-mobile-align-center elementor-widget elementor-widget-button\" data-id=\"07af720\" data-element_type=\"widget\" data-e-type=\"widget\" data-settings=\"{&quot;_animation&quot;:&quot;none&quot;}\" data-widget_type=\"button.default\">\n\t\t\t\t<div class=\"elementor-widget-container\">\n\t\t\t\t\t\t\t\t\t<div class=\"elementor-button-wrapper\">\n\t\t\t\t\t<a class=\"elementor-button elementor-button-link elementor-size-xs\" href=\"https:\/\/www.unesco.org\/en\/mab\/wnbr\/about\">\n\t\t\t\t\t\t<span class=\"elementor-button-content-wrapper\">\n\t\t\t\t\t\t\t\t\t<span class=\"elementor-button-text\">UNESCO Biosphere Reserves<\/span>\n\t\t\t\t\t<\/span>\n\t\t\t\t\t<\/a>\n\t\t\t\t<\/div>\n\t\t\t\t\t\t\t\t<\/div>\n\t\t\t\t<\/div>\n\t\t\t\t\t<\/div>\n\t\t<\/div>\n\t\t\t\t\t<\/div>\n\t\t<\/section>\n\t\t\t\t<section class=\"elementor-section elementor-top-section elementor-element elementor-element-e651d3b elementor-section-full_width elementor-section-height-default elementor-section-height-default\" data-id=\"e651d3b\" data-element_type=\"section\" data-e-type=\"section\">\n\t\t\t\t\t\t<div class=\"elementor-container elementor-column-gap-default\">\n\t\t\t\t\t<div class=\"elementor-column elementor-col-100 elementor-top-column elementor-element elementor-element-3afe139\" data-id=\"3afe139\" data-element_type=\"column\" data-e-type=\"column\">\n\t\t\t<div class=\"elementor-widget-wrap elementor-element-populated\">\n\t\t\t\t\t\t<div class=\"elementor-element elementor-element-6d60256 elementor-widget-divider--view-line_icon elementor-view-default elementor-widget-divider--element-align-center elementor-widget elementor-widget-divider\" data-id=\"6d60256\" data-element_type=\"widget\" data-e-type=\"widget\" data-widget_type=\"divider.default\">\n\t\t\t\t<div class=\"elementor-widget-container\">\n\t\t\t\t\t\t\t<div class=\"elementor-divider\">\n\t\t\t<span class=\"elementor-divider-separator\">\n\t\t\t\t\t\t\t<div class=\"elementor-icon elementor-divider__element\">\n\t\t\t\t\t<svg xmlns=\"http:\/\/www.w3.org\/2000\/svg\" xmlns:xlink=\"http:\/\/www.w3.org\/1999\/xlink\" id=\"Layer_1\" x=\"0px\" y=\"0px\" viewbox=\"0 0 435 641\" style=\"enable-background:new 0 0 435 641;\" xml:space=\"preserve\"><style type=\"text\/css\">\t.st0{fill:#44AA00;stroke:#44AA00;stroke-width:0.3;stroke-linecap:round;stroke-linejoin:round;}\t.st1{fill:#225500;stroke:#44AA00;stroke-width:0.3;stroke-linecap:round;stroke-linejoin:round;}<\/style><g id=\"g5955\" transform=\"matrix(.25282 0 0 .25282 111.22 499.31)\">\t<path id=\"path5957\" class=\"st0\" d=\"M939.81-830.58c-50.64,57.54-532.76,32.09-605.49,32.1c-52.82,0-424.77,23.88-439.23-32.1   c-19.91-77.08,241.15-524.33,277.51-593.74c26.41-50.4,193.62-417.21,244.85-403.02c70.55,19.54,291.61,492.24,327.98,561.65   C771.84-1215.3,976.57-872.37,939.81-830.58L939.81-830.58z\"><\/path>\t<path id=\"path5959\" class=\"st0\" d=\"M939.81-387.32c-50.64,57.54-532.76,32.09-605.49,32.1c-52.82,0-424.77,23.88-439.23-32.1   c-19.91-77.08,241.15-524.33,277.51-593.74c26.41-50.4,193.62-417.21,244.85-403.02c70.55,19.54,291.61,492.24,327.98,561.65   C771.84-772.04,976.57-429.11,939.81-387.32L939.81-387.32z\"><\/path>\t<path id=\"path5961\" class=\"st1\" d=\"M431.4-109.48c63.97,0,73.9,56.73,73.9,127.2l41.57,356.18c0,70.47-51.5,127.2-115.46,127.2   c-63.97,0-115.46-56.73-115.46-127.2L357.5,17.73C357.5-52.75,367.43-109.48,431.4-109.48L431.4-109.48z\"><\/path>\t<path id=\"path5963\" class=\"st0\" d=\"M939.81-24.65C889.18,32.88,407.05,7.44,334.32,7.44c-52.82,0-424.77,23.88-439.23-32.1   c-19.91-77.08,241.15-524.33,277.51-593.74c26.41-50.4,193.62-417.21,244.85-403.02c70.55,19.54,291.61,492.24,327.98,561.65   C771.84-409.38,976.57-66.44,939.81-24.65L939.81-24.65z\"><\/path><\/g><\/svg><\/div>\n\t\t\t\t\t\t<\/span>\n\t\t<\/div>\n\t\t\t\t\t\t<\/div>\n\t\t\t\t<\/div>\n\t\t\t\t\t<\/div>\n\t\t<\/div>\n\t\t\t\t\t<\/div>\n\t\t<\/section>\n\t\t\t\t<section class=\"elementor-section elementor-top-section elementor-element elementor-element-861efec elementor-section-height-min-height elementor-section-boxed elementor-section-height-default elementor-section-items-middle\" data-id=\"861efec\" data-element_type=\"section\" data-e-type=\"section\">\n\t\t\t\t\t\t<div class=\"elementor-container elementor-column-gap-narrow\">\n\t\t\t\t\t<div class=\"elementor-column elementor-col-100 elementor-top-column elementor-element elementor-element-7fe76a3\" data-id=\"7fe76a3\" data-element_type=\"column\" data-e-type=\"column\">\n\t\t\t<div class=\"elementor-widget-wrap elementor-element-populated\">\n\t\t\t\t\t\t<div class=\"elementor-element elementor-element-1f9e0e4 elementor-widget elementor-widget-heading\" data-id=\"1f9e0e4\" data-element_type=\"widget\" data-e-type=\"widget\" data-widget_type=\"heading.default\">\n\t\t\t\t<div class=\"elementor-widget-container\">\n\t\t\t\t\t<h1 class=\"elementor-heading-title elementor-size-default\">Man and the Biosphere (MaB) programme<\/h1>\t\t\t\t<\/div>\n\t\t\t\t<\/div>\n\t\t\t\t<section class=\"elementor-section elementor-inner-section elementor-element elementor-element-5d7b2b5 elementor-section-boxed elementor-section-height-default elementor-section-height-default\" data-id=\"5d7b2b5\" data-element_type=\"section\" data-e-type=\"section\">\n\t\t\t\t\t\t<div class=\"elementor-container elementor-column-gap-default\">\n\t\t\t\t\t<div class=\"elementor-column elementor-col-50 elementor-inner-column elementor-element elementor-element-f0ad687\" data-id=\"f0ad687\" data-element_type=\"column\" data-e-type=\"column\">\n\t\t\t<div class=\"elementor-widget-wrap elementor-element-populated\">\n\t\t\t\t\t\t<div class=\"elementor-element elementor-element-3427b83 elementor-widget elementor-widget-image\" data-id=\"3427b83\" data-element_type=\"widget\" data-e-type=\"widget\" data-widget_type=\"image.default\">\n\t\t\t\t<div class=\"elementor-widget-container\">\n\t\t\t\t\t\t\t\t\t\t\t\t\t\t\t<img decoding=\"async\" width=\"150\" height=\"150\" src=\"https:\/\/kareliabiosphere.fi\/wp-content\/uploads\/2021\/01\/MaB_logo-150x150.png\" class=\"attachment-thumbnail size-thumbnail wp-image-6050\" alt=\"\" \/>\t\t\t\t\t\t\t\t\t\t\t\t\t\t\t<\/div>\n\t\t\t\t<\/div>\n\t\t\t\t\t<\/div>\n\t\t<\/div>\n\t\t\t\t<div class=\"elementor-column elementor-col-50 elementor-inner-column elementor-element elementor-element-8179917\" data-id=\"8179917\" data-element_type=\"column\" data-e-type=\"column\">\n\t\t\t<div class=\"elementor-widget-wrap elementor-element-populated\">\n\t\t\t\t\t\t<div class=\"elementor-element elementor-element-4a08252 elementor-widget elementor-widget-text-editor\" data-id=\"4a08252\" data-element_type=\"widget\" data-e-type=\"widget\" data-widget_type=\"text-editor.default\">\n\t\t\t\t<div class=\"elementor-widget-container\">\n\t\t\t\t\t\t\t\t\t<p>Man and the Biosphere (MaB) programme was launched in the 1970s. The MaB programme seeks to improve the relationship between people and the environment. In practice, this is implemented in biosphere reserves. They form a global network known as the World Network of Biosphere Reserves.<\/p><p>\u00a0<\/p>\t\t\t\t\t\t\t\t<\/div>\n\t\t\t\t<\/div>\n\t\t\t\t<div class=\"elementor-element elementor-element-18d9c86 elementor-align-left elementor-mobile-align-center elementor-widget elementor-widget-button\" data-id=\"18d9c86\" data-element_type=\"widget\" data-e-type=\"widget\" data-settings=\"{&quot;_animation&quot;:&quot;none&quot;}\" data-widget_type=\"button.default\">\n\t\t\t\t<div class=\"elementor-widget-container\">\n\t\t\t\t\t\t\t\t\t<div class=\"elementor-button-wrapper\">\n\t\t\t\t\t<a class=\"elementor-button elementor-button-link elementor-size-xs\" href=\"https:\/\/en.unesco.org\/mab\/strategy\">\n\t\t\t\t\t\t<span class=\"elementor-button-content-wrapper\">\n\t\t\t\t\t\t\t\t\t<span class=\"elementor-button-text\">The MaB Strategy<\/span>\n\t\t\t\t\t<\/span>\n\t\t\t\t\t<\/a>\n\t\t\t\t<\/div>\n\t\t\t\t\t\t\t\t<\/div>\n\t\t\t\t<\/div>\n\t\t\t\t<div class=\"elementor-element elementor-element-3074a3d elementor-align-left elementor-mobile-align-center elementor-widget elementor-widget-button\" data-id=\"3074a3d\" data-element_type=\"widget\" data-e-type=\"widget\" data-settings=\"{&quot;_animation&quot;:&quot;none&quot;}\" data-widget_type=\"button.default\">\n\t\t\t\t<div class=\"elementor-widget-container\">\n\t\t\t\t\t\t\t\t\t<div class=\"elementor-button-wrapper\">\n\t\t\t\t\t<a class=\"elementor-button elementor-button-link elementor-size-xs\" href=\"https:\/\/en.unesco.org\/mab\">\n\t\t\t\t\t\t<span class=\"elementor-button-content-wrapper\">\n\t\t\t\t\t\t\t\t\t<span class=\"elementor-button-text\">UNESCO MaB Programme<\/span>\n\t\t\t\t\t<\/span>\n\t\t\t\t\t<\/a>\n\t\t\t\t<\/div>\n\t\t\t\t\t\t\t\t<\/div>\n\t\t\t\t<\/div>\n\t\t\t\t\t<\/div>\n\t\t<\/div>\n\t\t\t\t\t<\/div>\n\t\t<\/section>\n\t\t\t\t\t<\/div>\n\t\t<\/div>\n\t\t\t\t\t<\/div>\n\t\t<\/section>\n\t\t\t\t<section class=\"elementor-section elementor-top-section elementor-element elementor-element-37d5dbe elementor-section-boxed elementor-section-height-default elementor-section-height-default\" data-id=\"37d5dbe\" data-element_type=\"section\" data-e-type=\"section\">\n\t\t\t\t\t\t<div class=\"elementor-container elementor-column-gap-default\">\n\t\t\t\t\t<div class=\"elementor-column elementor-col-100 elementor-top-column elementor-element elementor-element-91e99f7\" data-id=\"91e99f7\" data-element_type=\"column\" data-e-type=\"column\">\n\t\t\t<div class=\"elementor-widget-wrap elementor-element-populated\">\n\t\t\t\t\t\t<div class=\"elementor-element elementor-element-57cbc8e4 elementor-widget-divider--view-line_icon elementor-view-default elementor-widget-divider--element-align-center elementor-widget elementor-widget-divider\" data-id=\"57cbc8e4\" data-element_type=\"widget\" data-e-type=\"widget\" data-widget_type=\"divider.default\">\n\t\t\t\t<div class=\"elementor-widget-container\">\n\t\t\t\t\t\t\t<div class=\"elementor-divider\">\n\t\t\t<span class=\"elementor-divider-separator\">\n\t\t\t\t\t\t\t<div class=\"elementor-icon elementor-divider__element\">\n\t\t\t\t\t<svg xmlns=\"http:\/\/www.w3.org\/2000\/svg\" xmlns:xlink=\"http:\/\/www.w3.org\/1999\/xlink\" id=\"Layer_1\" x=\"0px\" y=\"0px\" viewbox=\"0 0 435 641\" style=\"enable-background:new 0 0 435 641;\" xml:space=\"preserve\"><style type=\"text\/css\">\t.st0{fill:#44AA00;stroke:#44AA00;stroke-width:0.3;stroke-linecap:round;stroke-linejoin:round;}\t.st1{fill:#225500;stroke:#44AA00;stroke-width:0.3;stroke-linecap:round;stroke-linejoin:round;}<\/style><g id=\"g5955\" transform=\"matrix(.25282 0 0 .25282 111.22 499.31)\">\t<path id=\"path5957\" class=\"st0\" d=\"M939.81-830.58c-50.64,57.54-532.76,32.09-605.49,32.1c-52.82,0-424.77,23.88-439.23-32.1   c-19.91-77.08,241.15-524.33,277.51-593.74c26.41-50.4,193.62-417.21,244.85-403.02c70.55,19.54,291.61,492.24,327.98,561.65   C771.84-1215.3,976.57-872.37,939.81-830.58L939.81-830.58z\"><\/path>\t<path id=\"path5959\" class=\"st0\" d=\"M939.81-387.32c-50.64,57.54-532.76,32.09-605.49,32.1c-52.82,0-424.77,23.88-439.23-32.1   c-19.91-77.08,241.15-524.33,277.51-593.74c26.41-50.4,193.62-417.21,244.85-403.02c70.55,19.54,291.61,492.24,327.98,561.65   C771.84-772.04,976.57-429.11,939.81-387.32L939.81-387.32z\"><\/path>\t<path id=\"path5961\" class=\"st1\" d=\"M431.4-109.48c63.97,0,73.9,56.73,73.9,127.2l41.57,356.18c0,70.47-51.5,127.2-115.46,127.2   c-63.97,0-115.46-56.73-115.46-127.2L357.5,17.73C357.5-52.75,367.43-109.48,431.4-109.48L431.4-109.48z\"><\/path>\t<path id=\"path5963\" class=\"st0\" d=\"M939.81-24.65C889.18,32.88,407.05,7.44,334.32,7.44c-52.82,0-424.77,23.88-439.23-32.1   c-19.91-77.08,241.15-524.33,277.51-593.74c26.41-50.4,193.62-417.21,244.85-403.02c70.55,19.54,291.61,492.24,327.98,561.65   C771.84-409.38,976.57-66.44,939.81-24.65L939.81-24.65z\"><\/path><\/g><\/svg><\/div>\n\t\t\t\t\t\t<\/span>\n\t\t<\/div>\n\t\t\t\t\t\t<\/div>\n\t\t\t\t<\/div>\n\t\t\t\t\t<\/div>\n\t\t<\/div>\n\t\t\t\t\t<\/div>\n\t\t<\/section>\n\t\t\t\t<\/div>","protected":false},"excerpt":{"rendered":"<p>Yhdistyneiden kansakuntien kasvatus-, tiede- ja kulttuurij\u00e4rjest\u00f6 UNESCO (United Nations Educational, Scientific and Cultural Organization) on YK:n alainen itsen\u00e4inen erityisj\u00e4rjest\u00f6. UNESCOn teht\u00e4v\u00e4n\u00e4 on edist\u00e4\u00e4 rauhan rakentamista, k\u00f6yhyyden v\u00e4hent\u00e4mist\u00e4, kest\u00e4v\u00e4\u00e4 kehityst\u00e4 ja &hellip; <a href=\"https:\/\/kareliabiosphere.fi\/en\/mika-on-biosfaarialue\/unesco-ja-mab-ohjelma\/\" class=\"more-link\">Continue reading <span class=\"screen-reader-text\">UNESCO and the MaB Programme<\/span><\/a><\/p>","protected":false},"author":1,"featured_media":9386,"parent":58,"menu_order":2,"comment_status":"closed","ping_status":"closed","template":"page-templates\/full-width-page.php","meta":{"footnotes":""},"class_list":["post-64","page","type-page","status-publish","has-post-thumbnail","hentry"],"_links":{"self":[{"href":"https:\/\/kareliabiosphere.fi\/en\/wp-json\/wp\/v2\/pages\/64","targetHints":{"allow":["GET"]}}],"collection":[{"href":"https:\/\/kareliabiosphere.fi\/en\/wp-json\/wp\/v2\/pages"}],"about":[{"href":"https:\/\/kareliabiosphere.fi\/en\/wp-json\/wp\/v2\/types\/page"}],"author":[{"embeddable":true,"href":"https:\/\/kareliabiosphere.fi\/en\/wp-json\/wp\/v2\/users\/1"}],"replies":[{"embeddable":true,"href":"https:\/\/kareliabiosphere.fi\/en\/wp-json\/wp\/v2\/comments?post=64"}],"version-history":[{"count":20,"href":"https:\/\/kareliabiosphere.fi\/en\/wp-json\/wp\/v2\/pages\/64\/revisions"}],"predecessor-version":[{"id":13219,"href":"https:\/\/kareliabiosphere.fi\/en\/wp-json\/wp\/v2\/pages\/64\/revisions\/13219"}],"up":[{"embeddable":true,"href":"https:\/\/kareliabiosphere.fi\/en\/wp-json\/wp\/v2\/pages\/58"}],"wp:featuredmedia":[{"embeddable":true,"href":"https:\/\/kareliabiosphere.fi\/en\/wp-json\/wp\/v2\/media\/9386"}],"wp:attachment":[{"href":"https:\/\/kareliabiosphere.fi\/en\/wp-json\/wp\/v2\/media?parent=64"}],"curies":[{"name":"wp","href":"https:\/\/api.w.org\/{rel}","templated":true}]}}