{"id":9109,"date":"2021-07-08T15:08:14","date_gmt":"2021-07-08T12:08:14","guid":{"rendered":"https:\/\/kareliabiosphere.fi\/?page_id=9109"},"modified":"2025-12-29T17:42:30","modified_gmt":"2025-12-29T15:42:30","slug":"fennoskandian-vihrea-vyohyke","status":"publish","type":"page","link":"https:\/\/kareliabiosphere.fi\/en\/toiminta\/verkostot\/fennoskandian-vihrea-vyohyke\/","title":{"rendered":"Green Belt of Fennoscandia"},"content":{"rendered":"\t\t<div data-elementor-type=\"wp-page\" data-elementor-id=\"9109\" class=\"elementor elementor-9109\">\n\t\t\t\t\t\t<section class=\"elementor-section elementor-top-section elementor-element elementor-element-631ae94 elementor-section-boxed elementor-section-height-default elementor-section-height-default\" data-id=\"631ae94\" data-element_type=\"section\" data-e-type=\"section\">\n\t\t\t\t\t\t<div class=\"elementor-container elementor-column-gap-default\">\n\t\t\t\t\t<div class=\"elementor-column elementor-col-100 elementor-top-column elementor-element elementor-element-46cdab4\" data-id=\"46cdab4\" data-element_type=\"column\" data-e-type=\"column\">\n\t\t\t<div class=\"elementor-widget-wrap elementor-element-populated\">\n\t\t\t\t\t\t<div class=\"elementor-element elementor-element-ad74526 elementor-widget elementor-widget-image\" data-id=\"ad74526\" data-element_type=\"widget\" data-e-type=\"widget\" data-widget_type=\"image.default\">\n\t\t\t\t<div class=\"elementor-widget-container\">\n\t\t\t\t\t\t\t\t\t\t\t\t\t\t\t<img fetchpriority=\"high\" decoding=\"async\" width=\"768\" height=\"1026\" src=\"https:\/\/kareliabiosphere.fi\/wp-content\/uploads\/2022\/01\/FVV_ja_EGB-768x1026.jpg\" class=\"attachment-medium_large size-medium_large wp-image-9318\" alt=\"\" srcset=\"https:\/\/kareliabiosphere.fi\/wp-content\/uploads\/2022\/01\/FVV_ja_EGB-768x1026.jpg 768w, https:\/\/kareliabiosphere.fi\/wp-content\/uploads\/2022\/01\/FVV_ja_EGB-225x300.jpg 225w, https:\/\/kareliabiosphere.fi\/wp-content\/uploads\/2022\/01\/FVV_ja_EGB-767x1024.jpg 767w, https:\/\/kareliabiosphere.fi\/wp-content\/uploads\/2022\/01\/FVV_ja_EGB-9x12.jpg 9w, https:\/\/kareliabiosphere.fi\/wp-content\/uploads\/2022\/01\/FVV_ja_EGB-150x200.jpg 150w, https:\/\/kareliabiosphere.fi\/wp-content\/uploads\/2022\/01\/FVV_ja_EGB-547x731.jpg 547w, https:\/\/kareliabiosphere.fi\/wp-content\/uploads\/2022\/01\/FVV_ja_EGB-678x906.jpg 678w, https:\/\/kareliabiosphere.fi\/wp-content\/uploads\/2022\/01\/FVV_ja_EGB-300x401.jpg 300w, https:\/\/kareliabiosphere.fi\/wp-content\/uploads\/2022\/01\/FVV_ja_EGB-524x700.jpg 524w, https:\/\/kareliabiosphere.fi\/wp-content\/uploads\/2022\/01\/FVV_ja_EGB-420x561.jpg 420w, https:\/\/kareliabiosphere.fi\/wp-content\/uploads\/2022\/01\/FVV_ja_EGB-444x593.jpg 444w, https:\/\/kareliabiosphere.fi\/wp-content\/uploads\/2022\/01\/FVV_ja_EGB.jpg 828w\" sizes=\"(max-width: 768px) 100vw, 768px\" \/>\t\t\t\t\t\t\t\t\t\t\t\t\t\t\t<\/div>\n\t\t\t\t<\/div>\n\t\t\t\t\t<\/div>\n\t\t<\/div>\n\t\t\t\t\t<\/div>\n\t\t<\/section>\n\t\t\t\t<section class=\"elementor-section elementor-top-section elementor-element elementor-element-2db4bfd elementor-section-boxed elementor-section-height-default elementor-section-height-default\" data-id=\"2db4bfd\" data-element_type=\"section\" data-e-type=\"section\">\n\t\t\t\t\t\t<div class=\"elementor-container elementor-column-gap-default\">\n\t\t\t\t\t<div class=\"elementor-column elementor-col-100 elementor-top-column elementor-element elementor-element-ab5da96\" data-id=\"ab5da96\" data-element_type=\"column\" data-e-type=\"column\">\n\t\t\t<div class=\"elementor-widget-wrap elementor-element-populated\">\n\t\t\t\t\t\t<div class=\"elementor-element elementor-element-6555e9a elementor-widget elementor-widget-heading\" data-id=\"6555e9a\" data-element_type=\"widget\" data-e-type=\"widget\" data-widget_type=\"heading.default\">\n\t\t\t\t<div class=\"elementor-widget-container\">\n\t\t\t\t\t<h2 class=\"elementor-heading-title elementor-size-default\">Fennoskandian vihre\u00e4n vy\u00f6hykkeen Karjalan ty\u00f6valiokunta <\/h2>\t\t\t\t<\/div>\n\t\t\t\t<\/div>\n\t\t\t\t\t<\/div>\n\t\t<\/div>\n\t\t\t\t\t<\/div>\n\t\t<\/section>\n\t\t\t\t<section class=\"elementor-section elementor-top-section elementor-element elementor-element-d533b59 elementor-section-boxed elementor-section-height-default elementor-section-height-default\" data-id=\"d533b59\" data-element_type=\"section\" data-e-type=\"section\">\n\t\t\t\t\t\t<div class=\"elementor-container elementor-column-gap-default\">\n\t\t\t\t\t<div class=\"elementor-column elementor-col-100 elementor-top-column elementor-element elementor-element-c7f31b5\" data-id=\"c7f31b5\" data-element_type=\"column\" data-e-type=\"column\">\n\t\t\t<div class=\"elementor-widget-wrap elementor-element-populated\">\n\t\t\t\t\t\t<div class=\"elementor-element elementor-element-a34a67a elementor-widget elementor-widget-heading\" data-id=\"a34a67a\" data-element_type=\"widget\" data-e-type=\"widget\" data-widget_type=\"heading.default\">\n\t\t\t\t<div class=\"elementor-widget-container\">\n\t\t\t\t\t<h2 class=\"elementor-heading-title elementor-size-default\">Fennoskandian vihre\u00e4 vy\u00f6hyke ja Karjalan alue  <\/h2>\t\t\t\t<\/div>\n\t\t\t\t<\/div>\n\t\t\t\t\t<\/div>\n\t\t<\/div>\n\t\t\t\t\t<\/div>\n\t\t<\/section>\n\t\t\t\t<section class=\"elementor-section elementor-top-section elementor-element elementor-element-ecef51c elementor-section-boxed elementor-section-height-default elementor-section-height-default\" data-id=\"ecef51c\" data-element_type=\"section\" data-e-type=\"section\">\n\t\t\t\t\t\t<div class=\"elementor-container elementor-column-gap-default\">\n\t\t\t\t\t<div class=\"elementor-column elementor-col-100 elementor-top-column elementor-element elementor-element-994d035\" data-id=\"994d035\" data-element_type=\"column\" data-e-type=\"column\">\n\t\t\t<div class=\"elementor-widget-wrap elementor-element-populated\">\n\t\t\t\t\t\t<div class=\"elementor-element elementor-element-8c92f63 elementor-widget elementor-widget-text-editor\" data-id=\"8c92f63\" data-element_type=\"widget\" data-e-type=\"widget\" data-widget_type=\"text-editor.default\">\n\t\t\t\t<div class=\"elementor-widget-container\">\n\t\t\t\t\t\t\t\t\t<p>Suomen, Ven\u00e4j\u00e4n ja Norjan raja-alueen luonto, kulttuuri ja talous antavat yhdess\u00e4 vahvan pohjan alueen kest\u00e4v\u00e4lle ja vastuulliselle kehitt\u00e4miselle. Fennoskandian vihre\u00e4n vy\u00f6hykkeen tavoitteena on kehitt\u00e4\u00e4 laajalla yhteisty\u00f6ll\u00e4 raja-alueen alueen luonnon suojelua ja k\u00e4ytt\u00f6\u00e4, alueen taloutta, sek\u00e4 kulttuuria ja yhteis\u00f6j\u00e4 niin, ett\u00e4 alue tulee tunnetuksi kest\u00e4vien arvojen ja niit\u00e4 kunnioittavan kehityksen kokonaisvaltaisena mallina. Fennoskandian vihre\u00e4 vy\u00f6hyke on osa Euroopan vihre\u00e4\u00e4 vy\u00f6hykett\u00e4.<\/p>\n<p><\/p>\n<p>Fennoskandian vihre\u00e4n vy\u00f6hykkeen Karjalan ty\u00f6valiokunta toimii ovat Pohjois-Pohjanmaan, Kainuun ja Pohjois-Karjalan maakunnissa.<\/p>\n<p>Lapissa ja Kaakkois-Suomessa on omat alueelliset ty\u00f6valiokunnat.<\/p>\n<p><\/p>\n<p>Fennoskandian vihre\u00e4n vy\u00f6hykkeen kansallisia toimia koordinoi ymp\u00e4rist\u00f6ministeri\u00f6.<\/p>\n<p><\/p>\n<p><b>Karjalan ty\u00f6valiokunta on toimijoiden yhteisty\u00f6elin, joka <br><\/b><\/p>\n<p><b>&nbsp;<\/b><\/p>\n<p>&#8211; edist\u00e4\u00e4 ymp\u00e4rist\u00f6-, matkailu-, kulttuuri- ja luonnonvara-alojen yhteisty\u00f6t\u00e4 sek\u00e4 maakuntien v\u00e4lill\u00e4 ett\u00e4 Karjalan tasavallan toimijoiden kanssa <br>parantaa toiminta-alueen kest\u00e4v\u00e4n kehityksen imagoa, tunnettuutta ja rahoituksen saatavuutta <br>&#8211; on osa organisaatioiden v\u00e4list\u00e4, ylimaakunnallista ja valtioidenv\u00e4list\u00e4 vuorovaikutusverkkoa, jonka tulokset ja hy\u00f6dyt siirtyv\u00e4t paikallistasolle <br>&#8211; edist\u00e4\u00e4 Agenda 2030 tavoitteita, kuten sosiaalista kest\u00e4vyytt\u00e4, ilmastokest\u00e4vyytt\u00e4 ja luonnon monimuotoisuutta.<\/p>\n<p><\/p>\n<p><b>Ty\u00f6valiokunnan toiminta<\/b><\/p>\n<p><b>&nbsp;<\/b><\/p>\n<p>Ty\u00f6valiokunta k\u00e4sittelee alueen yhteisi\u00e4 asioita ja edist\u00e4\u00e4 niit\u00e4. Ty\u00f6valiokunnassa on edustettuna 32 toiminta-alueen yhteis\u00f6\u00e4 ja kuntaa (kev\u00e4t 2021). J\u00e4seni\u00e4 ja varaj\u00e4seni\u00e4 on yhteens\u00e4 yli 50. Sihteerist\u00f6ss\u00e4 on tavoitteena olla edustus kaikista alueen maakunnista.<\/p>\n<p>Ty\u00f6valiokunnan keskeiset toimet ovat tiedonv\u00e4litys sek\u00e4 osapuolten yhteisty\u00f6n aktivointi ja tukeminen, joka mahdollistaa laaja-alaisen yhteisty\u00f6n hankkeiden ja muun toiminnan muodossa. Toiminnan ytimess\u00e4 ovat luontomatkailu, monimuotoisuuden suojelu, biotalous, kiertotalous, osaaminen ja kulttuuri.<\/p>\n<p><\/p>\n<p><b>K\u00e4rkitavoitteiksi on m\u00e4\u00e4ritelty<\/b><\/p>\n<p><b>&nbsp;<\/b><\/p>\n<p>\u2022&nbsp;&nbsp; &nbsp;Ylimaakunnallisen toiminnan edist\u00e4minen ja statuksen hakeminen verkostolle suhteessa eri rahoitusmahdollisuuksiin ja ohjelmiin <br>\u2022&nbsp;&nbsp; &nbsp;Ydinteemojen sek\u00e4 kehitysideoiden (k\u00e4rkihankkeet) edist\u00e4minen <br>\u2022&nbsp;&nbsp; &nbsp;Toiminnan tunnetuksi tekeminen ja tiedotuksen kehitt\u00e4minen<\/p>\n<p><\/p>\n<p><b>Toimintatavat <br><\/b><\/p>\n<p><b>&nbsp;<\/b><\/p>\n<p>\u201dYhteisty\u00f6 on vahvaa ja eri tahot kantavat vastuuta\u201d: Asioiden eteneminen varmistetaan k\u00e4rkitoimenpiteill\u00e4, joista esitt\u00e4j\u00e4taho ottaa vetovastuun&nbsp;<\/p>\n<p><\/p>\n<p>Ydinteemojen, kuten luonto- ja kulttuurimatkailun edist\u00e4minen: toiminta-alueelle tarvitaan isoja ja vaikuttavia kehityshankkeita ja runsaasti k\u00e4yt\u00e4nn\u00f6n yhteisty\u00f6t\u00e4 (mm. tapahtumien, viestinn\u00e4n ja markkinoinnin kehitt\u00e4minen rajan molemmin puolin).<\/p>\n<p><\/p>\n<p>Monipuolinen tiedottaminen: <br>&nbsp;&nbsp;&nbsp;&nbsp;&nbsp;&nbsp;&nbsp;&nbsp; &#8211; j\u00e4senist\u00f6n organisaatioiden sis\u00e4lt\u00e4 viestiminen (ei omaa verkkosivua) ja ty\u00f6valiokunnan j\u00e4senet tiedottavat omilla viestint\u00e4kanavillaan <br>&nbsp;&nbsp;&nbsp;&nbsp;&nbsp;&nbsp;&nbsp;&nbsp; &#8211; tiedotteet v\u00e4litet\u00e4\u00e4n monikanavaisesti my\u00f6s sosiaalista mediaa hy\u00f6dynt\u00e4en <br>&nbsp;&nbsp;&nbsp;&nbsp;&nbsp;&nbsp;&nbsp;&nbsp; &#8211; rahoitushakuja varten hoidetaan tietoa ty\u00f6valiokunnan saataville ennakoivasti<\/p>\n<p><\/p>\n<p>Ty\u00f6valiokunta kokoontuu noin 3 krt vuodessa ja sihteerist\u00f6 kokoontuu tarvittaessa. <br>&nbsp;&nbsp;&nbsp;&nbsp;&nbsp;&nbsp;&nbsp;&nbsp; &#8211; Ty\u00f6valiokunnan toiminta kehittyy tunnistettujen tarpeiden mukaisesti.<\/p>\n<p><b>&nbsp;<\/b><\/p>\n<p><\/p>\t\t\t\t\t\t\t\t<\/div>\n\t\t\t\t<\/div>\n\t\t\t\t<div class=\"elementor-element elementor-element-1e363dd elementor-widget elementor-widget-image\" data-id=\"1e363dd\" data-element_type=\"widget\" data-e-type=\"widget\" data-widget_type=\"image.default\">\n\t\t\t\t<div class=\"elementor-widget-container\">\n\t\t\t\t\t\t\t\t\t\t\t\t\t\t\t<img decoding=\"async\" width=\"768\" height=\"470\" src=\"https:\/\/kareliabiosphere.fi\/wp-content\/uploads\/2022\/01\/AADSC00555_p-768x470.jpg\" class=\"attachment-medium_large size-medium_large wp-image-9317\" alt=\"Fennoskandian vihre\u00e4n vy\u00f6hykkeen j\u00e4senet seisovat ryhm\u00e4n\u00e4\" srcset=\"https:\/\/kareliabiosphere.fi\/wp-content\/uploads\/2022\/01\/AADSC00555_p-768x470.jpg 768w, https:\/\/kareliabiosphere.fi\/wp-content\/uploads\/2022\/01\/AADSC00555_p-300x184.jpg 300w, https:\/\/kareliabiosphere.fi\/wp-content\/uploads\/2022\/01\/AADSC00555_p-1024x627.jpg 1024w, https:\/\/kareliabiosphere.fi\/wp-content\/uploads\/2022\/01\/AADSC00555_p-18x12.jpg 18w, https:\/\/kareliabiosphere.fi\/wp-content\/uploads\/2022\/01\/AADSC00555_p-200x122.jpg 200w, https:\/\/kareliabiosphere.fi\/wp-content\/uploads\/2022\/01\/AADSC00555_p-150x92.jpg 150w, https:\/\/kareliabiosphere.fi\/wp-content\/uploads\/2022\/01\/AADSC00555_p-547x335.jpg 547w, https:\/\/kareliabiosphere.fi\/wp-content\/uploads\/2022\/01\/AADSC00555_p-678x415.jpg 678w, https:\/\/kareliabiosphere.fi\/wp-content\/uploads\/2022\/01\/AADSC00555_p-524x321.jpg 524w, https:\/\/kareliabiosphere.fi\/wp-content\/uploads\/2022\/01\/AADSC00555_p-420x257.jpg 420w, https:\/\/kareliabiosphere.fi\/wp-content\/uploads\/2022\/01\/AADSC00555_p-444x272.jpg 444w, https:\/\/kareliabiosphere.fi\/wp-content\/uploads\/2022\/01\/AADSC00555_p-916x561.jpg 916w, https:\/\/kareliabiosphere.fi\/wp-content\/uploads\/2022\/01\/AADSC00555_p.jpg 1500w\" sizes=\"(max-width: 768px) 100vw, 768px\" \/>\t\t\t\t\t\t\t\t\t\t\t\t\t\t\t<\/div>\n\t\t\t\t<\/div>\n\t\t\t\t\t<\/div>\n\t\t<\/div>\n\t\t\t\t\t<\/div>\n\t\t<\/section>\n\t\t\t\t<section class=\"elementor-section elementor-top-section elementor-element elementor-element-ef1a970 elementor-section-boxed elementor-section-height-default elementor-section-height-default\" data-id=\"ef1a970\" data-element_type=\"section\" data-e-type=\"section\">\n\t\t\t\t\t\t<div class=\"elementor-container elementor-column-gap-default\">\n\t\t\t\t\t<div class=\"elementor-column elementor-col-100 elementor-top-column elementor-element elementor-element-a73c284\" data-id=\"a73c284\" data-element_type=\"column\" data-e-type=\"column\">\n\t\t\t<div class=\"elementor-widget-wrap elementor-element-populated\">\n\t\t\t\t\t\t<div class=\"elementor-element elementor-element-632d703 elementor-widget elementor-widget-text-editor\" data-id=\"632d703\" data-element_type=\"widget\" data-e-type=\"widget\" data-widget_type=\"text-editor.default\">\n\t\t\t\t<div class=\"elementor-widget-container\">\n\t\t\t\t\t\t\t\t\t<p><b>Ota yhteytt\u00e4<\/b><\/p><p><b>\u00a0<\/b><\/p><p><b>Tytti M\u00e4\u00e4tt\u00e4 &#8211; Kuhmon kaupunginjohtaja (pj)<\/b><br \/>tytti.maatta [at] kuhmo.fi<br \/>+358 (0)44 7255 220<\/p><p><b>Veikko Virkkunen &#8211; Mets\u00e4hallitus (sihteeri)<\/b><br \/>veikko.virkkunen [at] metsa.fi<br \/>+358 (0)40 765 5153<\/p><p><b>Jukka Nyk\u00e4nen &#8211; Pohjois-Karjalan maakuntaliitto (sihteeri)<\/b><br \/>jukka.nykanen [at] pohjois-karjala.fi<br \/>+358 (0)50 412 0717<\/p><p><b>Vilma Lehtovaara Pohjois-Karjalan ELY-keskus\/Pohjois-Karjalan biosf\u00e4\u00e4rialue (sihteeri)<\/b><br \/>vilma.lehtovaara [at] ely-keskus.fi<br \/>+358 295 026 034<\/p><p>\u00a0<\/p><p>\u00a0<\/p><p>Seuraa meit\u00e4<\/p><p>#vihre\u00e4vy\u00f6hyke #greenbelt<\/p><p>\u00a0<\/p><p>\u00a0<\/p><p><b>FENNOSKANDIAN VIHRE\u00c4 VY\u00d6HYKE, Karjalan alueen ty\u00f6valiokunta &#8211; mukana olevat tahot<\/b><\/p><p>1.\u00a0\u00a0 \u00a0Askan Matkailupalvelut Oy<br \/>2.\u00a0\u00a0 \u00a0Ilomantsin kunta<br \/>3.\u00a0\u00a0 \u00a0Ilomantsin matkailuyhdistys<br \/>4.\u00a0\u00a0 \u00a0Id\u00e4n Taiga ry <br \/>5.\u00a0\u00a0 \u00a0It\u00e4-Suomen yliopisto<br \/>6.\u00a0\u00a0 \u00a0Joensuun kaupunki<br \/>7.\u00a0\u00a0 \u00a0Juminkeko-s\u00e4\u00e4ti\u00f6<br \/>8.\u00a0\u00a0 \u00a0Kainuun ELY-keskus<br \/>9.\u00a0\u00a0 \u00a0Kainuun liitto<br \/>10.\u00a0\u00a0 \u00a0Kiteen kaupunki<br \/>11.\u00a0\u00a0 \u00a0Kuhmon kaupunki<br \/>12.\u00a0\u00a0 \u00a0Kuusamon kaupunki<br \/>13.\u00a0\u00a0 \u00a0Lieksan kaupunki<br \/>14.\u00a0\u00a0 \u00a0Luonnonvarakeskus<br \/>15.\u00a0\u00a0 \u00a0Mets\u00e4hallitus, Luontopalvelut, J\u00e4rvi-Suomi<br \/>16.\u00a0\u00a0 \u00a0Mets\u00e4hallitus, Luontopalvelut, Pohjanmaa-Kainuu<br \/>17.\u00a0\u00a0 \u00a0Mets\u00e4keskus\u00a0 \u00a0<br \/>18.\u00a0\u00a0 \u00a0Mustarinda<br \/>19.\u00a0\u00a0 \u00a0Nurmes\u00a0\u00a0 \u00a0<br \/>20.\u00a0\u00a0 \u00a0Ouluj\u00e4rvi Leader<br \/>21.\u00a0\u00a0 \u00a0Paltamon kunta<br \/>22.\u00a0\u00a0 \u00a0Pohjois-Karjalan ELY-keskus<br \/>23.\u00a0\u00a0 \u00a0Pohjois-Karjalan maakuntaliitto <br \/>24.\u00a0\u00a0 \u00a0Pohjois-Karjalan Mets\u00e4nhoitoyhdistys<br \/>25.\u00a0\u00a0 \u00a0Karelia-ammattikorkeakoulu<br \/>26.\u00a0\u00a0 \u00a0Pohjois-Pohjanmaan liitto <br \/>27.\u00a0\u00a0 \u00a0Suomen luonnonsuojeluliiton Kainuun piiri <br \/>28.\u00a0\u00a0 \u00a0Suomen luonnonsuojeluliiton Pohjois-Karjalan piiri<br \/>29.\u00a0\u00a0 \u00a0Suomen luonnonsuojeluliiton Pohjois-Pohjanmaan piiri <br \/>30.\u00a0\u00a0 \u00a0Suomussalmen kunta<br \/>31.\u00a0\u00a0 \u00a0Taivalkosken kunta<br \/>32.\u00a0\u00a0 \u00a0Yst\u00e4vyyden puiston tutkimuskeskus\/Suomen ymp\u00e4rist\u00f6keskus<\/p>\t\t\t\t\t\t\t\t<\/div>\n\t\t\t\t<\/div>\n\t\t\t\t\t<\/div>\n\t\t<\/div>\n\t\t\t\t\t<\/div>\n\t\t<\/section>\n\t\t\t\t<\/div>\n\t\t","protected":false},"excerpt":{"rendered":"<p>Fennoskandian vihre\u00e4n vy\u00f6hykkeen Karjalan ty\u00f6valiokunta Fennoskandian vihre\u00e4 vy\u00f6hyke ja Karjalan alue Suomen, Ven\u00e4j\u00e4n ja Norjan raja-alueen luonto, kulttuuri ja talous antavat yhdess\u00e4 vahvan pohjan alueen kest\u00e4v\u00e4lle ja vastuulliselle kehitt\u00e4miselle. Fennoskandian &hellip; <a href=\"https:\/\/kareliabiosphere.fi\/en\/toiminta\/verkostot\/fennoskandian-vihrea-vyohyke\/\" class=\"more-link\">Continue reading <span class=\"screen-reader-text\">Green Belt of Fennoscandia<\/span><\/a><\/p>","protected":false},"author":1,"featured_media":9261,"parent":2431,"menu_order":0,"comment_status":"closed","ping_status":"closed","template":"page-templates\/full-width-page.php","meta":{"footnotes":""},"class_list":["post-9109","page","type-page","status-publish","has-post-thumbnail","hentry"],"_links":{"self":[{"href":"https:\/\/kareliabiosphere.fi\/en\/wp-json\/wp\/v2\/pages\/9109","targetHints":{"allow":["GET"]}}],"collection":[{"href":"https:\/\/kareliabiosphere.fi\/en\/wp-json\/wp\/v2\/pages"}],"about":[{"href":"https:\/\/kareliabiosphere.fi\/en\/wp-json\/wp\/v2\/types\/page"}],"author":[{"embeddable":true,"href":"https:\/\/kareliabiosphere.fi\/en\/wp-json\/wp\/v2\/users\/1"}],"replies":[{"embeddable":true,"href":"https:\/\/kareliabiosphere.fi\/en\/wp-json\/wp\/v2\/comments?post=9109"}],"version-history":[{"count":18,"href":"https:\/\/kareliabiosphere.fi\/en\/wp-json\/wp\/v2\/pages\/9109\/revisions"}],"predecessor-version":[{"id":9324,"href":"https:\/\/kareliabiosphere.fi\/en\/wp-json\/wp\/v2\/pages\/9109\/revisions\/9324"}],"up":[{"embeddable":true,"href":"https:\/\/kareliabiosphere.fi\/en\/wp-json\/wp\/v2\/pages\/2431"}],"wp:featuredmedia":[{"embeddable":true,"href":"https:\/\/kareliabiosphere.fi\/en\/wp-json\/wp\/v2\/media\/9261"}],"wp:attachment":[{"href":"https:\/\/kareliabiosphere.fi\/en\/wp-json\/wp\/v2\/media?parent=9109"}],"curies":[{"name":"wp","href":"https:\/\/api.w.org\/{rel}","templated":true}]}}