{"id":9435,"date":"2022-01-21T10:21:36","date_gmt":"2022-01-21T08:21:36","guid":{"rendered":"https:\/\/kareliabiosphere.fi\/?page_id=9435"},"modified":"2026-02-04T10:05:24","modified_gmt":"2026-02-04T08:05:24","slug":"materiaalipankki","status":"publish","type":"page","link":"https:\/\/kareliabiosphere.fi\/en\/materiaalipankki\/","title":{"rendered":"Materiaalipankki"},"content":{"rendered":"<div data-elementor-type=\"wp-page\" data-elementor-id=\"9435\" class=\"elementor elementor-9435\">\n\t\t\t\t\t\t<section class=\"elementor-section elementor-top-section elementor-element elementor-element-02e207a elementor-section-boxed elementor-section-height-default elementor-section-height-default\" data-id=\"02e207a\" data-element_type=\"section\" data-e-type=\"section\">\n\t\t\t\t\t\t<div class=\"elementor-container elementor-column-gap-default\">\n\t\t\t\t\t<div class=\"elementor-column elementor-col-100 elementor-top-column elementor-element elementor-element-14ca860\" data-id=\"14ca860\" data-element_type=\"column\" data-e-type=\"column\">\n\t\t\t<div class=\"elementor-widget-wrap elementor-element-populated\">\n\t\t\t\t\t\t<div class=\"elementor-element elementor-element-e163c54 elementor-widget elementor-widget-heading\" data-id=\"e163c54\" data-element_type=\"widget\" data-e-type=\"widget\" data-widget_type=\"heading.default\">\n\t\t\t\t<div class=\"elementor-widget-container\">\n\t\t\t\t\t<h2 class=\"elementor-heading-title elementor-size-large\">Pohjois-Karjalan biosf\u00e4\u00e4rialueen 10-vuotisraportti Unescolle (Periodic Review)<\/h2>\t\t\t\t<\/div>\n\t\t\t\t<\/div>\n\t\t\t\t\t<\/div>\n\t\t<\/div>\n\t\t\t\t\t<\/div>\n\t\t<\/section>\n\t\t\t\t<section class=\"elementor-section elementor-top-section elementor-element elementor-element-8e17a9a elementor-section-boxed elementor-section-height-default elementor-section-height-default\" data-id=\"8e17a9a\" data-element_type=\"section\" data-e-type=\"section\">\n\t\t\t\t\t\t<div class=\"elementor-container elementor-column-gap-default\">\n\t\t\t\t\t<div class=\"elementor-column elementor-col-50 elementor-top-column elementor-element elementor-element-3fc3ace\" data-id=\"3fc3ace\" data-element_type=\"column\" data-e-type=\"column\">\n\t\t\t<div class=\"elementor-widget-wrap elementor-element-populated\">\n\t\t\t\t\t\t<div class=\"elementor-element elementor-element-4fff4ce elementor-align-left elementor-mobile-align-center elementor-widget__width-initial elementor-widget elementor-widget-button\" data-id=\"4fff4ce\" data-element_type=\"widget\" data-e-type=\"widget\" data-settings=\"{&quot;_animation&quot;:&quot;none&quot;}\" data-widget_type=\"button.default\">\n\t\t\t\t<div class=\"elementor-widget-container\">\n\t\t\t\t\t\t\t\t\t<div class=\"elementor-button-wrapper\">\n\t\t\t\t\t<a class=\"elementor-button elementor-button-link elementor-size-xs\" href=\"https:\/\/www.doria.fi\/handle\/10024\/193569\">\n\t\t\t\t\t\t<span class=\"elementor-button-content-wrapper\">\n\t\t\t\t\t\t\t\t\t<span class=\"elementor-button-text\">Periodic Review of North Karelia Biosphere Reserve 2010\u20132022 (doria.fi)<\/span>\n\t\t\t\t\t<\/span>\n\t\t\t\t\t<\/a>\n\t\t\t\t<\/div>\n\t\t\t\t\t\t\t\t<\/div>\n\t\t\t\t<\/div>\n\t\t\t\t\t<\/div>\n\t\t<\/div>\n\t\t\t\t<div class=\"elementor-column elementor-col-50 elementor-top-column elementor-element elementor-element-ac8795d\" data-id=\"ac8795d\" data-element_type=\"column\" data-e-type=\"column\">\n\t\t\t<div class=\"elementor-widget-wrap elementor-element-populated\">\n\t\t\t\t\t\t<div class=\"elementor-element elementor-element-9a3a76c elementor-widget elementor-widget-text-editor\" data-id=\"9a3a76c\" data-element_type=\"widget\" data-e-type=\"widget\" data-widget_type=\"text-editor.default\">\n\t\t\t\t<div class=\"elementor-widget-container\">\n\t\t\t\t\t\t\t\t\t<p>Pohjois-Karjalan biosf\u00e4\u00e4rialueen 10-vuotisraportti Unescolle vuosille 2010-2022 on julkaistu Doria.fi -palvelussa. Raportti on englanninkielinen &#8221;Report for the Periodic Review of North Karelia Biosphere Reserve : Report for 2010\u20132022&#8221;.<\/p>\t\t\t\t\t\t\t\t<\/div>\n\t\t\t\t<\/div>\n\t\t\t\t\t<\/div>\n\t\t<\/div>\n\t\t\t\t\t<\/div>\n\t\t<\/section>\n\t\t\t\t<section class=\"elementor-section elementor-top-section elementor-element elementor-element-6cfef59 elementor-section-boxed elementor-section-height-default elementor-section-height-default\" data-id=\"6cfef59\" data-element_type=\"section\" data-e-type=\"section\">\n\t\t\t\t\t\t<div class=\"elementor-container elementor-column-gap-default\">\n\t\t\t\t\t<div class=\"elementor-column elementor-col-100 elementor-top-column elementor-element elementor-element-25f016e\" data-id=\"25f016e\" data-element_type=\"column\" data-e-type=\"column\">\n\t\t\t<div class=\"elementor-widget-wrap elementor-element-populated\">\n\t\t\t\t\t\t<div class=\"elementor-element elementor-element-9091731 elementor-widget elementor-widget-heading\" data-id=\"9091731\" data-element_type=\"widget\" data-e-type=\"widget\" data-widget_type=\"heading.default\">\n\t\t\t\t<div class=\"elementor-widget-container\">\n\t\t\t\t\t<h2 class=\"elementor-heading-title elementor-size-large\">Opinn\u00e4ytet\u00f6it\u00e4 biosf\u00e4\u00e4rialueesta<\/h2>\t\t\t\t<\/div>\n\t\t\t\t<\/div>\n\t\t\t\t\t<\/div>\n\t\t<\/div>\n\t\t\t\t\t<\/div>\n\t\t<\/section>\n\t\t\t\t<\/div>","protected":false},"excerpt":{"rendered":"<p>Pohjois-Karjalan biosf\u00e4\u00e4rialueen 10-vuotisraportti Unescolle (Periodic Review) Periodic Review of North Karelia Biosphere Reserve 2010\u20132022 (doria.fi) Pohjois-Karjalan biosf\u00e4\u00e4rialueen 10-vuotisraportti Unescolle vuosille 2010-2022 on julkaistu Doria.fi -palvelussa. Raportti on englanninkielinen &#8221;Report for &hellip; <a href=\"https:\/\/kareliabiosphere.fi\/en\/materiaalipankki\/\" class=\"more-link\">Continue reading <span class=\"screen-reader-text\">Materiaalipankki<\/span><\/a><\/p>","protected":false},"author":1,"featured_media":3744,"parent":0,"menu_order":0,"comment_status":"closed","ping_status":"closed","template":"","meta":{"footnotes":""},"class_list":["post-9435","page","type-page","status-publish","has-post-thumbnail","hentry"],"_links":{"self":[{"href":"https:\/\/kareliabiosphere.fi\/en\/wp-json\/wp\/v2\/pages\/9435","targetHints":{"allow":["GET"]}}],"collection":[{"href":"https:\/\/kareliabiosphere.fi\/en\/wp-json\/wp\/v2\/pages"}],"about":[{"href":"https:\/\/kareliabiosphere.fi\/en\/wp-json\/wp\/v2\/types\/page"}],"author":[{"embeddable":true,"href":"https:\/\/kareliabiosphere.fi\/en\/wp-json\/wp\/v2\/users\/1"}],"replies":[{"embeddable":true,"href":"https:\/\/kareliabiosphere.fi\/en\/wp-json\/wp\/v2\/comments?post=9435"}],"version-history":[{"count":7,"href":"https:\/\/kareliabiosphere.fi\/en\/wp-json\/wp\/v2\/pages\/9435\/revisions"}],"predecessor-version":[{"id":13292,"href":"https:\/\/kareliabiosphere.fi\/en\/wp-json\/wp\/v2\/pages\/9435\/revisions\/13292"}],"wp:featuredmedia":[{"embeddable":true,"href":"https:\/\/kareliabiosphere.fi\/en\/wp-json\/wp\/v2\/media\/3744"}],"wp:attachment":[{"href":"https:\/\/kareliabiosphere.fi\/en\/wp-json\/wp\/v2\/media?parent=9435"}],"curies":[{"name":"wp","href":"https:\/\/api.w.org\/{rel}","templated":true}]}}